{"id":887,"date":"2023-03-05T15:11:19","date_gmt":"2023-03-05T15:11:19","guid":{"rendered":"https:\/\/delaila.ee\/massaaz\/?page_id=887"},"modified":"2023-03-06T14:42:06","modified_gmt":"2023-03-06T14:42:06","slug":"https-delaila-ee-tantra","status":"publish","type":"page","link":"https:\/\/delaila.ee\/massaaz\/lugemist\/https-delaila-ee-tantra\/","title":{"rendered":"Tantra"},"content":{"rendered":"\n<p><strong>Tantra,<\/strong>&nbsp;iidne India uskumuss\u00fcsteem koos seda toetavate praktikatega, on ligikaudu 5000 aastat vana.<\/p>\n\n\n\n<p>Tantristliku k\u00e4sitluse j\u00e4rgi on v\u00f5imalik muuta kogu Elu spirituaalseks praktikaks, veelgi enam \u2013&nbsp;<strong>tantra \u00fchendab spirituaalsuse ja seksuaalsuse<\/strong>. Tantra vaatab maailma l\u00e4bi energia ja vibratsiooni tasandi, olles&nbsp;elufilosoofia, mis seksuaalenergiat rakendades laiendab teadlikkust ning loob ekstaasikogemuse.&nbsp;<\/p>\n\n\n\n<p><strong>Tantra kirjeldab Universumit, kui energiate v\u00f5rgustikku, kus k\u00f5ik on vastastikuses seoses.<\/strong>&nbsp;Sinu teod ja k\u00f5ik, millest Sa \u00fcmbritsetud oled: keskkond, toit, mida Sa s\u00f6\u00f6d, Sinu s\u00f5brad, perekond, m\u00f5tted, emotsioonid, p\u00e4ike, kuu ja l\u00f5puks kogu Universum m\u00f5jutavad Sind igap\u00e4evaselt. Paljud inimesed ei ole teadlikud nendest j\u00f5ududest, mis ometi v\u00e4ga oluliselt m\u00f5jutavad meie elu. Tantra pakub v\u00f5imalust saada teadlikuks Universumi toimimisest ja universaalsetest \u201cloodusseadustest\u201d ning seel\u00e4bi on k\u00f5igil v\u00f5imalik oma elukvaliteeti igal tasandil parandada.<\/p>\n\n\n\n<p><strong>Tantra on mittedualistlik,<\/strong>&nbsp;ta ei jaga maailma vastasteks \u2013 heaks ja halvaks. P\u00fc\u00fceldakse selle poole, et v\u00f5tta k\u00f5ike elus toimuvat t\u00e4ieliku aksepteerimisega kui kogemust, mida inimesena l\u00e4bi elada ja mille l\u00e4bi areneda. Eesm\u00e4rgiks elada armastuses, harmoonias, aktsepteerimises ja t\u00e4ielikus kohalolus.<\/p>\n\n\n\n<p><strong>Tantra p\u00f5hieesm\u00e4rk on viia meid rahuloluni ehk \u00e4rkvelolekuni ning iga hetke nautimiseni ja seda mitte ainult seksuaalelus.<\/strong><\/p>\n\n\n\n<p>Tantristlik filosoofia sobib oma paindlikkuse t\u00f5ttu k\u00f5igile, see ei eelda midagi \u00fcliinimlikku, vaid alustab siitsamast, kust me oleme \u2013 meie kehast \u2013 t\u00e4pselt sellisena nagu see meile antud on ning sellelt tasemelt, mis iga\u00fchele sobib.&nbsp; Inimkeha k\u00e4sitleb tantra kui templit, mida kohelda austuse, hoole ja armastusega, et see saaks meid parimal v\u00f5imalikul viisil n\u00f6 teenida.<\/p>\n\n\n\n<p><strong>Tantrat \u00f5petatakse laias laastus kahel tasandil:<\/strong><\/p>\n\n\n\n<p><strong>Esimene tase<\/strong>&nbsp;on s\u00fcgavamatele ning p\u00fchendunud praktiseerijatele ehk neile, kellel on t\u00f5sine siht spirituaalselt areneda. Tantrat kutsutakse isegi valgustumise kiirteeks, sest \u00f6eldakse, et tantristliku praktikaga j\u00f5uab v\u00e4ga kiiresti samasse kohta kui n\u00e4iteks 10-20-aastase mediteerimisega.<\/p>\n\n\n\n<p><strong>Teine ning lihtsam tase<\/strong>, mida kutsutakse ka neo-tantraks, seab eesm\u00e4rgiks tuua inimese ellu rohkem armastust ning naudinguid, tervendada emotsioonaalset ja f\u00fc\u00fcsilist keha, parandada k\u00f5ikv\u00f5imalikke suhteid ning maksimaalselt realiseerida oma isiklik potentsiaal selles maapealses elus.<\/p>\n\n\n\n<p><strong>Minu kokkupuude tantraga<\/strong>&nbsp;sai alguse \u00fchelt sissejuhatavalt tantramassaa\u017ei\u00f5htult, mille sisuks oli puudutamise \u00f5petamine. L\u00e4ksin kohale ilma igasuguste ootusteta ja eelteadmisteta. See kogemus, mille osaliseks sain, ei j\u00e4tnud aga enam muud v\u00f5imalust kui teemasse s\u00fcvitsi sisse minna. Seisund, mida kogesin, oli enneolematu ning erinev minu k\u00f5ikidest varsematest teadmistest ja \u00fclimalt praktilistest, \u201coma silm on kuningas\u201d stiilis veendumustest.<\/p>\n\n\n\n<p>T\u00e4na saan \u00f6elda, et see \u00f5htu kujunes minu jaoks elumuutvaks, olles v\u00e4ravaks teekonnale, mis viis mind kokku oma s\u00fcgavama olemusega \u2013 \u00f5petades kohalolu, rahu, teadlikkust, \u00f5nneseisundit, armastust ja aktsepteerimist.&nbsp;&nbsp;Usaldades oma sisetunnet ja tasapisi lahti rulluvat teerada sai minust \u00fcsna peatselt tantramassaa\u017ei terapeut. Ja r\u00e4nnak j\u00e4tkub!<\/p>\n\n\n\n<p><strong>Tantrat<\/strong>&nbsp;seostatakse valdavalt seksiga, nn idamaise kamasutraga. See pole otseselt ei \u00f5ige ega vale. \u00dchelt poolt on tantra lai \u00f5petus, mis h\u00f5lmab kogu universumi eksisteerimist ja n\u00e4htava maailma k\u00f5rval ka silmaga n\u00e4htamatuid vibratsioone ning energiaid. Teiselt poolt \u00f5petab tantra seda, kuidas inimese\/Universumi energiad t\u00f6\u00f6tavad, kuidas neid oma elu loomiseks kasutada ning sealjuures ei j\u00e4\u00e4 k\u00f5rvale ka seksuaalenergia kui \u00fcks v\u00f5imsamaid energiate seas \u2013 olles neist ainus, mis on suuteline looma Elu.&nbsp;<strong>Pigem saab \u00f6elda nii, et tantra on filosoofia, mis ei tauni seksuaalsust ja seksi, vaid kaasab need v\u00f5rdv\u00e4\u00e4rsena muude praktikatega (meditatsioon, jooga, hingamistehnikad, puhastustehnikad jne).<\/strong><\/p>\n\n\n\n<p>\u201cEnergia, mis r\u00f5hutab seksi, on energia, mis toonitab elu: see&nbsp;<em>ongi<\/em>&nbsp;elu!\u201d (Neale Donald Walsch).<\/p>\n\n\n\n<p>Et enamik inimeste hoiakud seksi suhtes on kujunenud ihade ja soovide allasurumise, piirangute, tabude ja h\u00e4bitunde taustal, siis on ka nende eluenergia vaba voolamine&nbsp;takistatud.&nbsp;Blokeeritud eluenergia v\u00e4ljendub kehas l\u00e4bi erinevate emotsionaalsete ja f\u00fc\u00fcsiliste h\u00e4irete ning haiguste. Minu poolt pakutavad teraapiad tegelevadki eelk\u00f5ige kinnij\u00e4\u00e4nud energiate ja blokeeringute vabastamisega, et eluj\u00f5ud saaks vabas voolata. Viin l\u00e4bi peamiselt tantramassaa\u017ei seansse, kuid sinna k\u00f5rvale on aja jooksul tekkinud ka muud eluenergiat aktiveerivad teraapiad.<\/p>\n\n\n\n<p><br>Kuidas tantramassaa\u017ei abil end tervendada saab, loe palun&nbsp;<a href=\"https:\/\/delaila.ee\/massaaz\/teraapia\/tantramassaaz\/\">siit<\/a>.<\/p>\n\n\n\n<p>Tantrakursuste ja -s\u00fcndmuste kohta saad lisainfot&nbsp;<strong>Tantratants<\/strong>&nbsp;kogukonna lehelt<a href=\"http:\/\/www.tantratants.ee\/\"><strong>&nbsp;www.tantratants.ee<\/strong><\/a><\/p>\n","protected":false},"excerpt":{"rendered":"<p>Tantra,&nbsp;iidne India uskumuss\u00fcsteem koos seda toetavate praktikatega, on ligikaudu 5000 aastat vana. Tantristliku k\u00e4sitluse j\u00e4rgi on v\u00f5imalik muuta kogu Elu spirituaalseks praktikaks, veelgi enam \u2013&nbsp;tantra \u00fchendab spirituaalsuse ja seksuaalsuse. Tantra vaatab maailma l\u00e4bi energia ja vibratsiooni tasandi, olles&nbsp;elufilosoofia, mis seksuaalenergiat rakendades laiendab teadlikkust ning loob ekstaasikogemuse.&nbsp; Tantra kirjeldab Universumit, kui energiate v\u00f5rgustikku, kus k\u00f5ik on <a class=\"read-more\" href=\"https:\/\/delaila.ee\/massaaz\/lugemist\/https-delaila-ee-tantra\/\">Loe edasi&#8230;<\/a><\/p>\n","protected":false},"author":1,"featured_media":0,"parent":884,"menu_order":1,"comment_status":"closed","ping_status":"closed","template":"","meta":{"_exactmetrics_skip_tracking":false,"_exactmetrics_sitenote_active":false,"_exactmetrics_sitenote_note":"","_exactmetrics_sitenote_category":0,"footnotes":""},"class_list":["post-887","page","type-page","status-publish","hentry"],"yoast_head":"<!-- This site is optimized with the Yoast SEO plugin v26.6 - https:\/\/yoast.com\/wordpress\/plugins\/seo\/ -->\n<title>Tantra - Delaila O&Uuml;<\/title>\n<meta name=\"robots\" content=\"index, follow, max-snippet:-1, max-image-preview:large, max-video-preview:-1\" \/>\n<link rel=\"canonical\" href=\"https:\/\/delaila.ee\/massaaz\/lugemist\/https-delaila-ee-tantra\/\" \/>\n<meta property=\"og:locale\" content=\"et_EE\" \/>\n<meta property=\"og:type\" content=\"article\" \/>\n<meta property=\"og:title\" content=\"Tantra - Delaila O&Uuml;\" \/>\n<meta property=\"og:description\" content=\"Tantra,&nbsp;iidne India uskumuss\u00fcsteem koos seda toetavate praktikatega, on ligikaudu 5000 aastat vana. Tantristliku k\u00e4sitluse j\u00e4rgi on v\u00f5imalik muuta kogu Elu spirituaalseks praktikaks, veelgi enam \u2013&nbsp;tantra \u00fchendab spirituaalsuse ja seksuaalsuse. Tantra vaatab maailma l\u00e4bi energia ja vibratsiooni tasandi, olles&nbsp;elufilosoofia, mis seksuaalenergiat rakendades laiendab teadlikkust ning loob ekstaasikogemuse.&nbsp; Tantra kirjeldab Universumit, kui energiate v\u00f5rgustikku, kus k\u00f5ik on Loe edasi...\" \/>\n<meta property=\"og:url\" content=\"https:\/\/delaila.ee\/massaaz\/lugemist\/https-delaila-ee-tantra\/\" \/>\n<meta property=\"og:site_name\" content=\"Delaila O&Uuml;\" \/>\n<meta property=\"article:modified_time\" content=\"2023-03-06T14:42:06+00:00\" \/>\n<meta name=\"twitter:card\" content=\"summary_large_image\" \/>\n<meta name=\"twitter:label1\" content=\"Est. reading time\" \/>\n\t<meta name=\"twitter:data1\" content=\"3 minutit\" \/>\n<script type=\"application\/ld+json\" class=\"yoast-schema-graph\">{\"@context\":\"https:\/\/schema.org\",\"@graph\":[{\"@type\":\"WebPage\",\"@id\":\"https:\/\/delaila.ee\/massaaz\/lugemist\/https-delaila-ee-tantra\/\",\"url\":\"https:\/\/delaila.ee\/massaaz\/lugemist\/https-delaila-ee-tantra\/\",\"name\":\"Tantra - Delaila O&Uuml;\",\"isPartOf\":{\"@id\":\"https:\/\/delaila.ee\/massaaz\/#website\"},\"datePublished\":\"2023-03-05T15:11:19+00:00\",\"dateModified\":\"2023-03-06T14:42:06+00:00\",\"breadcrumb\":{\"@id\":\"https:\/\/delaila.ee\/massaaz\/lugemist\/https-delaila-ee-tantra\/#breadcrumb\"},\"inLanguage\":\"et\",\"potentialAction\":[{\"@type\":\"ReadAction\",\"target\":[\"https:\/\/delaila.ee\/massaaz\/lugemist\/https-delaila-ee-tantra\/\"]}]},{\"@type\":\"BreadcrumbList\",\"@id\":\"https:\/\/delaila.ee\/massaaz\/lugemist\/https-delaila-ee-tantra\/#breadcrumb\",\"itemListElement\":[{\"@type\":\"ListItem\",\"position\":1,\"name\":\"Home\",\"item\":\"https:\/\/delaila.ee\/massaaz\/\"},{\"@type\":\"ListItem\",\"position\":2,\"name\":\"Lugemist\",\"item\":\"https:\/\/delaila.ee\/massaaz\/lugemist\/\"},{\"@type\":\"ListItem\",\"position\":3,\"name\":\"Tantra\"}]},{\"@type\":\"WebSite\",\"@id\":\"https:\/\/delaila.ee\/massaaz\/#website\",\"url\":\"https:\/\/delaila.ee\/massaaz\/\",\"name\":\"Delaila O&Uuml;\",\"description\":\"Massaa\u017ei- ja teraapiatuba\",\"potentialAction\":[{\"@type\":\"SearchAction\",\"target\":{\"@type\":\"EntryPoint\",\"urlTemplate\":\"https:\/\/delaila.ee\/massaaz\/?s={search_term_string}\"},\"query-input\":{\"@type\":\"PropertyValueSpecification\",\"valueRequired\":true,\"valueName\":\"search_term_string\"}}],\"inLanguage\":\"et\"}]}<\/script>\n<!-- \/ Yoast SEO plugin. -->","yoast_head_json":{"title":"Tantra - Delaila O&Uuml;","robots":{"index":"index","follow":"follow","max-snippet":"max-snippet:-1","max-image-preview":"max-image-preview:large","max-video-preview":"max-video-preview:-1"},"canonical":"https:\/\/delaila.ee\/massaaz\/lugemist\/https-delaila-ee-tantra\/","og_locale":"et_EE","og_type":"article","og_title":"Tantra - Delaila O&Uuml;","og_description":"Tantra,&nbsp;iidne India uskumuss\u00fcsteem koos seda toetavate praktikatega, on ligikaudu 5000 aastat vana. Tantristliku k\u00e4sitluse j\u00e4rgi on v\u00f5imalik muuta kogu Elu spirituaalseks praktikaks, veelgi enam \u2013&nbsp;tantra \u00fchendab spirituaalsuse ja seksuaalsuse. Tantra vaatab maailma l\u00e4bi energia ja vibratsiooni tasandi, olles&nbsp;elufilosoofia, mis seksuaalenergiat rakendades laiendab teadlikkust ning loob ekstaasikogemuse.&nbsp; Tantra kirjeldab Universumit, kui energiate v\u00f5rgustikku, kus k\u00f5ik on Loe edasi...","og_url":"https:\/\/delaila.ee\/massaaz\/lugemist\/https-delaila-ee-tantra\/","og_site_name":"Delaila O&Uuml;","article_modified_time":"2023-03-06T14:42:06+00:00","twitter_card":"summary_large_image","twitter_misc":{"Est. reading time":"3 minutit"},"schema":{"@context":"https:\/\/schema.org","@graph":[{"@type":"WebPage","@id":"https:\/\/delaila.ee\/massaaz\/lugemist\/https-delaila-ee-tantra\/","url":"https:\/\/delaila.ee\/massaaz\/lugemist\/https-delaila-ee-tantra\/","name":"Tantra - Delaila O&Uuml;","isPartOf":{"@id":"https:\/\/delaila.ee\/massaaz\/#website"},"datePublished":"2023-03-05T15:11:19+00:00","dateModified":"2023-03-06T14:42:06+00:00","breadcrumb":{"@id":"https:\/\/delaila.ee\/massaaz\/lugemist\/https-delaila-ee-tantra\/#breadcrumb"},"inLanguage":"et","potentialAction":[{"@type":"ReadAction","target":["https:\/\/delaila.ee\/massaaz\/lugemist\/https-delaila-ee-tantra\/"]}]},{"@type":"BreadcrumbList","@id":"https:\/\/delaila.ee\/massaaz\/lugemist\/https-delaila-ee-tantra\/#breadcrumb","itemListElement":[{"@type":"ListItem","position":1,"name":"Home","item":"https:\/\/delaila.ee\/massaaz\/"},{"@type":"ListItem","position":2,"name":"Lugemist","item":"https:\/\/delaila.ee\/massaaz\/lugemist\/"},{"@type":"ListItem","position":3,"name":"Tantra"}]},{"@type":"WebSite","@id":"https:\/\/delaila.ee\/massaaz\/#website","url":"https:\/\/delaila.ee\/massaaz\/","name":"Delaila O&Uuml;","description":"Massaa\u017ei- ja teraapiatuba","potentialAction":[{"@type":"SearchAction","target":{"@type":"EntryPoint","urlTemplate":"https:\/\/delaila.ee\/massaaz\/?s={search_term_string}"},"query-input":{"@type":"PropertyValueSpecification","valueRequired":true,"valueName":"search_term_string"}}],"inLanguage":"et"}]}},"_links":{"self":[{"href":"https:\/\/delaila.ee\/massaaz\/wp-json\/wp\/v2\/pages\/887","targetHints":{"allow":["GET"]}}],"collection":[{"href":"https:\/\/delaila.ee\/massaaz\/wp-json\/wp\/v2\/pages"}],"about":[{"href":"https:\/\/delaila.ee\/massaaz\/wp-json\/wp\/v2\/types\/page"}],"author":[{"embeddable":true,"href":"https:\/\/delaila.ee\/massaaz\/wp-json\/wp\/v2\/users\/1"}],"replies":[{"embeddable":true,"href":"https:\/\/delaila.ee\/massaaz\/wp-json\/wp\/v2\/comments?post=887"}],"version-history":[{"count":4,"href":"https:\/\/delaila.ee\/massaaz\/wp-json\/wp\/v2\/pages\/887\/revisions"}],"predecessor-version":[{"id":992,"href":"https:\/\/delaila.ee\/massaaz\/wp-json\/wp\/v2\/pages\/887\/revisions\/992"}],"up":[{"embeddable":true,"href":"https:\/\/delaila.ee\/massaaz\/wp-json\/wp\/v2\/pages\/884"}],"wp:attachment":[{"href":"https:\/\/delaila.ee\/massaaz\/wp-json\/wp\/v2\/media?parent=887"}],"curies":[{"name":"wp","href":"https:\/\/api.w.org\/{rel}","templated":true}]}}