{"id":884,"date":"2023-03-05T15:10:29","date_gmt":"2023-03-05T15:10:29","guid":{"rendered":"https:\/\/delaila.ee\/massaaz\/?page_id=884"},"modified":"2023-03-06T14:48:20","modified_gmt":"2023-03-06T14:48:20","slug":"lugemist","status":"publish","type":"page","link":"https:\/\/delaila.ee\/massaaz\/lugemist\/","title":{"rendered":"Lugemist"},"content":{"rendered":"\n<p><strong>Minu kokkupuude tantraga<\/strong>&nbsp;sai alguse \u00fchelt sissejuhatavalt tantramassaa\u017ei\u00f5htult, mille sisuks oli puudutamise \u00f5petamine. L\u00e4ksin kohale ilma igasuguste ootusteta ja eelteadmisteta. See kogemus, mille osaliseks sain, ei j\u00e4tnud aga enam muud v\u00f5imalust kui teemasse s\u00fcvitsi sisse minna. Seisund, mida kogesin, oli enneolematu ning erinev minu k\u00f5ikidest varsematest teadmistest ja \u00fclimalt praktilistest, \u201coma silm on kuningas\u201d stiilis veendumustest.<\/p>\n\n\n\n<p>T\u00e4na saan \u00f6elda, et see \u00f5htu kujunes minu jaoks elumuutvaks, olles v\u00e4ravaks teekonnale, mis viis mind kokku oma s\u00fcgavama olemusega \u2013 \u00f5petades kohalolu, rahu, teadlikkust, \u00f5nneseisundit, armastust ja aktsepteerimist.&nbsp;&nbsp;Usaldades oma sisetunnet ja tasapisi lahti rulluvat teerada sai minust \u00fcsna peatselt tantramassaa\u017ei terapeut. Ja r\u00e4nnak j\u00e4tkub!<\/p>\n\n\n\n<p><strong>Tantrat<\/strong>&nbsp;seostatakse valdavalt seksiga, nn idamaise kamasutraga. See pole otseselt ei \u00f5ige ega vale. \u00dchelt poolt on tantra lai \u00f5petus, mis h\u00f5lmab kogu universumi eksisteerimist ja n\u00e4htava maailma k\u00f5rval ka silmaga n\u00e4htamatuid vibratsioone ning energiaid. Teiselt poolt \u00f5petab tantra seda, kuidas inimese\/Universumi energiad t\u00f6\u00f6tavad, kuidas neid oma elu loomiseks kasutada ning sealjuures ei j\u00e4\u00e4 k\u00f5rvale ka seksuaalenergia kui \u00fcks v\u00f5imsamaid energiate seas \u2013 olles neist ainus, mis on suuteline looma Elu.&nbsp;<strong>Pigem saab \u00f6elda nii, et tantra on filosoofia, mis ei tauni seksuaalsust ja seksi, vaid kaasab need v\u00f5rdv\u00e4\u00e4rsena muude praktikatega (meditatsioon, jooga, hingamistehnikad, puhastustehnikad jne).<\/strong><\/p>\n\n\n\n<p>\u201cEnergia, mis r\u00f5hutab seksi, on energia, mis toonitab elu: see&nbsp;<em>ongi<\/em>&nbsp;elu!\u201d (Neale Donald Walsch).<\/p>\n\n\n\n<p>Et enamik inimeste hoiakud seksi suhtes on kujunenud ihade ja soovide allasurumise, piirangute, tabude ja h\u00e4bitunde taustal, siis on ka nende eluenergia vaba voolamine\u00a0takistatud.\u00a0Blokeeritud eluenergia v\u00e4ljendub kehas l\u00e4bi erinevate emotsionaalsete ja f\u00fc\u00fcsiliste h\u00e4irete ning haiguste. Minu poolt pakutavad teraapiad tegelevadki eelk\u00f5ige kinnij\u00e4\u00e4nud energiate ja blokeeringute vabastamisega, et eluj\u00f5ud saaks vabas voolata. Viin l\u00e4bi peamiselt tantramassaa\u017ei seansse, kuid sinna k\u00f5rvale on aja jooksul tekkinud ka muud eluenergiat aktiveerivad teraapiad.<br><br><strong>Kuidas tantramassaa\u017ei abil end tervendada saab, loe palun\u00a0<a href=\"https:\/\/delaila.ee\/massaaz\/teraapia\/tantramassaaz\/\">siit<\/a>.<\/strong><\/p>\n\n\n\n<p>Tantrakursuste ja -s\u00fcndmuste kohta saad lisainfot&nbsp;<strong>Tantratants<\/strong>&nbsp;kogukonna lehelt<a href=\"http:\/\/www.tantratants.ee\/\"><strong>&nbsp;www.tantratants.ee<\/strong><\/a><\/p>\n\n\n\n<p><\/p>\n\n\n\n<p><strong>Delaila O\u00dc toetab noorte seksuaalharidust:&nbsp;<a href=\"https:\/\/learn2love.org\/\" target=\"_blank\" rel=\"noreferrer noopener\">learn2love.org<\/a>&nbsp;\u2013 avameelselt armastusest!&nbsp;<\/strong><\/p>\n","protected":false},"excerpt":{"rendered":"<p>Minu kokkupuude tantraga&nbsp;sai alguse \u00fchelt sissejuhatavalt tantramassaa\u017ei\u00f5htult, mille sisuks oli puudutamise \u00f5petamine. L\u00e4ksin kohale ilma igasuguste ootusteta ja eelteadmisteta. See kogemus, mille osaliseks sain, ei j\u00e4tnud aga enam muud v\u00f5imalust kui teemasse s\u00fcvitsi sisse minna. Seisund, mida kogesin, oli enneolematu ning erinev minu k\u00f5ikidest varsematest teadmistest ja \u00fclimalt praktilistest, \u201coma silm on kuningas\u201d stiilis veendumustest. <a class=\"read-more\" href=\"https:\/\/delaila.ee\/massaaz\/lugemist\/\">Loe edasi&#8230;<\/a><\/p>\n","protected":false},"author":1,"featured_media":0,"parent":0,"menu_order":0,"comment_status":"closed","ping_status":"closed","template":"","meta":{"_exactmetrics_skip_tracking":false,"_exactmetrics_sitenote_active":false,"_exactmetrics_sitenote_note":"","_exactmetrics_sitenote_category":0,"footnotes":""},"class_list":["post-884","page","type-page","status-publish","hentry"],"yoast_head":"<!-- This site is optimized with the Yoast SEO plugin v26.6 - https:\/\/yoast.com\/wordpress\/plugins\/seo\/ -->\n<title>Lugemist - Delaila O&Uuml;<\/title>\n<meta name=\"robots\" content=\"index, follow, max-snippet:-1, max-image-preview:large, max-video-preview:-1\" \/>\n<link rel=\"canonical\" href=\"https:\/\/delaila.ee\/massaaz\/lugemist\/\" \/>\n<meta property=\"og:locale\" content=\"et_EE\" \/>\n<meta property=\"og:type\" content=\"article\" \/>\n<meta property=\"og:title\" content=\"Lugemist - Delaila O&Uuml;\" \/>\n<meta property=\"og:description\" content=\"Minu kokkupuude tantraga&nbsp;sai alguse \u00fchelt sissejuhatavalt tantramassaa\u017ei\u00f5htult, mille sisuks oli puudutamise \u00f5petamine. L\u00e4ksin kohale ilma igasuguste ootusteta ja eelteadmisteta. See kogemus, mille osaliseks sain, ei j\u00e4tnud aga enam muud v\u00f5imalust kui teemasse s\u00fcvitsi sisse minna. Seisund, mida kogesin, oli enneolematu ning erinev minu k\u00f5ikidest varsematest teadmistest ja \u00fclimalt praktilistest, \u201coma silm on kuningas\u201d stiilis veendumustest. Loe edasi...\" \/>\n<meta property=\"og:url\" content=\"https:\/\/delaila.ee\/massaaz\/lugemist\/\" \/>\n<meta property=\"og:site_name\" content=\"Delaila O&Uuml;\" \/>\n<meta property=\"article:modified_time\" content=\"2023-03-06T14:48:20+00:00\" \/>\n<meta name=\"twitter:card\" content=\"summary_large_image\" \/>\n<meta name=\"twitter:label1\" content=\"Est. reading time\" \/>\n\t<meta name=\"twitter:data1\" content=\"2 minutit\" \/>\n<script type=\"application\/ld+json\" class=\"yoast-schema-graph\">{\"@context\":\"https:\/\/schema.org\",\"@graph\":[{\"@type\":\"WebPage\",\"@id\":\"https:\/\/delaila.ee\/massaaz\/lugemist\/\",\"url\":\"https:\/\/delaila.ee\/massaaz\/lugemist\/\",\"name\":\"Lugemist - Delaila O&Uuml;\",\"isPartOf\":{\"@id\":\"https:\/\/delaila.ee\/massaaz\/#website\"},\"datePublished\":\"2023-03-05T15:10:29+00:00\",\"dateModified\":\"2023-03-06T14:48:20+00:00\",\"breadcrumb\":{\"@id\":\"https:\/\/delaila.ee\/massaaz\/lugemist\/#breadcrumb\"},\"inLanguage\":\"et\",\"potentialAction\":[{\"@type\":\"ReadAction\",\"target\":[\"https:\/\/delaila.ee\/massaaz\/lugemist\/\"]}]},{\"@type\":\"BreadcrumbList\",\"@id\":\"https:\/\/delaila.ee\/massaaz\/lugemist\/#breadcrumb\",\"itemListElement\":[{\"@type\":\"ListItem\",\"position\":1,\"name\":\"Home\",\"item\":\"https:\/\/delaila.ee\/massaaz\/\"},{\"@type\":\"ListItem\",\"position\":2,\"name\":\"Lugemist\"}]},{\"@type\":\"WebSite\",\"@id\":\"https:\/\/delaila.ee\/massaaz\/#website\",\"url\":\"https:\/\/delaila.ee\/massaaz\/\",\"name\":\"Delaila O&Uuml;\",\"description\":\"Massaa\u017ei- ja teraapiatuba\",\"potentialAction\":[{\"@type\":\"SearchAction\",\"target\":{\"@type\":\"EntryPoint\",\"urlTemplate\":\"https:\/\/delaila.ee\/massaaz\/?s={search_term_string}\"},\"query-input\":{\"@type\":\"PropertyValueSpecification\",\"valueRequired\":true,\"valueName\":\"search_term_string\"}}],\"inLanguage\":\"et\"}]}<\/script>\n<!-- \/ Yoast SEO plugin. -->","yoast_head_json":{"title":"Lugemist - Delaila O&Uuml;","robots":{"index":"index","follow":"follow","max-snippet":"max-snippet:-1","max-image-preview":"max-image-preview:large","max-video-preview":"max-video-preview:-1"},"canonical":"https:\/\/delaila.ee\/massaaz\/lugemist\/","og_locale":"et_EE","og_type":"article","og_title":"Lugemist - Delaila O&Uuml;","og_description":"Minu kokkupuude tantraga&nbsp;sai alguse \u00fchelt sissejuhatavalt tantramassaa\u017ei\u00f5htult, mille sisuks oli puudutamise \u00f5petamine. L\u00e4ksin kohale ilma igasuguste ootusteta ja eelteadmisteta. See kogemus, mille osaliseks sain, ei j\u00e4tnud aga enam muud v\u00f5imalust kui teemasse s\u00fcvitsi sisse minna. Seisund, mida kogesin, oli enneolematu ning erinev minu k\u00f5ikidest varsematest teadmistest ja \u00fclimalt praktilistest, \u201coma silm on kuningas\u201d stiilis veendumustest. Loe edasi...","og_url":"https:\/\/delaila.ee\/massaaz\/lugemist\/","og_site_name":"Delaila O&Uuml;","article_modified_time":"2023-03-06T14:48:20+00:00","twitter_card":"summary_large_image","twitter_misc":{"Est. reading time":"2 minutit"},"schema":{"@context":"https:\/\/schema.org","@graph":[{"@type":"WebPage","@id":"https:\/\/delaila.ee\/massaaz\/lugemist\/","url":"https:\/\/delaila.ee\/massaaz\/lugemist\/","name":"Lugemist - Delaila O&Uuml;","isPartOf":{"@id":"https:\/\/delaila.ee\/massaaz\/#website"},"datePublished":"2023-03-05T15:10:29+00:00","dateModified":"2023-03-06T14:48:20+00:00","breadcrumb":{"@id":"https:\/\/delaila.ee\/massaaz\/lugemist\/#breadcrumb"},"inLanguage":"et","potentialAction":[{"@type":"ReadAction","target":["https:\/\/delaila.ee\/massaaz\/lugemist\/"]}]},{"@type":"BreadcrumbList","@id":"https:\/\/delaila.ee\/massaaz\/lugemist\/#breadcrumb","itemListElement":[{"@type":"ListItem","position":1,"name":"Home","item":"https:\/\/delaila.ee\/massaaz\/"},{"@type":"ListItem","position":2,"name":"Lugemist"}]},{"@type":"WebSite","@id":"https:\/\/delaila.ee\/massaaz\/#website","url":"https:\/\/delaila.ee\/massaaz\/","name":"Delaila O&Uuml;","description":"Massaa\u017ei- ja teraapiatuba","potentialAction":[{"@type":"SearchAction","target":{"@type":"EntryPoint","urlTemplate":"https:\/\/delaila.ee\/massaaz\/?s={search_term_string}"},"query-input":{"@type":"PropertyValueSpecification","valueRequired":true,"valueName":"search_term_string"}}],"inLanguage":"et"}]}},"_links":{"self":[{"href":"https:\/\/delaila.ee\/massaaz\/wp-json\/wp\/v2\/pages\/884","targetHints":{"allow":["GET"]}}],"collection":[{"href":"https:\/\/delaila.ee\/massaaz\/wp-json\/wp\/v2\/pages"}],"about":[{"href":"https:\/\/delaila.ee\/massaaz\/wp-json\/wp\/v2\/types\/page"}],"author":[{"embeddable":true,"href":"https:\/\/delaila.ee\/massaaz\/wp-json\/wp\/v2\/users\/1"}],"replies":[{"embeddable":true,"href":"https:\/\/delaila.ee\/massaaz\/wp-json\/wp\/v2\/comments?post=884"}],"version-history":[{"count":8,"href":"https:\/\/delaila.ee\/massaaz\/wp-json\/wp\/v2\/pages\/884\/revisions"}],"predecessor-version":[{"id":998,"href":"https:\/\/delaila.ee\/massaaz\/wp-json\/wp\/v2\/pages\/884\/revisions\/998"}],"wp:attachment":[{"href":"https:\/\/delaila.ee\/massaaz\/wp-json\/wp\/v2\/media?parent=884"}],"curies":[{"name":"wp","href":"https:\/\/api.w.org\/{rel}","templated":true}]}}