{"id":515,"date":"2017-09-22T08:10:17","date_gmt":"2017-09-22T08:10:17","guid":{"rendered":"http:\/\/tervepuu.com\/massaaz\/?page_id=515"},"modified":"2026-02-02T16:02:16","modified_gmt":"2026-02-02T16:02:16","slug":"hinnakiri","status":"publish","type":"page","link":"https:\/\/delaila.ee\/massaaz\/hinnakiri\/","title":{"rendered":"MASSAA\u017dIDE HINNAKIRI"},"content":{"rendered":"<table style=\"width: 71.772%; height: 550px;\">\n<tbody>\n<tr style=\"height: 23px;\">\n<td style=\"width: 26.232%; height: 23px;\"><a href=\"https:\/\/delaila.ee\/massaaz\/massaaz\/intuitiivne-holistiline-massaazirannak\/\"><span style=\"font-size: 12pt;\"><strong>Intuitiivne holistiline massaa\u017eir\u00e4nnak<\/strong><\/span><\/a><\/td>\n<td style=\"width: 12.8591%; height: 23px;\"><span style=\"font-size: 12pt;\"><strong>100-120 min<\/strong><\/span><\/td>\n<td style=\"width: 13.2369%; height: 23px;\"><span style=\"font-size: 12pt;\"><strong>120 eurot<\/strong><\/span><span style=\"font-size: 12pt;\"><strong>\u00a0 \u00a0\u00a0<\/strong><\/span><\/td>\n<\/tr>\n<tr style=\"height: 24px;\">\n<td style=\"width: 26.232%; padding-left: 30px; height: 24px;\"><\/td>\n<td style=\"width: 12.8591%; height: 24px;\"><\/td>\n<td style=\"width: 13.2369%; height: 24px;\"><\/td>\n<\/tr>\n<tr style=\"height: 28px;\">\n<td style=\"width: 26.232%; height: 28px;\"><span style=\"font-size: 12pt;\"><strong><a href=\"https:\/\/delaila.ee\/massaaz\/massaaz\/klassikaline-massaaz\/\">Klassikaline massaa\u017e<\/a>\u00a0<\/strong><\/span><\/td>\n<td style=\"width: 12.8591%; height: 28px;\"><span style=\"font-size: 12pt;\"><strong>60 min<\/strong><\/span><\/td>\n<td style=\"width: 13.2369%; height: 28px;\"><span style=\"font-size: 12pt;\"><b>55 <strong>eurot<\/strong><\/b><\/span><\/td>\n<\/tr>\n<tr style=\"height: 28px;\">\n<td style=\"width: 26.232%; height: 28px;\"><a href=\"https:\/\/delaila.ee\/massaaz\/massaaz\/klassikaline-massaaz\/\"><span style=\"font-size: 12pt;\"><strong style=\"font-family: 'Open Sans', sans-serif; font-size: 16px; font-style: normal;\">Klassikaline massaa\u017e<\/strong><\/span><\/a><\/td>\n<td style=\"width: 12.8591%; height: 28px;\"><span style=\"font-size: 12pt;\"><strong style=\"font-family: 'Open Sans', sans-serif; font-size: 16px; font-style: normal;\">90 min<\/strong><\/span><\/td>\n<td style=\"width: 13.2369%; height: 28px;\"><span style=\"font-size: 12pt;\"><b>80 <strong style=\"font-size: 16px;\">eurot<\/strong><\/b><b><\/b><\/span><\/td>\n<\/tr>\n<tr style=\"height: 14px;\">\n<td style=\"width: 26.232%; height: 14px;\"><\/td>\n<td style=\"width: 12.8591%; height: 14px;\"><\/td>\n<td style=\"width: 13.2369%; height: 14px;\"><\/td>\n<\/tr>\n<tr style=\"height: 23px;\">\n<td style=\"width: 26.232%; height: 23px;\"><a href=\"https:\/\/delaila.ee\/massaaz\/massaaz\/klassikaline-massaaz\/\"><span style=\"font-size: 12pt;\"><strong>Seljamassaa\u017e<\/strong><\/span><\/a><\/td>\n<td style=\"width: 12.8591%; height: 23px;\"><span style=\"font-size: 12pt;\"><strong>40 min<\/strong><\/span><\/td>\n<td style=\"width: 13.2369%; height: 23px;\"><span style=\"font-size: 12pt;\"><strong>40 eurot \u00a0 \u00a0 \u00a0 \u00a0 \u00a0 \u00a0 \u00a0 \u00a0 \u00a0 \u00a0 \u00a0 \u00a0 \u00a0 \u00a0 \u00a0 \u00a0 \u00a0<\/strong><\/span><\/td>\n<\/tr>\n<tr style=\"height: 22px;\">\n<td style=\"width: 26.232%; padding-left: 30px; height: 22px;\"><\/td>\n<td style=\"width: 12.8591%; height: 22px;\"><\/td>\n<td style=\"width: 13.2369%; height: 22px;\"><\/td>\n<\/tr>\n<tr style=\"height: 26px;\">\n<td style=\"width: 26.232%; height: 26px;\"><a href=\"https:\/\/delaila.ee\/massaaz\/massaaz\/spordimassaaz\/\"><span style=\"font-size: 12pt;\"><strong>Taastav spordimassaa\u017e<\/strong><\/span><\/a><\/td>\n<td style=\"width: 12.8591%; height: 26px;\"><span style=\"font-size: 12pt;\"><strong>75 min<\/strong><\/span><\/td>\n<td style=\"width: 13.2369%; height: 26px;\"><span style=\"font-size: 12pt;\"><strong>75 eurot<\/strong><\/span><\/td>\n<\/tr>\n<tr style=\"height: 26px;\">\n<td style=\"width: 26.232%; padding-left: 30px; height: 26px;\"><\/td>\n<td style=\"width: 12.8591%; height: 26px;\"><\/td>\n<td style=\"width: 13.2369%; height: 26px;\"><\/td>\n<\/tr>\n<tr style=\"height: 26px;\">\n<td style=\"width: 26.232%; height: 26px;\"><a href=\"https:\/\/delaila.ee\/massaaz\/massaaz\/sokolaadioli-massaaz\/\"><span style=\"font-size: 12pt;\"><strong>\u0160okolaadi\u00f5limassaa\u017e<\/strong><\/span><\/a><\/td>\n<td style=\"width: 12.8591%; height: 26px;\"><span style=\"font-size: 12pt;\"><strong>70 min<\/strong><\/span><\/td>\n<td style=\"width: 13.2369%; height: 26px;\"><span style=\"font-size: 12pt;\"><b><strong>70 eurot<\/strong><\/b><\/span><\/td>\n<\/tr>\n<tr style=\"height: 26px;\">\n<td style=\"width: 26.232%; height: 26px;\"><\/td>\n<td style=\"width: 12.8591%; height: 26px;\"><\/td>\n<td style=\"width: 13.2369%; height: 26px;\"><\/td>\n<\/tr>\n<tr style=\"height: 26px;\">\n<td style=\"width: 26.232%; height: 26px;\"><a href=\"https:\/\/delaila.ee\/massaaz\/massaaz\/tselluliidimassaaz\/\"><span style=\"font-size: 12pt;\"><strong>Tselluliidimassaa\u017e<\/strong><\/span><\/a><\/td>\n<td style=\"width: 12.8591%; height: 26px;\"><span style=\"font-size: 12pt;\"><strong>120 min<\/strong><\/span><\/td>\n<td style=\"width: 13.2369%; height: 26px;\"><span style=\"font-size: 12pt;\"><b>120 <strong>eurot<\/strong><\/b><\/span><\/td>\n<\/tr>\n<tr style=\"height: 26px;\">\n<td style=\"width: 26.232%; padding-left: 30px; height: 26px;\"><\/td>\n<td style=\"width: 12.8591%; height: 26px;\"><\/td>\n<td style=\"width: 13.2369%; height: 26px;\"><\/td>\n<\/tr>\n<tr style=\"height: 26px;\">\n<td style=\"width: 26.232%; height: 26px;\"><a href=\"https:\/\/delaila.ee\/massaaz\/massaaz\/india-peamassaaz-champi\/\"><span style=\"font-size: 12pt;\"><strong>India peamassaa\u017e Champi<\/strong><\/span><\/a><\/td>\n<td style=\"width: 12.8591%; height: 26px;\"><span style=\"font-size: 12pt;\"><strong>40 min<\/strong><\/span><\/td>\n<td style=\"width: 13.2369%; height: 26px;\"><span style=\"font-size: 12pt;\"><strong>40 eurot<\/strong><\/span><\/td>\n<\/tr>\n<tr style=\"height: 26px;\">\n<td style=\"width: 26.232%; padding-left: 30px; height: 26px;\"><\/td>\n<td style=\"width: 12.8591%; height: 26px;\"><\/td>\n<td style=\"width: 13.2369%; height: 26px;\"><\/td>\n<\/tr>\n<tr style=\"height: 26px;\">\n<td style=\"width: 26.232%; height: 26px;\"><span style=\"font-size: 12pt;\"><strong>Kinesioteipimine<\/strong><\/span><\/td>\n<td style=\"width: 12.8591%; height: 26px;\"><span style=\"font-size: 12pt;\"><strong>15 min<\/strong><\/span><\/td>\n<td style=\"width: 13.2369%; height: 26px;\"><span style=\"font-size: 12pt;\"><strong>10 eurot\u00a0<\/strong><strong>+ materjali maksumus<\/strong><\/span><\/td>\n<\/tr>\n<tr style=\"height: 26px;\">\n<td style=\"width: 26.232%; padding-left: 30px; height: 26px;\"><\/td>\n<td style=\"width: 12.8591%; height: 26px;\"><\/td>\n<td style=\"width: 13.2369%; height: 26px;\"><\/td>\n<\/tr>\n<tr style=\"height: 50px;\">\n<td style=\"width: 26.232%; height: 50px;\"><span style=\"font-size: 12pt;\"><strong>Massaa\u017e kohale tulekukuga koju v\u00f5i kontorisse<\/strong><\/span><\/td>\n<td style=\"width: 12.8591%; height: 50px;\"><\/td>\n<td style=\"width: 13.2369%; height: 50px;\"><span style=\"font-size: 12pt;\"><strong>kokkuleppel<\/strong><\/span><\/td>\n<\/tr>\n<tr style=\"height: 26px;\">\n<td style=\"width: 26.232%; height: 26px;\"><\/td>\n<td style=\"width: 12.8591%; height: 26px;\"><span style=\"font-size: 12pt;\">\u00a0<\/span><\/td>\n<td style=\"width: 13.2369%; height: 26px;\"><\/td>\n<\/tr>\n<tr style=\"height: 26px;\">\n<td style=\"width: 26.232%; height: 26px;\"><span style=\"font-size: 12pt;\"><span style=\"color: #ff0000;\"><strong>NB! Teavitades seansi t\u00fchistamisest v\u00e4hem kui <\/strong><\/span><\/span><span style=\"font-size: 12pt; color: #ff0000;\"><strong>4 tundi ette v\u00f5i ette teatamata mitte kohale tulekul on\u00a0 Delaila O\u00dc-l \u00f5igus esitada arve 100% ulatuses tellitud teenuse maksumusest.<\/strong><\/span><\/td>\n<td style=\"width: 12.8591%; height: 26px;\"><span style=\"font-size: 12pt;\">\u00a0<\/span><\/td>\n<td style=\"width: 13.2369%; height: 26px;\"><span style=\"font-size: 12pt;\">\u00a0<\/span><\/td>\n<\/tr>\n<tr style=\"height: 26px;\">\n<td style=\"width: 26.232%; height: 26px;\"><\/td>\n<td style=\"width: 12.8591%; height: 26px;\"><\/td>\n<td style=\"width: 13.2369%; height: 26px;\"><\/td>\n<\/tr>\n<\/tbody>\n<\/table>\n","protected":false},"excerpt":{"rendered":"<p>Intuitiivne holistiline massaa\u017eir\u00e4nnak 100-120 min 120 eurot\u00a0 \u00a0\u00a0 Klassikaline massaa\u017e\u00a0 60 min 55 eurot Klassikaline massaa\u017e 90 min 80 eurot Seljamassaa\u017e 40 min 40 eurot \u00a0 \u00a0 \u00a0 \u00a0 \u00a0 \u00a0 \u00a0 \u00a0 \u00a0 \u00a0 \u00a0 \u00a0 \u00a0 \u00a0 \u00a0 \u00a0 \u00a0 Taastav spordimassaa\u017e 75 min 75 eurot \u0160okolaadi\u00f5limassaa\u017e 70 min 70 eurot Tselluliidimassaa\u017e 120 <a class=\"read-more\" href=\"https:\/\/delaila.ee\/massaaz\/hinnakiri\/\">Loe edasi&#8230;<\/a><\/p>\n","protected":false},"author":1,"featured_media":0,"parent":0,"menu_order":2,"comment_status":"closed","ping_status":"closed","template":"","meta":{"_exactmetrics_skip_tracking":false,"_exactmetrics_sitenote_active":false,"_exactmetrics_sitenote_note":"","_exactmetrics_sitenote_category":0,"footnotes":""},"class_list":["post-515","page","type-page","status-publish","hentry"],"yoast_head":"<!-- This site is optimized with the Yoast SEO plugin v26.6 - https:\/\/yoast.com\/wordpress\/plugins\/seo\/ -->\n<title>MASSAA\u017dIDE HINNAKIRI - Delaila O&Uuml;<\/title>\n<meta name=\"robots\" content=\"index, follow, max-snippet:-1, max-image-preview:large, max-video-preview:-1\" \/>\n<link rel=\"canonical\" href=\"https:\/\/delaila.ee\/massaaz\/hinnakiri\/\" \/>\n<meta property=\"og:locale\" content=\"et_EE\" \/>\n<meta property=\"og:type\" content=\"article\" \/>\n<meta property=\"og:title\" content=\"MASSAA\u017dIDE HINNAKIRI - Delaila O&Uuml;\" \/>\n<meta property=\"og:description\" content=\"Intuitiivne holistiline massaa\u017eir\u00e4nnak 100-120 min 120 eurot\u00a0 \u00a0\u00a0 Klassikaline massaa\u017e\u00a0 60 min 55 eurot Klassikaline massaa\u017e 90 min 80 eurot Seljamassaa\u017e 40 min 40 eurot \u00a0 \u00a0 \u00a0 \u00a0 \u00a0 \u00a0 \u00a0 \u00a0 \u00a0 \u00a0 \u00a0 \u00a0 \u00a0 \u00a0 \u00a0 \u00a0 \u00a0 Taastav spordimassaa\u017e 75 min 75 eurot \u0160okolaadi\u00f5limassaa\u017e 70 min 70 eurot Tselluliidimassaa\u017e 120 Loe edasi...\" \/>\n<meta property=\"og:url\" content=\"https:\/\/delaila.ee\/massaaz\/hinnakiri\/\" \/>\n<meta property=\"og:site_name\" content=\"Delaila O&Uuml;\" \/>\n<meta property=\"article:modified_time\" content=\"2026-02-02T16:02:16+00:00\" \/>\n<meta name=\"twitter:card\" content=\"summary_large_image\" \/>\n<meta name=\"twitter:label1\" content=\"Est. reading time\" \/>\n\t<meta name=\"twitter:data1\" content=\"1 minut\" \/>\n<script type=\"application\/ld+json\" class=\"yoast-schema-graph\">{\"@context\":\"https:\/\/schema.org\",\"@graph\":[{\"@type\":\"WebPage\",\"@id\":\"https:\/\/delaila.ee\/massaaz\/hinnakiri\/\",\"url\":\"https:\/\/delaila.ee\/massaaz\/hinnakiri\/\",\"name\":\"MASSAA\u017dIDE HINNAKIRI - Delaila O&Uuml;\",\"isPartOf\":{\"@id\":\"https:\/\/delaila.ee\/massaaz\/#website\"},\"datePublished\":\"2017-09-22T08:10:17+00:00\",\"dateModified\":\"2026-02-02T16:02:16+00:00\",\"breadcrumb\":{\"@id\":\"https:\/\/delaila.ee\/massaaz\/hinnakiri\/#breadcrumb\"},\"inLanguage\":\"et\",\"potentialAction\":[{\"@type\":\"ReadAction\",\"target\":[\"https:\/\/delaila.ee\/massaaz\/hinnakiri\/\"]}]},{\"@type\":\"BreadcrumbList\",\"@id\":\"https:\/\/delaila.ee\/massaaz\/hinnakiri\/#breadcrumb\",\"itemListElement\":[{\"@type\":\"ListItem\",\"position\":1,\"name\":\"Home\",\"item\":\"https:\/\/delaila.ee\/massaaz\/\"},{\"@type\":\"ListItem\",\"position\":2,\"name\":\"MASSAA\u017dIDE HINNAKIRI\"}]},{\"@type\":\"WebSite\",\"@id\":\"https:\/\/delaila.ee\/massaaz\/#website\",\"url\":\"https:\/\/delaila.ee\/massaaz\/\",\"name\":\"Delaila O&Uuml;\",\"description\":\"Massaa\u017ei- ja teraapiatuba\",\"potentialAction\":[{\"@type\":\"SearchAction\",\"target\":{\"@type\":\"EntryPoint\",\"urlTemplate\":\"https:\/\/delaila.ee\/massaaz\/?s={search_term_string}\"},\"query-input\":{\"@type\":\"PropertyValueSpecification\",\"valueRequired\":true,\"valueName\":\"search_term_string\"}}],\"inLanguage\":\"et\"}]}<\/script>\n<!-- \/ Yoast SEO plugin. -->","yoast_head_json":{"title":"MASSAA\u017dIDE HINNAKIRI - Delaila O&Uuml;","robots":{"index":"index","follow":"follow","max-snippet":"max-snippet:-1","max-image-preview":"max-image-preview:large","max-video-preview":"max-video-preview:-1"},"canonical":"https:\/\/delaila.ee\/massaaz\/hinnakiri\/","og_locale":"et_EE","og_type":"article","og_title":"MASSAA\u017dIDE HINNAKIRI - Delaila O&Uuml;","og_description":"Intuitiivne holistiline massaa\u017eir\u00e4nnak 100-120 min 120 eurot\u00a0 \u00a0\u00a0 Klassikaline massaa\u017e\u00a0 60 min 55 eurot Klassikaline massaa\u017e 90 min 80 eurot Seljamassaa\u017e 40 min 40 eurot \u00a0 \u00a0 \u00a0 \u00a0 \u00a0 \u00a0 \u00a0 \u00a0 \u00a0 \u00a0 \u00a0 \u00a0 \u00a0 \u00a0 \u00a0 \u00a0 \u00a0 Taastav spordimassaa\u017e 75 min 75 eurot \u0160okolaadi\u00f5limassaa\u017e 70 min 70 eurot Tselluliidimassaa\u017e 120 Loe edasi...","og_url":"https:\/\/delaila.ee\/massaaz\/hinnakiri\/","og_site_name":"Delaila O&Uuml;","article_modified_time":"2026-02-02T16:02:16+00:00","twitter_card":"summary_large_image","twitter_misc":{"Est. reading time":"1 minut"},"schema":{"@context":"https:\/\/schema.org","@graph":[{"@type":"WebPage","@id":"https:\/\/delaila.ee\/massaaz\/hinnakiri\/","url":"https:\/\/delaila.ee\/massaaz\/hinnakiri\/","name":"MASSAA\u017dIDE HINNAKIRI - Delaila O&Uuml;","isPartOf":{"@id":"https:\/\/delaila.ee\/massaaz\/#website"},"datePublished":"2017-09-22T08:10:17+00:00","dateModified":"2026-02-02T16:02:16+00:00","breadcrumb":{"@id":"https:\/\/delaila.ee\/massaaz\/hinnakiri\/#breadcrumb"},"inLanguage":"et","potentialAction":[{"@type":"ReadAction","target":["https:\/\/delaila.ee\/massaaz\/hinnakiri\/"]}]},{"@type":"BreadcrumbList","@id":"https:\/\/delaila.ee\/massaaz\/hinnakiri\/#breadcrumb","itemListElement":[{"@type":"ListItem","position":1,"name":"Home","item":"https:\/\/delaila.ee\/massaaz\/"},{"@type":"ListItem","position":2,"name":"MASSAA\u017dIDE HINNAKIRI"}]},{"@type":"WebSite","@id":"https:\/\/delaila.ee\/massaaz\/#website","url":"https:\/\/delaila.ee\/massaaz\/","name":"Delaila O&Uuml;","description":"Massaa\u017ei- ja teraapiatuba","potentialAction":[{"@type":"SearchAction","target":{"@type":"EntryPoint","urlTemplate":"https:\/\/delaila.ee\/massaaz\/?s={search_term_string}"},"query-input":{"@type":"PropertyValueSpecification","valueRequired":true,"valueName":"search_term_string"}}],"inLanguage":"et"}]}},"_links":{"self":[{"href":"https:\/\/delaila.ee\/massaaz\/wp-json\/wp\/v2\/pages\/515","targetHints":{"allow":["GET"]}}],"collection":[{"href":"https:\/\/delaila.ee\/massaaz\/wp-json\/wp\/v2\/pages"}],"about":[{"href":"https:\/\/delaila.ee\/massaaz\/wp-json\/wp\/v2\/types\/page"}],"author":[{"embeddable":true,"href":"https:\/\/delaila.ee\/massaaz\/wp-json\/wp\/v2\/users\/1"}],"replies":[{"embeddable":true,"href":"https:\/\/delaila.ee\/massaaz\/wp-json\/wp\/v2\/comments?post=515"}],"version-history":[{"count":62,"href":"https:\/\/delaila.ee\/massaaz\/wp-json\/wp\/v2\/pages\/515\/revisions"}],"predecessor-version":[{"id":1248,"href":"https:\/\/delaila.ee\/massaaz\/wp-json\/wp\/v2\/pages\/515\/revisions\/1248"}],"wp:attachment":[{"href":"https:\/\/delaila.ee\/massaaz\/wp-json\/wp\/v2\/media?parent=515"}],"curies":[{"name":"wp","href":"https:\/\/api.w.org\/{rel}","templated":true}]}}