{"id":449,"date":"2016-10-04T09:29:40","date_gmt":"2016-10-04T09:29:40","guid":{"rendered":"http:\/\/tervepuu.com\/massaaz\/?page_id=449"},"modified":"2026-02-02T16:03:02","modified_gmt":"2026-02-02T16:03:02","slug":"energeetiliste-kehablokeeringute-vabastamine","status":"publish","type":"page","link":"https:\/\/delaila.ee\/massaaz\/energeetiliste-kehablokeeringute-vabastamine\/","title":{"rendered":"Kehablokeeringute vabastamine"},"content":{"rendered":"<p><span style=\"font-size: 12pt;\">Oma elu jooksul oleme rohkem v\u00f5i v\u00e4hem kogenud <strong>nii f\u00fc\u00fcsilisi kui emotsionaalseid traumasid.<\/strong> Emotsionaalsed traumad on seotud hirmu, kurbuse, viha, h\u00e4bi, abituse, mahaj\u00e4etuse, reedetuse jms negatiivsete emotsioonidega. Need on meie hinnangud (v\u00f5i kellegi teise hinnangud meie kohta, mille oleme omaks v\u00f5tnud) olukordadele ja meile endile nendes olukordades. S\u00fcgavaimad neist on tavaliselt saadud nn kasvatusprotsessi k\u00e4igus lapsep\u00f5lves, kuid tundlikel inimestel v\u00f5ivad nendeks olla ka hilisema elu jooksul kogetud l\u00e4bielamised.<\/span><\/p>\n<p><span style=\"font-size: 12pt;\">Kuna meid pole \u00f5petatud negatiivseid emotsioone ning stressi maandama ja v\u00e4ljendama, kuhjuvad need meie f\u00fc\u00fcsilisse kehasse &#8211; keha lihastel on tekkinud blokid, mis ei lase energial vabalt voolata (n\u00e4htus, mida m\u00f5testas juba 1933. a\u00a0 Freudi \u00f5pilane ps\u00fchhoanal\u00fc\u00fctik Wilhelm Reich). Keha, meel ja vaim aga moodustavad terviku ning peegeldavad meie seisundit erinevatel tasanditel:<\/span><\/p>\n<ul style=\"list-style-type: circle;\">\n<li><span style=\"font-size: 12pt;\"><strong>f\u00fc\u00fcsiliselt t\u00e4hendab see lihaspingeid ja valu<\/strong><\/span><\/li>\n<li><span style=\"font-size: 12pt;\"><strong>emotsionaalselt \u00e4revust, pingesolekut ja ebaratsionaalseid hirme<\/strong><\/span><\/li>\n<li><span style=\"font-size: 12pt;\"><strong>energeetiliselt aga eluenergia blokeeringuid valdkonnas, kus trauma saadi<\/strong><\/span><\/li>\n<\/ul>\n<p><span style=\"font-size: 12pt;\"><strong>Kehablokeeringute eemaldamine (de-armouring) on kehat\u00f6\u00f6, mis aitab lihastesse kogunenud blokeeringutel, energiapaisudel ja emotsioonidel vabaneda ning seisval energial voolama p\u00e4\u00e4seda.<\/strong> Vabanenud energia annab v\u00e4e elus edasi liikuda valdkondades, kus vahepeal on olnud n\u00f6 sein ees, ja loa avaneda naudingule. Ole valmis, et Sina ise muutud ja Sinu elus hakkavad toimuma muutused.<\/span><\/p>\n<p><span style=\"font-size: 12pt;\">Tegemist ei ole massaa\u017eiga vaid intensiivse kehat\u00f6\u00f6ga, mille k\u00e4igus\u00a0m\u00f5jutan punkte ja piirkondi kehal, kuhu blokeeringud tavaliselt kogunevad &#8211; kohad, kuhu alateadvus on traumad n\u00f6 tallele pannud. Need punktid on enamasti\u00a0valusad, kuid blokeeringu vabastamise k\u00e4igus valu v\u00e4heneb kuni l\u00f5puks kaob.<\/span><\/p>\n<p><span style=\"font-size: 12pt;\">Energia vabanemise ajal v\u00f5id kogeda erinevaid <strong>aistinguid<\/strong> (surinad, v\u00e4rinad, k\u00fclma- v\u00f5i kuumatunne, kergus, isegi l\u00f5hna- v\u00f5i maitseaistinguid, visuaalseid pilte v\u00f5i v\u00e4rve, energeetilise orgasmi seisundeid), <strong>emotsioone<\/strong> (s\u00fcgav kurbus, nutt, naer jne) v\u00f5i saada selgeid <strong>taipamisi<\/strong>, mis sind elus edasi aitavad.<\/span><\/p>\n<p><span style=\"font-size: 12pt;\"><strong>S\u00fcgavate ja p\u00fcsivate tulemuste saamiseks soovitan v\u00f5tta seda kehat\u00f6\u00f6d kuurina kord n\u00e4dalas v\u00f5i kord \u00fcle n\u00e4dala v\u00e4hemalt 3 korda.<\/strong><\/span><\/p>\n<h5><strong>Seansi maksumus on 220 eurot \u2013<\/strong> broneeringu kinnitab tagastamatu ettemaksu tasumine summas 70 eurot (arve alusel), seansile tulles j\u00e4\u00e4b tasuda 150 eurot.<\/h5>\n<p><strong><span style=\"color: #993366;\">Seansi kestvus on ligikaudu 2 tundi,<\/span><\/strong> asukohaga minu kodusalongis Tabasalus.<br \/>\nNB! Lisaks soovitan planeerida kogu p\u00e4ev selliselt, et saaksid peale seanssi v\u00f5tta endale aega rahulikult l\u00f5\u00f5gastumiseks, suunata pilgu sissepoole ja j\u00e4lgida v\u00f5imalikke esilekerkivaid reaktsioone.<\/p>\n<h5><strong>BRONEERIMISEKS kirjuta palun info@delaila.ee.<\/strong><\/h5>\n<h5>NB! Seanssi broneerides palun arvestada, et:<\/h5>\n<ul>\n<li>seanssi saab ootamatu s\u00fcndmuse (nt haigestumine) korral edasi l\u00fckata \u00fche korra ja kuni 2 n\u00e4dala v\u00f5rra, teatades sellest v\u00e4hemalt 48 tundi ette.<\/li>\n<li>broneeritud aega on v\u00f5imalik t\u00fchistada hiljemalt 48 tundi enne seanssi. Sellest hilisemal ajal t\u00fchistamisel v\u00f5i seansile tulemata j\u00e4tmisel tuleb tasuda seansi t\u00e4ismaksumus.<\/li>\n<\/ul>\n","protected":false},"excerpt":{"rendered":"<p>Oma elu jooksul oleme rohkem v\u00f5i v\u00e4hem kogenud nii f\u00fc\u00fcsilisi kui emotsionaalseid traumasid. Emotsionaalsed traumad on seotud hirmu, kurbuse, viha, h\u00e4bi, abituse, mahaj\u00e4etuse, reedetuse jms negatiivsete emotsioonidega. Need on meie hinnangud (v\u00f5i kellegi teise hinnangud meie kohta, mille oleme omaks v\u00f5tnud) olukordadele ja meile endile nendes olukordades. S\u00fcgavaimad neist on tavaliselt saadud nn kasvatusprotsessi k\u00e4igus <a class=\"read-more\" href=\"https:\/\/delaila.ee\/massaaz\/energeetiliste-kehablokeeringute-vabastamine\/\">Loe edasi&#8230;<\/a><\/p>\n","protected":false},"author":1,"featured_media":0,"parent":0,"menu_order":4,"comment_status":"closed","ping_status":"closed","template":"template-full-width.php","meta":{"_exactmetrics_skip_tracking":false,"_exactmetrics_sitenote_active":false,"_exactmetrics_sitenote_note":"","_exactmetrics_sitenote_category":0,"footnotes":""},"class_list":["post-449","page","type-page","status-publish","hentry"],"yoast_head":"<!-- This site is optimized with the Yoast SEO plugin v26.6 - https:\/\/yoast.com\/wordpress\/plugins\/seo\/ -->\n<title>Kehablokeeringute vabastamine - Delaila O&Uuml;<\/title>\n<meta name=\"robots\" content=\"index, follow, max-snippet:-1, max-image-preview:large, max-video-preview:-1\" \/>\n<link rel=\"canonical\" href=\"https:\/\/delaila.ee\/massaaz\/energeetiliste-kehablokeeringute-vabastamine\/\" \/>\n<meta property=\"og:locale\" content=\"et_EE\" \/>\n<meta property=\"og:type\" content=\"article\" \/>\n<meta property=\"og:title\" content=\"Kehablokeeringute vabastamine - Delaila O&Uuml;\" \/>\n<meta property=\"og:description\" content=\"Oma elu jooksul oleme rohkem v\u00f5i v\u00e4hem kogenud nii f\u00fc\u00fcsilisi kui emotsionaalseid traumasid. Emotsionaalsed traumad on seotud hirmu, kurbuse, viha, h\u00e4bi, abituse, mahaj\u00e4etuse, reedetuse jms negatiivsete emotsioonidega. Need on meie hinnangud (v\u00f5i kellegi teise hinnangud meie kohta, mille oleme omaks v\u00f5tnud) olukordadele ja meile endile nendes olukordades. S\u00fcgavaimad neist on tavaliselt saadud nn kasvatusprotsessi k\u00e4igus Loe edasi...\" \/>\n<meta property=\"og:url\" content=\"https:\/\/delaila.ee\/massaaz\/energeetiliste-kehablokeeringute-vabastamine\/\" \/>\n<meta property=\"og:site_name\" content=\"Delaila O&Uuml;\" \/>\n<meta property=\"article:modified_time\" content=\"2026-02-02T16:03:02+00:00\" \/>\n<meta name=\"twitter:card\" content=\"summary_large_image\" \/>\n<meta name=\"twitter:label1\" content=\"Est. reading time\" \/>\n\t<meta name=\"twitter:data1\" content=\"3 minutit\" \/>\n<script type=\"application\/ld+json\" class=\"yoast-schema-graph\">{\"@context\":\"https:\/\/schema.org\",\"@graph\":[{\"@type\":\"WebPage\",\"@id\":\"https:\/\/delaila.ee\/massaaz\/energeetiliste-kehablokeeringute-vabastamine\/\",\"url\":\"https:\/\/delaila.ee\/massaaz\/energeetiliste-kehablokeeringute-vabastamine\/\",\"name\":\"Kehablokeeringute vabastamine - Delaila O&Uuml;\",\"isPartOf\":{\"@id\":\"https:\/\/delaila.ee\/massaaz\/#website\"},\"datePublished\":\"2016-10-04T09:29:40+00:00\",\"dateModified\":\"2026-02-02T16:03:02+00:00\",\"breadcrumb\":{\"@id\":\"https:\/\/delaila.ee\/massaaz\/energeetiliste-kehablokeeringute-vabastamine\/#breadcrumb\"},\"inLanguage\":\"et\",\"potentialAction\":[{\"@type\":\"ReadAction\",\"target\":[\"https:\/\/delaila.ee\/massaaz\/energeetiliste-kehablokeeringute-vabastamine\/\"]}]},{\"@type\":\"BreadcrumbList\",\"@id\":\"https:\/\/delaila.ee\/massaaz\/energeetiliste-kehablokeeringute-vabastamine\/#breadcrumb\",\"itemListElement\":[{\"@type\":\"ListItem\",\"position\":1,\"name\":\"Home\",\"item\":\"https:\/\/delaila.ee\/massaaz\/\"},{\"@type\":\"ListItem\",\"position\":2,\"name\":\"Kehablokeeringute vabastamine\"}]},{\"@type\":\"WebSite\",\"@id\":\"https:\/\/delaila.ee\/massaaz\/#website\",\"url\":\"https:\/\/delaila.ee\/massaaz\/\",\"name\":\"Delaila O&Uuml;\",\"description\":\"Massaa\u017ei- ja teraapiatuba\",\"potentialAction\":[{\"@type\":\"SearchAction\",\"target\":{\"@type\":\"EntryPoint\",\"urlTemplate\":\"https:\/\/delaila.ee\/massaaz\/?s={search_term_string}\"},\"query-input\":{\"@type\":\"PropertyValueSpecification\",\"valueRequired\":true,\"valueName\":\"search_term_string\"}}],\"inLanguage\":\"et\"}]}<\/script>\n<!-- \/ Yoast SEO plugin. -->","yoast_head_json":{"title":"Kehablokeeringute vabastamine - Delaila O&Uuml;","robots":{"index":"index","follow":"follow","max-snippet":"max-snippet:-1","max-image-preview":"max-image-preview:large","max-video-preview":"max-video-preview:-1"},"canonical":"https:\/\/delaila.ee\/massaaz\/energeetiliste-kehablokeeringute-vabastamine\/","og_locale":"et_EE","og_type":"article","og_title":"Kehablokeeringute vabastamine - Delaila O&Uuml;","og_description":"Oma elu jooksul oleme rohkem v\u00f5i v\u00e4hem kogenud nii f\u00fc\u00fcsilisi kui emotsionaalseid traumasid. Emotsionaalsed traumad on seotud hirmu, kurbuse, viha, h\u00e4bi, abituse, mahaj\u00e4etuse, reedetuse jms negatiivsete emotsioonidega. Need on meie hinnangud (v\u00f5i kellegi teise hinnangud meie kohta, mille oleme omaks v\u00f5tnud) olukordadele ja meile endile nendes olukordades. S\u00fcgavaimad neist on tavaliselt saadud nn kasvatusprotsessi k\u00e4igus Loe edasi...","og_url":"https:\/\/delaila.ee\/massaaz\/energeetiliste-kehablokeeringute-vabastamine\/","og_site_name":"Delaila O&Uuml;","article_modified_time":"2026-02-02T16:03:02+00:00","twitter_card":"summary_large_image","twitter_misc":{"Est. reading time":"3 minutit"},"schema":{"@context":"https:\/\/schema.org","@graph":[{"@type":"WebPage","@id":"https:\/\/delaila.ee\/massaaz\/energeetiliste-kehablokeeringute-vabastamine\/","url":"https:\/\/delaila.ee\/massaaz\/energeetiliste-kehablokeeringute-vabastamine\/","name":"Kehablokeeringute vabastamine - Delaila O&Uuml;","isPartOf":{"@id":"https:\/\/delaila.ee\/massaaz\/#website"},"datePublished":"2016-10-04T09:29:40+00:00","dateModified":"2026-02-02T16:03:02+00:00","breadcrumb":{"@id":"https:\/\/delaila.ee\/massaaz\/energeetiliste-kehablokeeringute-vabastamine\/#breadcrumb"},"inLanguage":"et","potentialAction":[{"@type":"ReadAction","target":["https:\/\/delaila.ee\/massaaz\/energeetiliste-kehablokeeringute-vabastamine\/"]}]},{"@type":"BreadcrumbList","@id":"https:\/\/delaila.ee\/massaaz\/energeetiliste-kehablokeeringute-vabastamine\/#breadcrumb","itemListElement":[{"@type":"ListItem","position":1,"name":"Home","item":"https:\/\/delaila.ee\/massaaz\/"},{"@type":"ListItem","position":2,"name":"Kehablokeeringute vabastamine"}]},{"@type":"WebSite","@id":"https:\/\/delaila.ee\/massaaz\/#website","url":"https:\/\/delaila.ee\/massaaz\/","name":"Delaila O&Uuml;","description":"Massaa\u017ei- ja teraapiatuba","potentialAction":[{"@type":"SearchAction","target":{"@type":"EntryPoint","urlTemplate":"https:\/\/delaila.ee\/massaaz\/?s={search_term_string}"},"query-input":{"@type":"PropertyValueSpecification","valueRequired":true,"valueName":"search_term_string"}}],"inLanguage":"et"}]}},"_links":{"self":[{"href":"https:\/\/delaila.ee\/massaaz\/wp-json\/wp\/v2\/pages\/449","targetHints":{"allow":["GET"]}}],"collection":[{"href":"https:\/\/delaila.ee\/massaaz\/wp-json\/wp\/v2\/pages"}],"about":[{"href":"https:\/\/delaila.ee\/massaaz\/wp-json\/wp\/v2\/types\/page"}],"author":[{"embeddable":true,"href":"https:\/\/delaila.ee\/massaaz\/wp-json\/wp\/v2\/users\/1"}],"replies":[{"embeddable":true,"href":"https:\/\/delaila.ee\/massaaz\/wp-json\/wp\/v2\/comments?post=449"}],"version-history":[{"count":13,"href":"https:\/\/delaila.ee\/massaaz\/wp-json\/wp\/v2\/pages\/449\/revisions"}],"predecessor-version":[{"id":1249,"href":"https:\/\/delaila.ee\/massaaz\/wp-json\/wp\/v2\/pages\/449\/revisions\/1249"}],"wp:attachment":[{"href":"https:\/\/delaila.ee\/massaaz\/wp-json\/wp\/v2\/media?parent=449"}],"curies":[{"name":"wp","href":"https:\/\/api.w.org\/{rel}","templated":true}]}}