{"id":40,"date":"2015-09-10T14:09:56","date_gmt":"2015-09-10T14:09:56","guid":{"rendered":"http:\/\/tervepuu.com\/massaaz\/?page_id=40"},"modified":"2023-08-21T11:07:27","modified_gmt":"2023-08-21T11:07:27","slug":"sokolaadioli-massaaz","status":"publish","type":"page","link":"https:\/\/delaila.ee\/massaaz\/massaaz\/sokolaadioli-massaaz\/","title":{"rendered":"\u0160okolaadi\u00f5limassaa\u017e"},"content":{"rendered":"<h6><a href=\"https:\/\/delaila.ee\/massaaz\/hinnakiri\/\">Hinnakiri<\/a><\/h6>\n<p><strong><em>Meeleolu nullis? V\u00e4simus? Stress? Kuiv ja hall nahk?<br \/>\n<\/em><\/strong>Lummava aroomiga meeli\u00fclendav massaa\u017e mahe\u0161okolaadi\u00f5liga. Aitab peletab halva tuju ja stressi, toetab \u201e\u00f5nnehormoonide\u201c serotoniini ja endorfiini tootmist kehas, parandab ainevahetust, v\u00e4hendab n\u00e4ljatunnet ning niisutab rikkalikult, toniseerib, taastab ja toidab nahka.<\/p>\n<p><span style=\"color: #9bbd37; font-size: 10pt;\"><strong>\u0160okolaadi\u00f5limassaa\u017e on \u00fcks l\u00f5\u00f5gastavamaid ja meeli\u00fclendavamaid massaa\u017ee. See on sensuaalne massaa\u017e nii kehale kui vaimule.<\/strong><\/span><\/p>\n<p>Massaa\u017ei tehakse massaa\u017eilaual lebades ja kasutades kvaliteetset, s\u00fcnteetiliste l\u00f5hna-, v\u00e4rvi- ja s\u00e4ilitusainetevaba Frantsila mahekakaoga ja mahevaniljega maitsestatud \u0161okolaadi\u00f5li ning teisi loodustooteid.<\/p>\n<p>\u0160okolaadimassaa\u017ei tehnikad sisaldavad aeglase ja keskmise tempoga pikki ja s\u00fcgavaid masseerivaid liigutusi.<\/p>\n<p>Massaa\u017ei eesm\u00e4rgid: \u0161okolaadil ja \u0161okolaadi aroomil on tugev rahustav m\u00f5ju, mis aitab peletada stressi ja tekitab \u201e\u00f5nnehormoone\u201c, samas on tal ka ergutav j\u00e4relm\u00f5ju. \u0160okolaadi\u00f5lil on niisutav toime, see parandab ainevahetust, taastab ja toidab nahka. \u0160okolaad hellitab ka meie maitsepungi lugematul moel. P\u00e4ikesevaesel ajal rikastab \u0161okolaadimassaa\u017e Sind m\u00f5nusa energia- ja hea tuju annusega. Massaa\u017e sobib stressi, halva meelolu, kuiva naha, toonuse ja toitainete puudumise korral.<\/p>\n<p>\u0160OKOLAADI\u00d5LI HEAD OMADUSED:<br \/>\no Niisutab, toidab ja toniseerib nahka. Naha normaalset elutalitlust edendavad \u0161okolaadis olevad mikroelemendid nagu raud, mangaan, kaalium ja kaltsium. P\u00e4rast protseduuri on nahk sametiselt pehme. Kakaoubades olevad bioflavonoidid rikastavad nahka A- ja E- vitamiiniga, mis rahustavad, pehmendavad ja ergutavad nahka. \u0160okolaadi kakao pol\u00fcfenoolid v\u00f5itlevad vabade radikaalidega, ennetades naha l\u00f5tvumist ja vananemist.<br \/>\no Loob hea efekti ka siis kui seda kasutada suvel enne ja p\u00e4rast p\u00e4evitamist.<br \/>\no Rahustab ja vallandab keha endorfiinid, mis tekitavad heaolutunde. Endorfiin tekib nii ajus kui ka ajuripatsis, ergutades organismi hormonaalset regulatsiooni ning toimides \u00fchtlasi soodsalt m\u00e4lule, seksuaaltalitlusele, \u00f5ppimisele. Samal ajal on endorfiinil ka valu vaigistav ja immuunsust tugevdav toime. Endorfiin stimuleerib naharakke, mis osalevad aktiivselt v\u00f5itluses naha vananemise vastu ning aeglustab kortsude teket.<br \/>\no M\u00f5jub n\u00e4rvis\u00fcsteemile, stimuleerides serotoniini s\u00fcnteesi, mis t\u00f5stab elutoonust ja takistab depressiooni teket. Serotoniini nimetatakse ka \u00f5nnehormooniks. Serotoniin v\u00e4hendab n\u00e4ljatunnet, stimuleerib lihasteainevahetust, kontrollib k\u00fcllastustunnet (v\u00e4hendab s\u00f6\u00f6giisu).<br \/>\no Sisaldab looduslikke antioks\u00fcdante nagu kofeiin ja tanniin. Need m\u00f5juvad h\u00e4sti vereringele. Sellele lisaks soodustavad need ained rasvade lagunemist ning aitavad seoses sellega v\u00e4hendada tselluliiti ja \u00fcliliigset kaalu.<br \/>\no \u0160okolaadi aroom stimuleerib immunoglobuliini \u201cA\u201d teket, mis on mikroobide ja viiruste vastane ning m\u00e4ngib organismi kaitses olulist rolli. Lisaks v\u00f5tab \u0161okolaadi aroom v\u00f5tab \u00e4ra v\u00e4simuse, \u00e4rritusseisundi, taastab emotsionaalset tasakaalu ja annab rahulolu ning sisemise soojustunde.<\/p>\n<p><span style=\"color: #993366;\"><strong>Seansi pikkus on 70 minutit.<\/strong><\/span><\/p>\n<p>Tulemuse saavutamiseks on soovitav l\u00e4bida 10 korra kuur (seansid \u00fcks korda n\u00e4dalas).<\/p>\n<p><strong>NB! \u0160okolaadi\u00f5li imendub massaa\u017ei k\u00e4igus peaaegu t\u00e4ielikult naha sisse ning samal p\u00e4eval ei ole soovitatav end pesta &#8211; et toimeainete m\u00f5ju saaks kauem kesta. Kindlasti pane massaa\u017eile tulles selga tumedat v\u00e4rvi pesu ja riided, juhuks kui \u00f5lij\u00e4\u00e4gid neid m\u00e4\u00e4rivad!<\/strong><\/p>\n","protected":false},"excerpt":{"rendered":"<p>Hinnakiri Meeleolu nullis? V\u00e4simus? Stress? Kuiv ja hall nahk? Lummava aroomiga meeli\u00fclendav massaa\u017e mahe\u0161okolaadi\u00f5liga. Aitab peletab halva tuju ja stressi, toetab \u201e\u00f5nnehormoonide\u201c serotoniini ja endorfiini tootmist kehas, parandab ainevahetust, v\u00e4hendab n\u00e4ljatunnet ning niisutab rikkalikult, toniseerib, taastab ja toidab nahka. \u0160okolaadi\u00f5limassaa\u017e on \u00fcks l\u00f5\u00f5gastavamaid ja meeli\u00fclendavamaid massaa\u017ee. See on sensuaalne massaa\u017e nii kehale kui vaimule. Massaa\u017ei <a class=\"read-more\" href=\"https:\/\/delaila.ee\/massaaz\/massaaz\/sokolaadioli-massaaz\/\">Loe edasi&#8230;<\/a><\/p>\n","protected":false},"author":1,"featured_media":0,"parent":16,"menu_order":5,"comment_status":"closed","ping_status":"closed","template":"template-full-width.php","meta":{"_exactmetrics_skip_tracking":false,"_exactmetrics_sitenote_active":false,"_exactmetrics_sitenote_note":"","_exactmetrics_sitenote_category":0,"footnotes":""},"class_list":["post-40","page","type-page","status-publish","hentry"],"yoast_head":"<!-- This site is optimized with the Yoast SEO plugin v26.6 - https:\/\/yoast.com\/wordpress\/plugins\/seo\/ -->\n<title>\u0160okolaadi\u00f5limassaa\u017e - Delaila O&Uuml;<\/title>\n<meta name=\"robots\" content=\"index, follow, max-snippet:-1, max-image-preview:large, max-video-preview:-1\" \/>\n<link rel=\"canonical\" href=\"https:\/\/delaila.ee\/massaaz\/massaaz\/sokolaadioli-massaaz\/\" \/>\n<meta property=\"og:locale\" content=\"et_EE\" \/>\n<meta property=\"og:type\" content=\"article\" \/>\n<meta property=\"og:title\" content=\"\u0160okolaadi\u00f5limassaa\u017e - Delaila O&Uuml;\" \/>\n<meta property=\"og:description\" content=\"Hinnakiri Meeleolu nullis? V\u00e4simus? Stress? Kuiv ja hall nahk? Lummava aroomiga meeli\u00fclendav massaa\u017e mahe\u0161okolaadi\u00f5liga. Aitab peletab halva tuju ja stressi, toetab \u201e\u00f5nnehormoonide\u201c serotoniini ja endorfiini tootmist kehas, parandab ainevahetust, v\u00e4hendab n\u00e4ljatunnet ning niisutab rikkalikult, toniseerib, taastab ja toidab nahka. \u0160okolaadi\u00f5limassaa\u017e on \u00fcks l\u00f5\u00f5gastavamaid ja meeli\u00fclendavamaid massaa\u017ee. See on sensuaalne massaa\u017e nii kehale kui vaimule. Massaa\u017ei Loe edasi...\" \/>\n<meta property=\"og:url\" content=\"https:\/\/delaila.ee\/massaaz\/massaaz\/sokolaadioli-massaaz\/\" \/>\n<meta property=\"og:site_name\" content=\"Delaila O&Uuml;\" \/>\n<meta property=\"article:modified_time\" content=\"2023-08-21T11:07:27+00:00\" \/>\n<meta name=\"twitter:card\" content=\"summary_large_image\" \/>\n<meta name=\"twitter:label1\" content=\"Est. reading time\" \/>\n\t<meta name=\"twitter:data1\" content=\"2 minutit\" \/>\n<script type=\"application\/ld+json\" class=\"yoast-schema-graph\">{\"@context\":\"https:\/\/schema.org\",\"@graph\":[{\"@type\":\"WebPage\",\"@id\":\"https:\/\/delaila.ee\/massaaz\/massaaz\/sokolaadioli-massaaz\/\",\"url\":\"https:\/\/delaila.ee\/massaaz\/massaaz\/sokolaadioli-massaaz\/\",\"name\":\"\u0160okolaadi\u00f5limassaa\u017e - Delaila O&Uuml;\",\"isPartOf\":{\"@id\":\"https:\/\/delaila.ee\/massaaz\/#website\"},\"datePublished\":\"2015-09-10T14:09:56+00:00\",\"dateModified\":\"2023-08-21T11:07:27+00:00\",\"breadcrumb\":{\"@id\":\"https:\/\/delaila.ee\/massaaz\/massaaz\/sokolaadioli-massaaz\/#breadcrumb\"},\"inLanguage\":\"et\",\"potentialAction\":[{\"@type\":\"ReadAction\",\"target\":[\"https:\/\/delaila.ee\/massaaz\/massaaz\/sokolaadioli-massaaz\/\"]}]},{\"@type\":\"BreadcrumbList\",\"@id\":\"https:\/\/delaila.ee\/massaaz\/massaaz\/sokolaadioli-massaaz\/#breadcrumb\",\"itemListElement\":[{\"@type\":\"ListItem\",\"position\":1,\"name\":\"Home\",\"item\":\"https:\/\/delaila.ee\/massaaz\/\"},{\"@type\":\"ListItem\",\"position\":2,\"name\":\"Massaa\u017eid\",\"item\":\"https:\/\/delaila.ee\/massaaz\/massaaz\/\"},{\"@type\":\"ListItem\",\"position\":3,\"name\":\"\u0160okolaadi\u00f5limassaa\u017e\"}]},{\"@type\":\"WebSite\",\"@id\":\"https:\/\/delaila.ee\/massaaz\/#website\",\"url\":\"https:\/\/delaila.ee\/massaaz\/\",\"name\":\"Delaila O&Uuml;\",\"description\":\"Massaa\u017ei- ja teraapiatuba\",\"potentialAction\":[{\"@type\":\"SearchAction\",\"target\":{\"@type\":\"EntryPoint\",\"urlTemplate\":\"https:\/\/delaila.ee\/massaaz\/?s={search_term_string}\"},\"query-input\":{\"@type\":\"PropertyValueSpecification\",\"valueRequired\":true,\"valueName\":\"search_term_string\"}}],\"inLanguage\":\"et\"}]}<\/script>\n<!-- \/ Yoast SEO plugin. -->","yoast_head_json":{"title":"\u0160okolaadi\u00f5limassaa\u017e - Delaila O&Uuml;","robots":{"index":"index","follow":"follow","max-snippet":"max-snippet:-1","max-image-preview":"max-image-preview:large","max-video-preview":"max-video-preview:-1"},"canonical":"https:\/\/delaila.ee\/massaaz\/massaaz\/sokolaadioli-massaaz\/","og_locale":"et_EE","og_type":"article","og_title":"\u0160okolaadi\u00f5limassaa\u017e - Delaila O&Uuml;","og_description":"Hinnakiri Meeleolu nullis? V\u00e4simus? Stress? Kuiv ja hall nahk? Lummava aroomiga meeli\u00fclendav massaa\u017e mahe\u0161okolaadi\u00f5liga. Aitab peletab halva tuju ja stressi, toetab \u201e\u00f5nnehormoonide\u201c serotoniini ja endorfiini tootmist kehas, parandab ainevahetust, v\u00e4hendab n\u00e4ljatunnet ning niisutab rikkalikult, toniseerib, taastab ja toidab nahka. \u0160okolaadi\u00f5limassaa\u017e on \u00fcks l\u00f5\u00f5gastavamaid ja meeli\u00fclendavamaid massaa\u017ee. See on sensuaalne massaa\u017e nii kehale kui vaimule. Massaa\u017ei Loe edasi...","og_url":"https:\/\/delaila.ee\/massaaz\/massaaz\/sokolaadioli-massaaz\/","og_site_name":"Delaila O&Uuml;","article_modified_time":"2023-08-21T11:07:27+00:00","twitter_card":"summary_large_image","twitter_misc":{"Est. reading time":"2 minutit"},"schema":{"@context":"https:\/\/schema.org","@graph":[{"@type":"WebPage","@id":"https:\/\/delaila.ee\/massaaz\/massaaz\/sokolaadioli-massaaz\/","url":"https:\/\/delaila.ee\/massaaz\/massaaz\/sokolaadioli-massaaz\/","name":"\u0160okolaadi\u00f5limassaa\u017e - Delaila O&Uuml;","isPartOf":{"@id":"https:\/\/delaila.ee\/massaaz\/#website"},"datePublished":"2015-09-10T14:09:56+00:00","dateModified":"2023-08-21T11:07:27+00:00","breadcrumb":{"@id":"https:\/\/delaila.ee\/massaaz\/massaaz\/sokolaadioli-massaaz\/#breadcrumb"},"inLanguage":"et","potentialAction":[{"@type":"ReadAction","target":["https:\/\/delaila.ee\/massaaz\/massaaz\/sokolaadioli-massaaz\/"]}]},{"@type":"BreadcrumbList","@id":"https:\/\/delaila.ee\/massaaz\/massaaz\/sokolaadioli-massaaz\/#breadcrumb","itemListElement":[{"@type":"ListItem","position":1,"name":"Home","item":"https:\/\/delaila.ee\/massaaz\/"},{"@type":"ListItem","position":2,"name":"Massaa\u017eid","item":"https:\/\/delaila.ee\/massaaz\/massaaz\/"},{"@type":"ListItem","position":3,"name":"\u0160okolaadi\u00f5limassaa\u017e"}]},{"@type":"WebSite","@id":"https:\/\/delaila.ee\/massaaz\/#website","url":"https:\/\/delaila.ee\/massaaz\/","name":"Delaila O&Uuml;","description":"Massaa\u017ei- ja teraapiatuba","potentialAction":[{"@type":"SearchAction","target":{"@type":"EntryPoint","urlTemplate":"https:\/\/delaila.ee\/massaaz\/?s={search_term_string}"},"query-input":{"@type":"PropertyValueSpecification","valueRequired":true,"valueName":"search_term_string"}}],"inLanguage":"et"}]}},"_links":{"self":[{"href":"https:\/\/delaila.ee\/massaaz\/wp-json\/wp\/v2\/pages\/40","targetHints":{"allow":["GET"]}}],"collection":[{"href":"https:\/\/delaila.ee\/massaaz\/wp-json\/wp\/v2\/pages"}],"about":[{"href":"https:\/\/delaila.ee\/massaaz\/wp-json\/wp\/v2\/types\/page"}],"author":[{"embeddable":true,"href":"https:\/\/delaila.ee\/massaaz\/wp-json\/wp\/v2\/users\/1"}],"replies":[{"embeddable":true,"href":"https:\/\/delaila.ee\/massaaz\/wp-json\/wp\/v2\/comments?post=40"}],"version-history":[{"count":7,"href":"https:\/\/delaila.ee\/massaaz\/wp-json\/wp\/v2\/pages\/40\/revisions"}],"predecessor-version":[{"id":1116,"href":"https:\/\/delaila.ee\/massaaz\/wp-json\/wp\/v2\/pages\/40\/revisions\/1116"}],"up":[{"embeddable":true,"href":"https:\/\/delaila.ee\/massaaz\/wp-json\/wp\/v2\/pages\/16"}],"wp:attachment":[{"href":"https:\/\/delaila.ee\/massaaz\/wp-json\/wp\/v2\/media?parent=40"}],"curies":[{"name":"wp","href":"https:\/\/api.w.org\/{rel}","templated":true}]}}