{"id":352,"date":"2016-09-29T13:08:43","date_gmt":"2016-09-29T13:08:43","guid":{"rendered":"http:\/\/tervepuu.com\/massaaz\/?page_id=352"},"modified":"2023-08-21T11:06:59","modified_gmt":"2023-08-21T11:06:59","slug":"tselluliidimassaaz","status":"publish","type":"page","link":"https:\/\/delaila.ee\/massaaz\/massaaz\/tselluliidimassaaz\/","title":{"rendered":"Tselluliidimassaa\u017e"},"content":{"rendered":"<h6><a href=\"https:\/\/delaila.ee\/massaaz\/hinnakiri\/\">Hinnakiri<\/a><\/h6>\n<p><em><strong>Tselluliit t\u00fc\u00fctab? Lahendust ning leevendust pakub tselluliidimassaa\u017e &#8211; m<\/strong><strong>assaa\u017e keha probleemsete piirkondade t\u00f6\u00f6tlemiseks, mis m\u00f5jub rasvkudet l\u00f5hustavalt ning kus kasutatakse mitmeid erinevaid toimaineid.\u00a0<\/strong><\/em><\/p>\n<p>Tselluliidimassaa\u017e on t\u00f5hus hooldus kogu kehale, mille k\u00e4igus organismi puhastumisega kaasnev v\u00e4rske enesetunne p\u00fcsib veel pikka aega. Samas on tegemist tugeva ja intensiivse protseduuriga, mis innustab j\u00e4tkama tervislikumat eluviisi. Tselluliidimassaa\u017ei v\u00f5tted on kombineeritud erinevate massaaziliikide\u00a0v\u00f5tetega. Tulemust on tunda juba esimesest massaa\u017eikorrast.<\/p>\n<p>Tselluliidimassaa\u017e sobib:<\/p>\n<ul style=\"list-style-type: disc;\">\n<li>istuva ja seisva t\u00f6\u00f6 puhul<\/li>\n<li>m\u00e4rgatava tselluliidi raviks<\/li>\n<li>tursete puhul (kiirendab kudedest vedeliku eemaldumist)<\/li>\n<li>vere-ja l\u00fcmfiringe h\u00e4irete puhul (parandab kudede ainevahetust)<\/li>\n<li>aitab tugevdada kapilaare ja naha kvaliteeti<\/li>\n<\/ul>\n<p>Toimed:<\/p>\n<ul style=\"list-style-type: disc;\">\n<li>elavdab vere- ja l\u00fcmfiringlust, ergutades j\u00e4\u00e4kainete v\u00e4ljumist ja parandab ainevahetust kudedes<\/li>\n<li>parandab naha toitumist ja hapnikuga varustamist, rakud uuenevad kiiremini ja vananemisprotsess aeglustub<\/li>\n<li>reie- ja tuharalihased muutuvad pringimaks<\/li>\n<li>soodustab rasvakobarate lagunemist<\/li>\n<li>kiirendab kudedest vedeliku eemaldumist<\/li>\n<li>tugevdab kapillaare ja naha kvaliteeti<\/li>\n<li>parandab hormonaalset tasakaalu, v\u00e4hendab stressi ja \u00e4revust<\/li>\n<\/ul>\n<p>Regulaarsel t\u00f6\u00f6tlemisel\u00a0muutub nahk siledamaks ning l\u00e4heb rohkem trimmi, v\u00e4heneb \u00fcmberm\u00f5\u00f5t ja tselluliit ning kaovad ka m\u00f5ned lisakilod. V\u00e4henevad ka venitusarmid, eriti just uued v\u00f5i hiljuti tekkinud venitusarmid, kuid saab v\u00e4hendada aastaid vanu s\u00fcnnitusj\u00e4rgseid v\u00f5i j\u00e4rsust kaalu t\u00f5usust tingitud venitusarme nii k\u00f5hul, puusadel v\u00f5i mujal.<\/p>\n<p><strong><span style=\"text-decoration: underline;\">Kogu keha hooldus koosneb mitmest osast:<\/span><\/strong><br \/>\n1. Jalavann \u2013 naturaalsete eeterlike taime\u00f5lide ja meresoolaga. Samal ajal kerge turja- ja kaelamassaaz ning alaselja\u00a0m\u00e4\u00e4rimine soojendava salviga neerude t\u00f6\u00f6 ergutamiseks<br \/>\n2. L\u00fcmfis\u00f5lmede avamine \u2013 l\u00fcmfiringe ergutamiseks.<br \/>\n3. Kuivharjamine \u2013 l\u00fcmfi ja mikrovereringe ergutamiseks. Keha h\u00f5\u00f5rumine\u00a0looduslikust kiust kinnastega toimib ka naha koorimise eest.<br \/>\n4. K\u00e4si- ja kupumassaa\u017e \u2013 aitab v\u00e4lja viia j\u00e4\u00e4kaineid, toniseerib ja ergutab rakkude ainevahetust, muudab naha elastsemaks ja ainevahetuse t\u00f5husamaks.<\/p>\n<p>Selleks, et massaa\u017eitulemused oleksid t\u00f5husamad, saab\u00a0ka ise kaasa aidata. Liikumine, \u00f5ige toiduvalik ja igap\u00e4evane kuivharjamine aitavad kaasa massaa\u017eitulemuste p\u00fcsimisele ning aitavad v\u00e4ltida rasvaladestuste teket. Iga p\u00e4ev tuleks juua piisavalt vett, 1,5 &#8211; 2 liitrit. Loobuda tuleks kohvist ja alkoholist ning liigsest magusa ja rasvase s\u00f6\u00f6misest.<\/p>\n<p><span style=\"color: #993366;\"><strong>Seansi pikkus on 120\u00a0minutit.<\/strong><\/span><br \/>\nTulemuse saavutamiseks on soovitav l\u00e4bida intensiivne 10 \u00a0korra kuur (seansid \u00fcks v\u00f5i kaks korda n\u00e4dalas). Tulemuse p\u00fcsimaj\u00e4\u00e4miseks soovitan edaspidi k\u00e4ia seanssidel regulaarsusega kaks kuni neli\u00a0kord n\u00e4dalas.<\/p>\n<p><b>Peale massaa\u017ei on soovitav\u00a0<\/b>juua tavalisemast rohkem vett v\u00f5i sooja \u00fcrditeed, sest see soodustab j\u00e4\u00e4kainete v\u00e4ljaviimist organismist.<\/p>\n","protected":false},"excerpt":{"rendered":"<p>Hinnakiri Tselluliit t\u00fc\u00fctab? Lahendust ning leevendust pakub tselluliidimassaa\u017e &#8211; massaa\u017e keha probleemsete piirkondade t\u00f6\u00f6tlemiseks, mis m\u00f5jub rasvkudet l\u00f5hustavalt ning kus kasutatakse mitmeid erinevaid toimaineid.\u00a0 Tselluliidimassaa\u017e on t\u00f5hus hooldus kogu kehale, mille k\u00e4igus organismi puhastumisega kaasnev v\u00e4rske enesetunne p\u00fcsib veel pikka aega. Samas on tegemist tugeva ja intensiivse protseduuriga, mis innustab j\u00e4tkama tervislikumat eluviisi. Tselluliidimassaa\u017ei v\u00f5tted <a class=\"read-more\" href=\"https:\/\/delaila.ee\/massaaz\/massaaz\/tselluliidimassaaz\/\">Loe edasi&#8230;<\/a><\/p>\n","protected":false},"author":1,"featured_media":0,"parent":16,"menu_order":4,"comment_status":"closed","ping_status":"closed","template":"template-full-width.php","meta":{"_exactmetrics_skip_tracking":false,"_exactmetrics_sitenote_active":false,"_exactmetrics_sitenote_note":"","_exactmetrics_sitenote_category":0,"footnotes":""},"class_list":["post-352","page","type-page","status-publish","hentry"],"yoast_head":"<!-- This site is optimized with the Yoast SEO plugin v26.6 - https:\/\/yoast.com\/wordpress\/plugins\/seo\/ -->\n<title>Tselluliidimassaa\u017e - Delaila O&Uuml;<\/title>\n<meta name=\"robots\" content=\"index, follow, max-snippet:-1, max-image-preview:large, max-video-preview:-1\" \/>\n<link rel=\"canonical\" href=\"https:\/\/delaila.ee\/massaaz\/massaaz\/tselluliidimassaaz\/\" \/>\n<meta property=\"og:locale\" content=\"et_EE\" \/>\n<meta property=\"og:type\" content=\"article\" \/>\n<meta property=\"og:title\" content=\"Tselluliidimassaa\u017e - Delaila O&Uuml;\" \/>\n<meta property=\"og:description\" content=\"Hinnakiri Tselluliit t\u00fc\u00fctab? Lahendust ning leevendust pakub tselluliidimassaa\u017e &#8211; massaa\u017e keha probleemsete piirkondade t\u00f6\u00f6tlemiseks, mis m\u00f5jub rasvkudet l\u00f5hustavalt ning kus kasutatakse mitmeid erinevaid toimaineid.\u00a0 Tselluliidimassaa\u017e on t\u00f5hus hooldus kogu kehale, mille k\u00e4igus organismi puhastumisega kaasnev v\u00e4rske enesetunne p\u00fcsib veel pikka aega. Samas on tegemist tugeva ja intensiivse protseduuriga, mis innustab j\u00e4tkama tervislikumat eluviisi. Tselluliidimassaa\u017ei v\u00f5tted Loe edasi...\" \/>\n<meta property=\"og:url\" content=\"https:\/\/delaila.ee\/massaaz\/massaaz\/tselluliidimassaaz\/\" \/>\n<meta property=\"og:site_name\" content=\"Delaila O&Uuml;\" \/>\n<meta property=\"article:modified_time\" content=\"2023-08-21T11:06:59+00:00\" \/>\n<meta name=\"twitter:card\" content=\"summary_large_image\" \/>\n<meta name=\"twitter:label1\" content=\"Est. reading time\" \/>\n\t<meta name=\"twitter:data1\" content=\"2 minutit\" \/>\n<script type=\"application\/ld+json\" class=\"yoast-schema-graph\">{\"@context\":\"https:\/\/schema.org\",\"@graph\":[{\"@type\":\"WebPage\",\"@id\":\"https:\/\/delaila.ee\/massaaz\/massaaz\/tselluliidimassaaz\/\",\"url\":\"https:\/\/delaila.ee\/massaaz\/massaaz\/tselluliidimassaaz\/\",\"name\":\"Tselluliidimassaa\u017e - Delaila O&Uuml;\",\"isPartOf\":{\"@id\":\"https:\/\/delaila.ee\/massaaz\/#website\"},\"datePublished\":\"2016-09-29T13:08:43+00:00\",\"dateModified\":\"2023-08-21T11:06:59+00:00\",\"breadcrumb\":{\"@id\":\"https:\/\/delaila.ee\/massaaz\/massaaz\/tselluliidimassaaz\/#breadcrumb\"},\"inLanguage\":\"et\",\"potentialAction\":[{\"@type\":\"ReadAction\",\"target\":[\"https:\/\/delaila.ee\/massaaz\/massaaz\/tselluliidimassaaz\/\"]}]},{\"@type\":\"BreadcrumbList\",\"@id\":\"https:\/\/delaila.ee\/massaaz\/massaaz\/tselluliidimassaaz\/#breadcrumb\",\"itemListElement\":[{\"@type\":\"ListItem\",\"position\":1,\"name\":\"Home\",\"item\":\"https:\/\/delaila.ee\/massaaz\/\"},{\"@type\":\"ListItem\",\"position\":2,\"name\":\"Massaa\u017eid\",\"item\":\"https:\/\/delaila.ee\/massaaz\/massaaz\/\"},{\"@type\":\"ListItem\",\"position\":3,\"name\":\"Tselluliidimassaa\u017e\"}]},{\"@type\":\"WebSite\",\"@id\":\"https:\/\/delaila.ee\/massaaz\/#website\",\"url\":\"https:\/\/delaila.ee\/massaaz\/\",\"name\":\"Delaila O&Uuml;\",\"description\":\"Massaa\u017ei- ja teraapiatuba\",\"potentialAction\":[{\"@type\":\"SearchAction\",\"target\":{\"@type\":\"EntryPoint\",\"urlTemplate\":\"https:\/\/delaila.ee\/massaaz\/?s={search_term_string}\"},\"query-input\":{\"@type\":\"PropertyValueSpecification\",\"valueRequired\":true,\"valueName\":\"search_term_string\"}}],\"inLanguage\":\"et\"}]}<\/script>\n<!-- \/ Yoast SEO plugin. -->","yoast_head_json":{"title":"Tselluliidimassaa\u017e - Delaila O&Uuml;","robots":{"index":"index","follow":"follow","max-snippet":"max-snippet:-1","max-image-preview":"max-image-preview:large","max-video-preview":"max-video-preview:-1"},"canonical":"https:\/\/delaila.ee\/massaaz\/massaaz\/tselluliidimassaaz\/","og_locale":"et_EE","og_type":"article","og_title":"Tselluliidimassaa\u017e - Delaila O&Uuml;","og_description":"Hinnakiri Tselluliit t\u00fc\u00fctab? Lahendust ning leevendust pakub tselluliidimassaa\u017e &#8211; massaa\u017e keha probleemsete piirkondade t\u00f6\u00f6tlemiseks, mis m\u00f5jub rasvkudet l\u00f5hustavalt ning kus kasutatakse mitmeid erinevaid toimaineid.\u00a0 Tselluliidimassaa\u017e on t\u00f5hus hooldus kogu kehale, mille k\u00e4igus organismi puhastumisega kaasnev v\u00e4rske enesetunne p\u00fcsib veel pikka aega. Samas on tegemist tugeva ja intensiivse protseduuriga, mis innustab j\u00e4tkama tervislikumat eluviisi. Tselluliidimassaa\u017ei v\u00f5tted Loe edasi...","og_url":"https:\/\/delaila.ee\/massaaz\/massaaz\/tselluliidimassaaz\/","og_site_name":"Delaila O&Uuml;","article_modified_time":"2023-08-21T11:06:59+00:00","twitter_card":"summary_large_image","twitter_misc":{"Est. reading time":"2 minutit"},"schema":{"@context":"https:\/\/schema.org","@graph":[{"@type":"WebPage","@id":"https:\/\/delaila.ee\/massaaz\/massaaz\/tselluliidimassaaz\/","url":"https:\/\/delaila.ee\/massaaz\/massaaz\/tselluliidimassaaz\/","name":"Tselluliidimassaa\u017e - Delaila O&Uuml;","isPartOf":{"@id":"https:\/\/delaila.ee\/massaaz\/#website"},"datePublished":"2016-09-29T13:08:43+00:00","dateModified":"2023-08-21T11:06:59+00:00","breadcrumb":{"@id":"https:\/\/delaila.ee\/massaaz\/massaaz\/tselluliidimassaaz\/#breadcrumb"},"inLanguage":"et","potentialAction":[{"@type":"ReadAction","target":["https:\/\/delaila.ee\/massaaz\/massaaz\/tselluliidimassaaz\/"]}]},{"@type":"BreadcrumbList","@id":"https:\/\/delaila.ee\/massaaz\/massaaz\/tselluliidimassaaz\/#breadcrumb","itemListElement":[{"@type":"ListItem","position":1,"name":"Home","item":"https:\/\/delaila.ee\/massaaz\/"},{"@type":"ListItem","position":2,"name":"Massaa\u017eid","item":"https:\/\/delaila.ee\/massaaz\/massaaz\/"},{"@type":"ListItem","position":3,"name":"Tselluliidimassaa\u017e"}]},{"@type":"WebSite","@id":"https:\/\/delaila.ee\/massaaz\/#website","url":"https:\/\/delaila.ee\/massaaz\/","name":"Delaila O&Uuml;","description":"Massaa\u017ei- ja teraapiatuba","potentialAction":[{"@type":"SearchAction","target":{"@type":"EntryPoint","urlTemplate":"https:\/\/delaila.ee\/massaaz\/?s={search_term_string}"},"query-input":{"@type":"PropertyValueSpecification","valueRequired":true,"valueName":"search_term_string"}}],"inLanguage":"et"}]}},"_links":{"self":[{"href":"https:\/\/delaila.ee\/massaaz\/wp-json\/wp\/v2\/pages\/352","targetHints":{"allow":["GET"]}}],"collection":[{"href":"https:\/\/delaila.ee\/massaaz\/wp-json\/wp\/v2\/pages"}],"about":[{"href":"https:\/\/delaila.ee\/massaaz\/wp-json\/wp\/v2\/types\/page"}],"author":[{"embeddable":true,"href":"https:\/\/delaila.ee\/massaaz\/wp-json\/wp\/v2\/users\/1"}],"replies":[{"embeddable":true,"href":"https:\/\/delaila.ee\/massaaz\/wp-json\/wp\/v2\/comments?post=352"}],"version-history":[{"count":9,"href":"https:\/\/delaila.ee\/massaaz\/wp-json\/wp\/v2\/pages\/352\/revisions"}],"predecessor-version":[{"id":1115,"href":"https:\/\/delaila.ee\/massaaz\/wp-json\/wp\/v2\/pages\/352\/revisions\/1115"}],"up":[{"embeddable":true,"href":"https:\/\/delaila.ee\/massaaz\/wp-json\/wp\/v2\/pages\/16"}],"wp:attachment":[{"href":"https:\/\/delaila.ee\/massaaz\/wp-json\/wp\/v2\/media?parent=352"}],"curies":[{"name":"wp","href":"https:\/\/api.w.org\/{rel}","templated":true}]}}