{"id":272,"date":"2015-11-24T18:15:50","date_gmt":"2015-11-24T18:15:50","guid":{"rendered":"http:\/\/tervepuu.com\/massaaz\/?page_id=272"},"modified":"2024-09-29T15:08:08","modified_gmt":"2024-09-29T15:08:08","slug":"broneerimine","status":"publish","type":"page","link":"https:\/\/delaila.ee\/massaaz\/broneerimine\/","title":{"rendered":"Broneerimine"},"content":{"rendered":"<p>Minu kodusalong asub alates oktoobrikuust Suurupis.<\/p>\n<p><span style=\"color: #993366;\"><strong>Olen Sinu teenistuses t\u00f6\u00f6p\u00e4eviti kell 11.00 kuni 16.30.<\/strong><\/span><\/p>\n<p><span style=\"color: #993366;\"><strong>NB! Tantramassaa\u017ei seansse teostan ainult hommikupoolikuti.<\/strong><\/span><\/p>\n<p>Broneerimiseks kirjuta palun\u00a0<strong><a href=\"mailto:tervepuu@gmail.com\" target=\"_blank\" rel=\"noopener\">info@delaila.ee<\/a>.<\/strong><\/p>\n","protected":false},"excerpt":{"rendered":"<p>Minu kodusalong asub alates oktoobrikuust Suurupis. Olen Sinu teenistuses t\u00f6\u00f6p\u00e4eviti kell 11.00 kuni 16.30. NB! Tantramassaa\u017ei seansse teostan ainult hommikupoolikuti. Broneerimiseks kirjuta palun\u00a0info@delaila.ee.<\/p>\n","protected":false},"author":1,"featured_media":0,"parent":0,"menu_order":6,"comment_status":"closed","ping_status":"closed","template":"template-full-width.php","meta":{"_exactmetrics_skip_tracking":false,"_exactmetrics_sitenote_active":false,"_exactmetrics_sitenote_note":"","_exactmetrics_sitenote_category":0,"footnotes":""},"class_list":["post-272","page","type-page","status-publish","hentry"],"yoast_head":"<!-- This site is optimized with the Yoast SEO plugin v26.6 - https:\/\/yoast.com\/wordpress\/plugins\/seo\/ -->\n<title>Broneerimine - Delaila O&Uuml;<\/title>\n<meta name=\"robots\" content=\"index, follow, max-snippet:-1, max-image-preview:large, max-video-preview:-1\" \/>\n<link rel=\"canonical\" href=\"https:\/\/delaila.ee\/massaaz\/broneerimine\/\" \/>\n<meta property=\"og:locale\" content=\"et_EE\" \/>\n<meta property=\"og:type\" content=\"article\" \/>\n<meta property=\"og:title\" content=\"Broneerimine - Delaila O&Uuml;\" \/>\n<meta property=\"og:description\" content=\"Minu kodusalong asub alates oktoobrikuust Suurupis. Olen Sinu teenistuses t\u00f6\u00f6p\u00e4eviti kell 11.00 kuni 16.30. NB! Tantramassaa\u017ei seansse teostan ainult hommikupoolikuti. Broneerimiseks kirjuta palun\u00a0info@delaila.ee.\" \/>\n<meta property=\"og:url\" content=\"https:\/\/delaila.ee\/massaaz\/broneerimine\/\" \/>\n<meta property=\"og:site_name\" content=\"Delaila O&Uuml;\" \/>\n<meta property=\"article:modified_time\" content=\"2024-09-29T15:08:08+00:00\" \/>\n<meta name=\"twitter:card\" content=\"summary_large_image\" \/>\n<meta name=\"twitter:label1\" content=\"Est. reading time\" \/>\n\t<meta name=\"twitter:data1\" content=\"1 minut\" \/>\n<script type=\"application\/ld+json\" class=\"yoast-schema-graph\">{\"@context\":\"https:\/\/schema.org\",\"@graph\":[{\"@type\":\"WebPage\",\"@id\":\"https:\/\/delaila.ee\/massaaz\/broneerimine\/\",\"url\":\"https:\/\/delaila.ee\/massaaz\/broneerimine\/\",\"name\":\"Broneerimine - Delaila O&Uuml;\",\"isPartOf\":{\"@id\":\"https:\/\/delaila.ee\/massaaz\/#website\"},\"datePublished\":\"2015-11-24T18:15:50+00:00\",\"dateModified\":\"2024-09-29T15:08:08+00:00\",\"breadcrumb\":{\"@id\":\"https:\/\/delaila.ee\/massaaz\/broneerimine\/#breadcrumb\"},\"inLanguage\":\"et\",\"potentialAction\":[{\"@type\":\"ReadAction\",\"target\":[\"https:\/\/delaila.ee\/massaaz\/broneerimine\/\"]}]},{\"@type\":\"BreadcrumbList\",\"@id\":\"https:\/\/delaila.ee\/massaaz\/broneerimine\/#breadcrumb\",\"itemListElement\":[{\"@type\":\"ListItem\",\"position\":1,\"name\":\"Home\",\"item\":\"https:\/\/delaila.ee\/massaaz\/\"},{\"@type\":\"ListItem\",\"position\":2,\"name\":\"Broneerimine\"}]},{\"@type\":\"WebSite\",\"@id\":\"https:\/\/delaila.ee\/massaaz\/#website\",\"url\":\"https:\/\/delaila.ee\/massaaz\/\",\"name\":\"Delaila O&Uuml;\",\"description\":\"Massaa\u017ei- ja teraapiatuba\",\"potentialAction\":[{\"@type\":\"SearchAction\",\"target\":{\"@type\":\"EntryPoint\",\"urlTemplate\":\"https:\/\/delaila.ee\/massaaz\/?s={search_term_string}\"},\"query-input\":{\"@type\":\"PropertyValueSpecification\",\"valueRequired\":true,\"valueName\":\"search_term_string\"}}],\"inLanguage\":\"et\"}]}<\/script>\n<!-- \/ Yoast SEO plugin. -->","yoast_head_json":{"title":"Broneerimine - Delaila O&Uuml;","robots":{"index":"index","follow":"follow","max-snippet":"max-snippet:-1","max-image-preview":"max-image-preview:large","max-video-preview":"max-video-preview:-1"},"canonical":"https:\/\/delaila.ee\/massaaz\/broneerimine\/","og_locale":"et_EE","og_type":"article","og_title":"Broneerimine - Delaila O&Uuml;","og_description":"Minu kodusalong asub alates oktoobrikuust Suurupis. Olen Sinu teenistuses t\u00f6\u00f6p\u00e4eviti kell 11.00 kuni 16.30. NB! Tantramassaa\u017ei seansse teostan ainult hommikupoolikuti. Broneerimiseks kirjuta palun\u00a0info@delaila.ee.","og_url":"https:\/\/delaila.ee\/massaaz\/broneerimine\/","og_site_name":"Delaila O&Uuml;","article_modified_time":"2024-09-29T15:08:08+00:00","twitter_card":"summary_large_image","twitter_misc":{"Est. reading time":"1 minut"},"schema":{"@context":"https:\/\/schema.org","@graph":[{"@type":"WebPage","@id":"https:\/\/delaila.ee\/massaaz\/broneerimine\/","url":"https:\/\/delaila.ee\/massaaz\/broneerimine\/","name":"Broneerimine - Delaila O&Uuml;","isPartOf":{"@id":"https:\/\/delaila.ee\/massaaz\/#website"},"datePublished":"2015-11-24T18:15:50+00:00","dateModified":"2024-09-29T15:08:08+00:00","breadcrumb":{"@id":"https:\/\/delaila.ee\/massaaz\/broneerimine\/#breadcrumb"},"inLanguage":"et","potentialAction":[{"@type":"ReadAction","target":["https:\/\/delaila.ee\/massaaz\/broneerimine\/"]}]},{"@type":"BreadcrumbList","@id":"https:\/\/delaila.ee\/massaaz\/broneerimine\/#breadcrumb","itemListElement":[{"@type":"ListItem","position":1,"name":"Home","item":"https:\/\/delaila.ee\/massaaz\/"},{"@type":"ListItem","position":2,"name":"Broneerimine"}]},{"@type":"WebSite","@id":"https:\/\/delaila.ee\/massaaz\/#website","url":"https:\/\/delaila.ee\/massaaz\/","name":"Delaila O&Uuml;","description":"Massaa\u017ei- ja teraapiatuba","potentialAction":[{"@type":"SearchAction","target":{"@type":"EntryPoint","urlTemplate":"https:\/\/delaila.ee\/massaaz\/?s={search_term_string}"},"query-input":{"@type":"PropertyValueSpecification","valueRequired":true,"valueName":"search_term_string"}}],"inLanguage":"et"}]}},"_links":{"self":[{"href":"https:\/\/delaila.ee\/massaaz\/wp-json\/wp\/v2\/pages\/272","targetHints":{"allow":["GET"]}}],"collection":[{"href":"https:\/\/delaila.ee\/massaaz\/wp-json\/wp\/v2\/pages"}],"about":[{"href":"https:\/\/delaila.ee\/massaaz\/wp-json\/wp\/v2\/types\/page"}],"author":[{"embeddable":true,"href":"https:\/\/delaila.ee\/massaaz\/wp-json\/wp\/v2\/users\/1"}],"replies":[{"embeddable":true,"href":"https:\/\/delaila.ee\/massaaz\/wp-json\/wp\/v2\/comments?post=272"}],"version-history":[{"count":33,"href":"https:\/\/delaila.ee\/massaaz\/wp-json\/wp\/v2\/pages\/272\/revisions"}],"predecessor-version":[{"id":1241,"href":"https:\/\/delaila.ee\/massaaz\/wp-json\/wp\/v2\/pages\/272\/revisions\/1241"}],"wp:attachment":[{"href":"https:\/\/delaila.ee\/massaaz\/wp-json\/wp\/v2\/media?parent=272"}],"curies":[{"name":"wp","href":"https:\/\/api.w.org\/{rel}","templated":true}]}}