{"id":2,"date":"2014-11-12T23:32:59","date_gmt":"2014-11-12T23:32:59","guid":{"rendered":"http:\/\/tervepuu.com\/massaaz\/?page_id=2"},"modified":"2023-08-21T13:13:14","modified_gmt":"2023-08-21T13:13:14","slug":"minust","status":"publish","type":"page","link":"https:\/\/delaila.ee\/massaaz\/minust\/","title":{"rendered":"Minust"},"content":{"rendered":"<h4><\/h4>\n<h4><span style=\"color: #993366;\"><strong>Saame tuttavaks!<\/strong><\/span><strong><a href=\"https:\/\/delaila.ee\/massaaz\/wp-content\/uploads\/2014\/11\/2016-07-01-15.29.55-HDR-2-e1662388092179.jpg\" rel=\"lightbox[2]\"><img loading=\"lazy\" decoding=\"async\" class=\"alignright wp-image-377\" src=\"https:\/\/delaila.ee\/massaaz\/wp-content\/uploads\/2014\/11\/2016-07-01-15.29.55-HDR-2-e1662388092179-150x150.jpg\" alt=\"\" width=\"213\" height=\"213\" \/><\/a><\/strong><\/h4>\n<p>Minu nimi on Laila.<\/p>\n<p>2013. aasta s\u00fcgisel tegin oma elus kannap\u00f6\u00f6rde ja lahkusin pikaajaliselt kontorit\u00f6\u00f6lt, silme ees terendamas soov tegeleda enda jaoks kahe k\u00f5ige s\u00fcdamel\u00e4hedasema valdkonnaga: taimede ja inimestega. Niisiis sai minust tookord (lisaks EBS \u00e4rijuhtimise magistrikraadile) usin \u00f5ppur m\u00f5lemas valdkonnas ja seej\u00e4rel ka iseenda t\u00f6\u00f6andja.<\/p>\n<p>Alates 2013. aastast olen l\u00e4binud mitmeid massaa\u017eikursuseid nii<strong>\u00a0<\/strong><\/p>\n<p><strong>Krautmanni Massaa\u017ei- ja Terviseakadeemias, <\/strong><\/p>\n<p><strong>Eesti Massaa\u017ei- ja Teraapiakoolis (<\/strong>endise nimega<strong>\u00a0M.I. Massaa\u017eikool), <\/strong><\/p>\n<p><strong>P\u00f5listarkuste ja Rahvaravi koolis\u00a0<\/strong>kui ka<strong>\u00a0<\/strong><\/p>\n<p><strong>Bhairava Yoga-s\u00a0<\/strong>(Tantric Massage Therapist, 2013-2014)<strong>.<\/strong><\/p>\n<p>Lisaks olen end t\u00e4iendanud selliste \u00f5petajate k\u00e4e all, nagu:<\/p>\n<p><strong>Katrin ja\u00a0Urmas Silman\u00a0<\/strong>(tantramassaa\u017ei kursused 2014 ja 2015),<\/p>\n<p><strong>Jaya Shivani<\/strong>\u00a0(tantra terapeudi\/teadliku seksuaalsuse terapeudi koolitus, 2017-2018),<\/p>\n<p><strong>Colin P. Sisson<\/strong>\u00a0(Sexual Magic, 2017),<\/p>\n<p><strong>Andrew Barnes<\/strong>\u00a0(Tantric Body De-armouring, 2017),<\/p>\n<p><strong>Deborah Sundahl\u00a0<\/strong>(Female Ejaculation and G-Spot Practitioner Training, 2017) ja<\/p>\n<p><strong>Jaan J\u00e4\u00e4ts<\/strong>\u00a0(USUI reiki I ja II aste, 2016 ja 2017).<\/p>\n<p>2015. aastal v\u00f5tsin vastu Bhairava O\u00dc poolt korraldatud pea 800 osalejaga tantrafestivali projektijuhi v\u00e4ljakutse, 2016. aastal olin aga High on Life O\u00dc uues formaadis tantrafestivali peakoordinaator. Sellest peale olen ikka erinevatel tantra- ja enesearengufestivalidel oma panuse andnud.<\/p>\n<p><span style=\"color: #993366;\"><strong>Oled minu juurde oodatud!<\/strong><\/span><\/p>\n<p>Armastusega,<br \/>\nLaila<\/p>\n<h4><\/h4>\n<h4><\/h4>\n<h4><\/h4>\n","protected":false},"excerpt":{"rendered":"<p>Saame tuttavaks! Minu nimi on Laila. 2013. aasta s\u00fcgisel tegin oma elus kannap\u00f6\u00f6rde ja lahkusin pikaajaliselt kontorit\u00f6\u00f6lt, silme ees terendamas soov tegeleda enda jaoks kahe k\u00f5ige s\u00fcdamel\u00e4hedasema valdkonnaga: taimede ja inimestega. Niisiis sai minust tookord (lisaks EBS \u00e4rijuhtimise magistrikraadile) usin \u00f5ppur m\u00f5lemas valdkonnas ja seej\u00e4rel ka iseenda t\u00f6\u00f6andja. Alates 2013. aastast olen l\u00e4binud mitmeid massaa\u017eikursuseid <a class=\"read-more\" href=\"https:\/\/delaila.ee\/massaaz\/minust\/\">Loe edasi&#8230;<\/a><\/p>\n","protected":false},"author":1,"featured_media":377,"parent":0,"menu_order":2,"comment_status":"closed","ping_status":"closed","template":"template-full-width.php","meta":{"_exactmetrics_skip_tracking":false,"_exactmetrics_sitenote_active":false,"_exactmetrics_sitenote_note":"","_exactmetrics_sitenote_category":0,"footnotes":""},"class_list":["post-2","page","type-page","status-publish","has-post-thumbnail","hentry"],"yoast_head":"<!-- This site is optimized with the Yoast SEO plugin v26.6 - https:\/\/yoast.com\/wordpress\/plugins\/seo\/ -->\n<title>Minust - Delaila O&Uuml;<\/title>\n<meta name=\"robots\" content=\"index, follow, max-snippet:-1, max-image-preview:large, max-video-preview:-1\" \/>\n<link rel=\"canonical\" href=\"https:\/\/delaila.ee\/massaaz\/minust\/\" \/>\n<meta property=\"og:locale\" content=\"et_EE\" \/>\n<meta property=\"og:type\" content=\"article\" \/>\n<meta property=\"og:title\" content=\"Minust - Delaila O&Uuml;\" \/>\n<meta property=\"og:description\" content=\"Saame tuttavaks! Minu nimi on Laila. 2013. aasta s\u00fcgisel tegin oma elus kannap\u00f6\u00f6rde ja lahkusin pikaajaliselt kontorit\u00f6\u00f6lt, silme ees terendamas soov tegeleda enda jaoks kahe k\u00f5ige s\u00fcdamel\u00e4hedasema valdkonnaga: taimede ja inimestega. Niisiis sai minust tookord (lisaks EBS \u00e4rijuhtimise magistrikraadile) usin \u00f5ppur m\u00f5lemas valdkonnas ja seej\u00e4rel ka iseenda t\u00f6\u00f6andja. Alates 2013. aastast olen l\u00e4binud mitmeid massaa\u017eikursuseid Loe edasi...\" \/>\n<meta property=\"og:url\" content=\"https:\/\/delaila.ee\/massaaz\/minust\/\" \/>\n<meta property=\"og:site_name\" content=\"Delaila O&Uuml;\" \/>\n<meta property=\"article:modified_time\" content=\"2023-08-21T13:13:14+00:00\" \/>\n<meta property=\"og:image\" content=\"https:\/\/delaila.ee\/massaaz\/wp-content\/uploads\/2014\/11\/2016-07-01-15.29.55-HDR-2-e1662388092179.jpg\" \/>\n\t<meta property=\"og:image:width\" content=\"1459\" \/>\n\t<meta property=\"og:image:height\" content=\"1301\" \/>\n\t<meta property=\"og:image:type\" content=\"image\/jpeg\" \/>\n<meta name=\"twitter:card\" content=\"summary_large_image\" \/>\n<meta name=\"twitter:label1\" content=\"Est. reading time\" \/>\n\t<meta name=\"twitter:data1\" content=\"2 minutit\" \/>\n<script type=\"application\/ld+json\" class=\"yoast-schema-graph\">{\"@context\":\"https:\/\/schema.org\",\"@graph\":[{\"@type\":\"WebPage\",\"@id\":\"https:\/\/delaila.ee\/massaaz\/minust\/\",\"url\":\"https:\/\/delaila.ee\/massaaz\/minust\/\",\"name\":\"Minust - Delaila O&Uuml;\",\"isPartOf\":{\"@id\":\"https:\/\/delaila.ee\/massaaz\/#website\"},\"primaryImageOfPage\":{\"@id\":\"https:\/\/delaila.ee\/massaaz\/minust\/#primaryimage\"},\"image\":{\"@id\":\"https:\/\/delaila.ee\/massaaz\/minust\/#primaryimage\"},\"thumbnailUrl\":\"https:\/\/delaila.ee\/massaaz\/wp-content\/uploads\/2014\/11\/2016-07-01-15.29.55-HDR-2-e1662388092179.jpg\",\"datePublished\":\"2014-11-12T23:32:59+00:00\",\"dateModified\":\"2023-08-21T13:13:14+00:00\",\"breadcrumb\":{\"@id\":\"https:\/\/delaila.ee\/massaaz\/minust\/#breadcrumb\"},\"inLanguage\":\"et\",\"potentialAction\":[{\"@type\":\"ReadAction\",\"target\":[\"https:\/\/delaila.ee\/massaaz\/minust\/\"]}]},{\"@type\":\"ImageObject\",\"inLanguage\":\"et\",\"@id\":\"https:\/\/delaila.ee\/massaaz\/minust\/#primaryimage\",\"url\":\"https:\/\/delaila.ee\/massaaz\/wp-content\/uploads\/2014\/11\/2016-07-01-15.29.55-HDR-2-e1662388092179.jpg\",\"contentUrl\":\"https:\/\/delaila.ee\/massaaz\/wp-content\/uploads\/2014\/11\/2016-07-01-15.29.55-HDR-2-e1662388092179.jpg\",\"width\":1459,\"height\":1301},{\"@type\":\"BreadcrumbList\",\"@id\":\"https:\/\/delaila.ee\/massaaz\/minust\/#breadcrumb\",\"itemListElement\":[{\"@type\":\"ListItem\",\"position\":1,\"name\":\"Home\",\"item\":\"https:\/\/delaila.ee\/massaaz\/\"},{\"@type\":\"ListItem\",\"position\":2,\"name\":\"Minust\"}]},{\"@type\":\"WebSite\",\"@id\":\"https:\/\/delaila.ee\/massaaz\/#website\",\"url\":\"https:\/\/delaila.ee\/massaaz\/\",\"name\":\"Delaila O&Uuml;\",\"description\":\"Massaa\u017ei- ja teraapiatuba\",\"potentialAction\":[{\"@type\":\"SearchAction\",\"target\":{\"@type\":\"EntryPoint\",\"urlTemplate\":\"https:\/\/delaila.ee\/massaaz\/?s={search_term_string}\"},\"query-input\":{\"@type\":\"PropertyValueSpecification\",\"valueRequired\":true,\"valueName\":\"search_term_string\"}}],\"inLanguage\":\"et\"}]}<\/script>\n<!-- \/ Yoast SEO plugin. -->","yoast_head_json":{"title":"Minust - Delaila O&Uuml;","robots":{"index":"index","follow":"follow","max-snippet":"max-snippet:-1","max-image-preview":"max-image-preview:large","max-video-preview":"max-video-preview:-1"},"canonical":"https:\/\/delaila.ee\/massaaz\/minust\/","og_locale":"et_EE","og_type":"article","og_title":"Minust - Delaila O&Uuml;","og_description":"Saame tuttavaks! Minu nimi on Laila. 2013. aasta s\u00fcgisel tegin oma elus kannap\u00f6\u00f6rde ja lahkusin pikaajaliselt kontorit\u00f6\u00f6lt, silme ees terendamas soov tegeleda enda jaoks kahe k\u00f5ige s\u00fcdamel\u00e4hedasema valdkonnaga: taimede ja inimestega. Niisiis sai minust tookord (lisaks EBS \u00e4rijuhtimise magistrikraadile) usin \u00f5ppur m\u00f5lemas valdkonnas ja seej\u00e4rel ka iseenda t\u00f6\u00f6andja. Alates 2013. aastast olen l\u00e4binud mitmeid massaa\u017eikursuseid Loe edasi...","og_url":"https:\/\/delaila.ee\/massaaz\/minust\/","og_site_name":"Delaila O&Uuml;","article_modified_time":"2023-08-21T13:13:14+00:00","og_image":[{"width":1459,"height":1301,"url":"https:\/\/delaila.ee\/massaaz\/wp-content\/uploads\/2014\/11\/2016-07-01-15.29.55-HDR-2-e1662388092179.jpg","type":"image\/jpeg"}],"twitter_card":"summary_large_image","twitter_misc":{"Est. reading time":"2 minutit"},"schema":{"@context":"https:\/\/schema.org","@graph":[{"@type":"WebPage","@id":"https:\/\/delaila.ee\/massaaz\/minust\/","url":"https:\/\/delaila.ee\/massaaz\/minust\/","name":"Minust - Delaila O&Uuml;","isPartOf":{"@id":"https:\/\/delaila.ee\/massaaz\/#website"},"primaryImageOfPage":{"@id":"https:\/\/delaila.ee\/massaaz\/minust\/#primaryimage"},"image":{"@id":"https:\/\/delaila.ee\/massaaz\/minust\/#primaryimage"},"thumbnailUrl":"https:\/\/delaila.ee\/massaaz\/wp-content\/uploads\/2014\/11\/2016-07-01-15.29.55-HDR-2-e1662388092179.jpg","datePublished":"2014-11-12T23:32:59+00:00","dateModified":"2023-08-21T13:13:14+00:00","breadcrumb":{"@id":"https:\/\/delaila.ee\/massaaz\/minust\/#breadcrumb"},"inLanguage":"et","potentialAction":[{"@type":"ReadAction","target":["https:\/\/delaila.ee\/massaaz\/minust\/"]}]},{"@type":"ImageObject","inLanguage":"et","@id":"https:\/\/delaila.ee\/massaaz\/minust\/#primaryimage","url":"https:\/\/delaila.ee\/massaaz\/wp-content\/uploads\/2014\/11\/2016-07-01-15.29.55-HDR-2-e1662388092179.jpg","contentUrl":"https:\/\/delaila.ee\/massaaz\/wp-content\/uploads\/2014\/11\/2016-07-01-15.29.55-HDR-2-e1662388092179.jpg","width":1459,"height":1301},{"@type":"BreadcrumbList","@id":"https:\/\/delaila.ee\/massaaz\/minust\/#breadcrumb","itemListElement":[{"@type":"ListItem","position":1,"name":"Home","item":"https:\/\/delaila.ee\/massaaz\/"},{"@type":"ListItem","position":2,"name":"Minust"}]},{"@type":"WebSite","@id":"https:\/\/delaila.ee\/massaaz\/#website","url":"https:\/\/delaila.ee\/massaaz\/","name":"Delaila O&Uuml;","description":"Massaa\u017ei- ja teraapiatuba","potentialAction":[{"@type":"SearchAction","target":{"@type":"EntryPoint","urlTemplate":"https:\/\/delaila.ee\/massaaz\/?s={search_term_string}"},"query-input":{"@type":"PropertyValueSpecification","valueRequired":true,"valueName":"search_term_string"}}],"inLanguage":"et"}]}},"_links":{"self":[{"href":"https:\/\/delaila.ee\/massaaz\/wp-json\/wp\/v2\/pages\/2","targetHints":{"allow":["GET"]}}],"collection":[{"href":"https:\/\/delaila.ee\/massaaz\/wp-json\/wp\/v2\/pages"}],"about":[{"href":"https:\/\/delaila.ee\/massaaz\/wp-json\/wp\/v2\/types\/page"}],"author":[{"embeddable":true,"href":"https:\/\/delaila.ee\/massaaz\/wp-json\/wp\/v2\/users\/1"}],"replies":[{"embeddable":true,"href":"https:\/\/delaila.ee\/massaaz\/wp-json\/wp\/v2\/comments?post=2"}],"version-history":[{"count":48,"href":"https:\/\/delaila.ee\/massaaz\/wp-json\/wp\/v2\/pages\/2\/revisions"}],"predecessor-version":[{"id":1160,"href":"https:\/\/delaila.ee\/massaaz\/wp-json\/wp\/v2\/pages\/2\/revisions\/1160"}],"wp:featuredmedia":[{"embeddable":true,"href":"https:\/\/delaila.ee\/massaaz\/wp-json\/wp\/v2\/media\/377"}],"wp:attachment":[{"href":"https:\/\/delaila.ee\/massaaz\/wp-json\/wp\/v2\/media?parent=2"}],"curies":[{"name":"wp","href":"https:\/\/api.w.org\/{rel}","templated":true}]}}