{"id":1200,"date":"2023-11-12T08:31:54","date_gmt":"2023-11-12T08:31:54","guid":{"rendered":"https:\/\/delaila.ee\/massaaz\/?page_id=1200"},"modified":"2023-12-19T12:29:44","modified_gmt":"2023-12-19T12:29:44","slug":"pesemise-juhised","status":"publish","type":"page","link":"https:\/\/delaila.ee\/massaaz\/tantramassaaz\/pesemise-juhised\/","title":{"rendered":"Pesemise n\u00f5uanded"},"content":{"rendered":"\n<p>Selleks, et intiimpiirkonna massaa\u017ei oleks mugav teha, palun end vahetult enne seansile tulekut pesta kuna nahal olevad bakterid reageerivad kiiresti uriini- ja v\u00e4ljaheitej\u00e4\u00e4kidele ning v\u00f5ivad seejuures eritada tugevaid ning ebameeldivaid l\u00f5hnu. <br>Kasuta sooja vett ja sobiva pH-ga pesuvahendit ning pese tekkinud vahuga hoolikalt kogu intiimpiirkond, sh lahkliha piirkond ja anuse \u00fcmbrus.<\/p>\n\n\n\n<p><strong><mark style=\"background-color:rgba(0, 0, 0, 0);color:#bf1784\" class=\"has-inline-color\">Kui sa oled NAINE<\/mark>, <\/strong>siis palun pese \u00f5rnalt k\u00f5ikide nahavoltide sisemus &#8211; v\u00e4limiste ja sisemiste h\u00e4bememokkade vahelt, sisemiste h\u00e4bememokkade, kliitori ja kusitiava vahelt, samuti l\u00fckka tagasi k\u00f5distipead kattev eesnahk ja pese selle alt. Tuppe seestpoolt ei ole vaja pesta, kuna tupel on isepuhastumise v\u00f5ime ja seal elutsevad piimhappebakterid hoiavad tupekeskkonna tasakaalus.<\/p>\n\n\n\n<p><mark style=\"background-color:rgba(0, 0, 0, 0);color:#bf1784\" class=\"has-inline-color\"><strong>Kui Sa oled MEES<\/strong><\/mark>, siis palun l\u00fckka tagasi eesnahk ja pese seda seestpoolt, samuti selle all olevat peenisepead,  pese ka  peenisekeha ja kogu munandite piirkond.<\/p>\n\n\n\n<p><\/p>\n\n\n\n<p><strong>Kui pesemine ei ole tehtud piisavalt, siis j\u00e4tab terapeut j\u00e4tab endale \u00f5iguse puhastada masseeritavaid piirkondi niiskete intiimsalvr\u00e4tikutega<\/strong>.<\/p>\n\n\n\n<p><\/p>\n","protected":false},"excerpt":{"rendered":"<p>Selleks, et intiimpiirkonna massaa\u017ei oleks mugav teha, palun end vahetult enne seansile tulekut pesta kuna nahal olevad bakterid reageerivad kiiresti uriini- ja v\u00e4ljaheitej\u00e4\u00e4kidele ning v\u00f5ivad seejuures eritada tugevaid ning ebameeldivaid l\u00f5hnu. Kasuta sooja vett ja sobiva pH-ga pesuvahendit ning pese tekkinud vahuga hoolikalt kogu intiimpiirkond, sh lahkliha piirkond ja anuse \u00fcmbrus. Kui sa oled NAINE, <a class=\"read-more\" href=\"https:\/\/delaila.ee\/massaaz\/tantramassaaz\/pesemise-juhised\/\">Loe edasi&#8230;<\/a><\/p>\n","protected":false},"author":1,"featured_media":0,"parent":124,"menu_order":0,"comment_status":"closed","ping_status":"closed","template":"","meta":{"_exactmetrics_skip_tracking":false,"_exactmetrics_sitenote_active":false,"_exactmetrics_sitenote_note":"","_exactmetrics_sitenote_category":0,"footnotes":""},"class_list":["post-1200","page","type-page","status-publish","hentry"],"yoast_head":"<!-- This site is optimized with the Yoast SEO plugin v26.6 - https:\/\/yoast.com\/wordpress\/plugins\/seo\/ -->\n<title>Pesemise n\u00f5uanded - Delaila O&Uuml;<\/title>\n<meta name=\"robots\" content=\"index, follow, max-snippet:-1, max-image-preview:large, max-video-preview:-1\" \/>\n<link rel=\"canonical\" href=\"https:\/\/delaila.ee\/massaaz\/tantramassaaz\/pesemise-juhised\/\" \/>\n<meta property=\"og:locale\" content=\"et_EE\" \/>\n<meta property=\"og:type\" content=\"article\" \/>\n<meta property=\"og:title\" content=\"Pesemise n\u00f5uanded - Delaila O&Uuml;\" \/>\n<meta property=\"og:description\" content=\"Selleks, et intiimpiirkonna massaa\u017ei oleks mugav teha, palun end vahetult enne seansile tulekut pesta kuna nahal olevad bakterid reageerivad kiiresti uriini- ja v\u00e4ljaheitej\u00e4\u00e4kidele ning v\u00f5ivad seejuures eritada tugevaid ning ebameeldivaid l\u00f5hnu. Kasuta sooja vett ja sobiva pH-ga pesuvahendit ning pese tekkinud vahuga hoolikalt kogu intiimpiirkond, sh lahkliha piirkond ja anuse \u00fcmbrus. Kui sa oled NAINE, Loe edasi...\" \/>\n<meta property=\"og:url\" content=\"https:\/\/delaila.ee\/massaaz\/tantramassaaz\/pesemise-juhised\/\" \/>\n<meta property=\"og:site_name\" content=\"Delaila O&Uuml;\" \/>\n<meta property=\"article:modified_time\" content=\"2023-12-19T12:29:44+00:00\" \/>\n<meta name=\"twitter:card\" content=\"summary_large_image\" \/>\n<meta name=\"twitter:label1\" content=\"Est. reading time\" \/>\n\t<meta name=\"twitter:data1\" content=\"1 minut\" \/>\n<script type=\"application\/ld+json\" class=\"yoast-schema-graph\">{\"@context\":\"https:\/\/schema.org\",\"@graph\":[{\"@type\":\"WebPage\",\"@id\":\"https:\/\/delaila.ee\/massaaz\/tantramassaaz\/pesemise-juhised\/\",\"url\":\"https:\/\/delaila.ee\/massaaz\/tantramassaaz\/pesemise-juhised\/\",\"name\":\"Pesemise n\u00f5uanded - Delaila O&Uuml;\",\"isPartOf\":{\"@id\":\"https:\/\/delaila.ee\/massaaz\/#website\"},\"datePublished\":\"2023-11-12T08:31:54+00:00\",\"dateModified\":\"2023-12-19T12:29:44+00:00\",\"breadcrumb\":{\"@id\":\"https:\/\/delaila.ee\/massaaz\/tantramassaaz\/pesemise-juhised\/#breadcrumb\"},\"inLanguage\":\"et\",\"potentialAction\":[{\"@type\":\"ReadAction\",\"target\":[\"https:\/\/delaila.ee\/massaaz\/tantramassaaz\/pesemise-juhised\/\"]}]},{\"@type\":\"BreadcrumbList\",\"@id\":\"https:\/\/delaila.ee\/massaaz\/tantramassaaz\/pesemise-juhised\/#breadcrumb\",\"itemListElement\":[{\"@type\":\"ListItem\",\"position\":1,\"name\":\"Home\",\"item\":\"https:\/\/delaila.ee\/massaaz\/\"},{\"@type\":\"ListItem\",\"position\":2,\"name\":\"Teraapiline tantramassaa\u017e\",\"item\":\"https:\/\/delaila.ee\/massaaz\/tantramassaaz\/\"},{\"@type\":\"ListItem\",\"position\":3,\"name\":\"Pesemise n\u00f5uanded\"}]},{\"@type\":\"WebSite\",\"@id\":\"https:\/\/delaila.ee\/massaaz\/#website\",\"url\":\"https:\/\/delaila.ee\/massaaz\/\",\"name\":\"Delaila O&Uuml;\",\"description\":\"Massaa\u017ei- ja teraapiatuba\",\"potentialAction\":[{\"@type\":\"SearchAction\",\"target\":{\"@type\":\"EntryPoint\",\"urlTemplate\":\"https:\/\/delaila.ee\/massaaz\/?s={search_term_string}\"},\"query-input\":{\"@type\":\"PropertyValueSpecification\",\"valueRequired\":true,\"valueName\":\"search_term_string\"}}],\"inLanguage\":\"et\"}]}<\/script>\n<!-- \/ Yoast SEO plugin. -->","yoast_head_json":{"title":"Pesemise n\u00f5uanded - Delaila O&Uuml;","robots":{"index":"index","follow":"follow","max-snippet":"max-snippet:-1","max-image-preview":"max-image-preview:large","max-video-preview":"max-video-preview:-1"},"canonical":"https:\/\/delaila.ee\/massaaz\/tantramassaaz\/pesemise-juhised\/","og_locale":"et_EE","og_type":"article","og_title":"Pesemise n\u00f5uanded - Delaila O&Uuml;","og_description":"Selleks, et intiimpiirkonna massaa\u017ei oleks mugav teha, palun end vahetult enne seansile tulekut pesta kuna nahal olevad bakterid reageerivad kiiresti uriini- ja v\u00e4ljaheitej\u00e4\u00e4kidele ning v\u00f5ivad seejuures eritada tugevaid ning ebameeldivaid l\u00f5hnu. Kasuta sooja vett ja sobiva pH-ga pesuvahendit ning pese tekkinud vahuga hoolikalt kogu intiimpiirkond, sh lahkliha piirkond ja anuse \u00fcmbrus. Kui sa oled NAINE, Loe edasi...","og_url":"https:\/\/delaila.ee\/massaaz\/tantramassaaz\/pesemise-juhised\/","og_site_name":"Delaila O&Uuml;","article_modified_time":"2023-12-19T12:29:44+00:00","twitter_card":"summary_large_image","twitter_misc":{"Est. reading time":"1 minut"},"schema":{"@context":"https:\/\/schema.org","@graph":[{"@type":"WebPage","@id":"https:\/\/delaila.ee\/massaaz\/tantramassaaz\/pesemise-juhised\/","url":"https:\/\/delaila.ee\/massaaz\/tantramassaaz\/pesemise-juhised\/","name":"Pesemise n\u00f5uanded - Delaila O&Uuml;","isPartOf":{"@id":"https:\/\/delaila.ee\/massaaz\/#website"},"datePublished":"2023-11-12T08:31:54+00:00","dateModified":"2023-12-19T12:29:44+00:00","breadcrumb":{"@id":"https:\/\/delaila.ee\/massaaz\/tantramassaaz\/pesemise-juhised\/#breadcrumb"},"inLanguage":"et","potentialAction":[{"@type":"ReadAction","target":["https:\/\/delaila.ee\/massaaz\/tantramassaaz\/pesemise-juhised\/"]}]},{"@type":"BreadcrumbList","@id":"https:\/\/delaila.ee\/massaaz\/tantramassaaz\/pesemise-juhised\/#breadcrumb","itemListElement":[{"@type":"ListItem","position":1,"name":"Home","item":"https:\/\/delaila.ee\/massaaz\/"},{"@type":"ListItem","position":2,"name":"Teraapiline tantramassaa\u017e","item":"https:\/\/delaila.ee\/massaaz\/tantramassaaz\/"},{"@type":"ListItem","position":3,"name":"Pesemise n\u00f5uanded"}]},{"@type":"WebSite","@id":"https:\/\/delaila.ee\/massaaz\/#website","url":"https:\/\/delaila.ee\/massaaz\/","name":"Delaila O&Uuml;","description":"Massaa\u017ei- ja teraapiatuba","potentialAction":[{"@type":"SearchAction","target":{"@type":"EntryPoint","urlTemplate":"https:\/\/delaila.ee\/massaaz\/?s={search_term_string}"},"query-input":{"@type":"PropertyValueSpecification","valueRequired":true,"valueName":"search_term_string"}}],"inLanguage":"et"}]}},"_links":{"self":[{"href":"https:\/\/delaila.ee\/massaaz\/wp-json\/wp\/v2\/pages\/1200","targetHints":{"allow":["GET"]}}],"collection":[{"href":"https:\/\/delaila.ee\/massaaz\/wp-json\/wp\/v2\/pages"}],"about":[{"href":"https:\/\/delaila.ee\/massaaz\/wp-json\/wp\/v2\/types\/page"}],"author":[{"embeddable":true,"href":"https:\/\/delaila.ee\/massaaz\/wp-json\/wp\/v2\/users\/1"}],"replies":[{"embeddable":true,"href":"https:\/\/delaila.ee\/massaaz\/wp-json\/wp\/v2\/comments?post=1200"}],"version-history":[{"count":7,"href":"https:\/\/delaila.ee\/massaaz\/wp-json\/wp\/v2\/pages\/1200\/revisions"}],"predecessor-version":[{"id":1220,"href":"https:\/\/delaila.ee\/massaaz\/wp-json\/wp\/v2\/pages\/1200\/revisions\/1220"}],"up":[{"embeddable":true,"href":"https:\/\/delaila.ee\/massaaz\/wp-json\/wp\/v2\/pages\/124"}],"wp:attachment":[{"href":"https:\/\/delaila.ee\/massaaz\/wp-json\/wp\/v2\/media?parent=1200"}],"curies":[{"name":"wp","href":"https:\/\/api.w.org\/{rel}","templated":true}]}}