{"id":113,"date":"2015-11-03T11:22:24","date_gmt":"2015-11-03T11:22:24","guid":{"rendered":"http:\/\/tervepuu.com\/massaaz\/?page_id=113"},"modified":"2019-01-08T13:29:29","modified_gmt":"2019-01-08T13:29:29","slug":"massaazi-vastunaidustused","status":"publish","type":"page","link":"https:\/\/delaila.ee\/massaaz\/massaaz\/massaazi-vastunaidustused\/","title":{"rendered":"Massaazi vastun\u00e4idustused"},"content":{"rendered":"<p>o \u00c4ge s\u00fcdamepuudulikkus (infarkt, ar\u00fctmia, s\u00fcdamelihase p\u00f5letik, reuma)<br \/>\no Liiga k\u00f5rge v\u00f5i madal verer\u00f5hk<br \/>\no Verejooksud<br \/>\no Veenip\u00f5letik<br \/>\no Trombemboolia oht (infarkt, gangreen)<br \/>\no \u00c4ge neeru- v\u00f5i maksapuudulikus<br \/>\no Kasvaja v\u00f5i kasvajakahtlus<br \/>\no Kilpn\u00e4\u00e4rmehaigused<br \/>\no \u00c4gedad traumad (luumurrud, rebendid, p\u00f5letused)<br \/>\no \u00c4gedad p\u00f5letikulised haigused (gripp, palavik)<br \/>\no M\u00e4dased p\u00f5letikud, haavad<br \/>\no Tuberkuloos jt. nakkavad nakkushaigused<br \/>\no Naha- ja suguhaigused, nahaallergia<br \/>\no Suured s\u00fcnnim\u00e4rgid ja verevalumid masseeritavas piirkonnas<br \/>\no Raseduse katkemise oht<br \/>\no Afektiivsed ps\u00fc\u00fchilised seisundid (neurosteenia, viha, \u00e4ge stress)<br \/>\no \u00dclev\u00e4simus<br \/>\no \u00dcldine kurnatus<br \/>\no Alkohoolne v\u00f5i narkootiline joove<br \/>\no K\u00f5htu ei masseerita songa, raseduse, menstruatsiooni, sapi- ja neerukivide puhul<br \/>\no Massaa\u017ei ei tehta ka vahetult peale traumat v\u00f5i operatsiooni<\/p>\n<p>V\u00e4hemalt viis tundi <strong>enne massaa\u017ei<\/strong> ei tohi tarbida alkoholi.<\/p>\n","protected":false},"excerpt":{"rendered":"<p>o \u00c4ge s\u00fcdamepuudulikkus (infarkt, ar\u00fctmia, s\u00fcdamelihase p\u00f5letik, reuma) o Liiga k\u00f5rge v\u00f5i madal verer\u00f5hk o Verejooksud o Veenip\u00f5letik o Trombemboolia oht (infarkt, gangreen) o \u00c4ge neeru- v\u00f5i maksapuudulikus o Kasvaja v\u00f5i kasvajakahtlus o Kilpn\u00e4\u00e4rmehaigused o \u00c4gedad traumad (luumurrud, rebendid, p\u00f5letused) o \u00c4gedad p\u00f5letikulised haigused (gripp, palavik) o M\u00e4dased p\u00f5letikud, haavad o Tuberkuloos jt. nakkavad nakkushaigused <a class=\"read-more\" href=\"https:\/\/delaila.ee\/massaaz\/massaaz\/massaazi-vastunaidustused\/\">Loe edasi&#8230;<\/a><\/p>\n","protected":false},"author":1,"featured_media":0,"parent":16,"menu_order":9,"comment_status":"closed","ping_status":"closed","template":"template-full-width.php","meta":{"_exactmetrics_skip_tracking":false,"_exactmetrics_sitenote_active":false,"_exactmetrics_sitenote_note":"","_exactmetrics_sitenote_category":0,"footnotes":""},"class_list":["post-113","page","type-page","status-publish","hentry"],"yoast_head":"<!-- This site is optimized with the Yoast SEO plugin v26.6 - https:\/\/yoast.com\/wordpress\/plugins\/seo\/ -->\n<title>Massaazi vastun\u00e4idustused - Delaila O&Uuml;<\/title>\n<meta name=\"robots\" content=\"index, follow, max-snippet:-1, max-image-preview:large, max-video-preview:-1\" \/>\n<link rel=\"canonical\" href=\"https:\/\/delaila.ee\/massaaz\/massaaz\/massaazi-vastunaidustused\/\" \/>\n<meta property=\"og:locale\" content=\"et_EE\" \/>\n<meta property=\"og:type\" content=\"article\" \/>\n<meta property=\"og:title\" content=\"Massaazi vastun\u00e4idustused - Delaila O&Uuml;\" \/>\n<meta property=\"og:description\" content=\"o \u00c4ge s\u00fcdamepuudulikkus (infarkt, ar\u00fctmia, s\u00fcdamelihase p\u00f5letik, reuma) o Liiga k\u00f5rge v\u00f5i madal verer\u00f5hk o Verejooksud o Veenip\u00f5letik o Trombemboolia oht (infarkt, gangreen) o \u00c4ge neeru- v\u00f5i maksapuudulikus o Kasvaja v\u00f5i kasvajakahtlus o Kilpn\u00e4\u00e4rmehaigused o \u00c4gedad traumad (luumurrud, rebendid, p\u00f5letused) o \u00c4gedad p\u00f5letikulised haigused (gripp, palavik) o M\u00e4dased p\u00f5letikud, haavad o Tuberkuloos jt. nakkavad nakkushaigused Loe edasi...\" \/>\n<meta property=\"og:url\" content=\"https:\/\/delaila.ee\/massaaz\/massaaz\/massaazi-vastunaidustused\/\" \/>\n<meta property=\"og:site_name\" content=\"Delaila O&Uuml;\" \/>\n<meta property=\"article:modified_time\" content=\"2019-01-08T13:29:29+00:00\" \/>\n<meta name=\"twitter:card\" content=\"summary_large_image\" \/>\n<meta name=\"twitter:label1\" content=\"Est. reading time\" \/>\n\t<meta name=\"twitter:data1\" content=\"1 minut\" \/>\n<script type=\"application\/ld+json\" class=\"yoast-schema-graph\">{\"@context\":\"https:\/\/schema.org\",\"@graph\":[{\"@type\":\"WebPage\",\"@id\":\"https:\/\/delaila.ee\/massaaz\/massaaz\/massaazi-vastunaidustused\/\",\"url\":\"https:\/\/delaila.ee\/massaaz\/massaaz\/massaazi-vastunaidustused\/\",\"name\":\"Massaazi vastun\u00e4idustused - Delaila O&Uuml;\",\"isPartOf\":{\"@id\":\"https:\/\/delaila.ee\/massaaz\/#website\"},\"datePublished\":\"2015-11-03T11:22:24+00:00\",\"dateModified\":\"2019-01-08T13:29:29+00:00\",\"breadcrumb\":{\"@id\":\"https:\/\/delaila.ee\/massaaz\/massaaz\/massaazi-vastunaidustused\/#breadcrumb\"},\"inLanguage\":\"et\",\"potentialAction\":[{\"@type\":\"ReadAction\",\"target\":[\"https:\/\/delaila.ee\/massaaz\/massaaz\/massaazi-vastunaidustused\/\"]}]},{\"@type\":\"BreadcrumbList\",\"@id\":\"https:\/\/delaila.ee\/massaaz\/massaaz\/massaazi-vastunaidustused\/#breadcrumb\",\"itemListElement\":[{\"@type\":\"ListItem\",\"position\":1,\"name\":\"Home\",\"item\":\"https:\/\/delaila.ee\/massaaz\/\"},{\"@type\":\"ListItem\",\"position\":2,\"name\":\"Massaa\u017eid\",\"item\":\"https:\/\/delaila.ee\/massaaz\/massaaz\/\"},{\"@type\":\"ListItem\",\"position\":3,\"name\":\"Massaazi vastun\u00e4idustused\"}]},{\"@type\":\"WebSite\",\"@id\":\"https:\/\/delaila.ee\/massaaz\/#website\",\"url\":\"https:\/\/delaila.ee\/massaaz\/\",\"name\":\"Delaila O&Uuml;\",\"description\":\"Massaa\u017ei- ja teraapiatuba\",\"potentialAction\":[{\"@type\":\"SearchAction\",\"target\":{\"@type\":\"EntryPoint\",\"urlTemplate\":\"https:\/\/delaila.ee\/massaaz\/?s={search_term_string}\"},\"query-input\":{\"@type\":\"PropertyValueSpecification\",\"valueRequired\":true,\"valueName\":\"search_term_string\"}}],\"inLanguage\":\"et\"}]}<\/script>\n<!-- \/ Yoast SEO plugin. -->","yoast_head_json":{"title":"Massaazi vastun\u00e4idustused - Delaila O&Uuml;","robots":{"index":"index","follow":"follow","max-snippet":"max-snippet:-1","max-image-preview":"max-image-preview:large","max-video-preview":"max-video-preview:-1"},"canonical":"https:\/\/delaila.ee\/massaaz\/massaaz\/massaazi-vastunaidustused\/","og_locale":"et_EE","og_type":"article","og_title":"Massaazi vastun\u00e4idustused - Delaila O&Uuml;","og_description":"o \u00c4ge s\u00fcdamepuudulikkus (infarkt, ar\u00fctmia, s\u00fcdamelihase p\u00f5letik, reuma) o Liiga k\u00f5rge v\u00f5i madal verer\u00f5hk o Verejooksud o Veenip\u00f5letik o Trombemboolia oht (infarkt, gangreen) o \u00c4ge neeru- v\u00f5i maksapuudulikus o Kasvaja v\u00f5i kasvajakahtlus o Kilpn\u00e4\u00e4rmehaigused o \u00c4gedad traumad (luumurrud, rebendid, p\u00f5letused) o \u00c4gedad p\u00f5letikulised haigused (gripp, palavik) o M\u00e4dased p\u00f5letikud, haavad o Tuberkuloos jt. nakkavad nakkushaigused Loe edasi...","og_url":"https:\/\/delaila.ee\/massaaz\/massaaz\/massaazi-vastunaidustused\/","og_site_name":"Delaila O&Uuml;","article_modified_time":"2019-01-08T13:29:29+00:00","twitter_card":"summary_large_image","twitter_misc":{"Est. reading time":"1 minut"},"schema":{"@context":"https:\/\/schema.org","@graph":[{"@type":"WebPage","@id":"https:\/\/delaila.ee\/massaaz\/massaaz\/massaazi-vastunaidustused\/","url":"https:\/\/delaila.ee\/massaaz\/massaaz\/massaazi-vastunaidustused\/","name":"Massaazi vastun\u00e4idustused - Delaila O&Uuml;","isPartOf":{"@id":"https:\/\/delaila.ee\/massaaz\/#website"},"datePublished":"2015-11-03T11:22:24+00:00","dateModified":"2019-01-08T13:29:29+00:00","breadcrumb":{"@id":"https:\/\/delaila.ee\/massaaz\/massaaz\/massaazi-vastunaidustused\/#breadcrumb"},"inLanguage":"et","potentialAction":[{"@type":"ReadAction","target":["https:\/\/delaila.ee\/massaaz\/massaaz\/massaazi-vastunaidustused\/"]}]},{"@type":"BreadcrumbList","@id":"https:\/\/delaila.ee\/massaaz\/massaaz\/massaazi-vastunaidustused\/#breadcrumb","itemListElement":[{"@type":"ListItem","position":1,"name":"Home","item":"https:\/\/delaila.ee\/massaaz\/"},{"@type":"ListItem","position":2,"name":"Massaa\u017eid","item":"https:\/\/delaila.ee\/massaaz\/massaaz\/"},{"@type":"ListItem","position":3,"name":"Massaazi vastun\u00e4idustused"}]},{"@type":"WebSite","@id":"https:\/\/delaila.ee\/massaaz\/#website","url":"https:\/\/delaila.ee\/massaaz\/","name":"Delaila O&Uuml;","description":"Massaa\u017ei- ja teraapiatuba","potentialAction":[{"@type":"SearchAction","target":{"@type":"EntryPoint","urlTemplate":"https:\/\/delaila.ee\/massaaz\/?s={search_term_string}"},"query-input":{"@type":"PropertyValueSpecification","valueRequired":true,"valueName":"search_term_string"}}],"inLanguage":"et"}]}},"_links":{"self":[{"href":"https:\/\/delaila.ee\/massaaz\/wp-json\/wp\/v2\/pages\/113","targetHints":{"allow":["GET"]}}],"collection":[{"href":"https:\/\/delaila.ee\/massaaz\/wp-json\/wp\/v2\/pages"}],"about":[{"href":"https:\/\/delaila.ee\/massaaz\/wp-json\/wp\/v2\/types\/page"}],"author":[{"embeddable":true,"href":"https:\/\/delaila.ee\/massaaz\/wp-json\/wp\/v2\/users\/1"}],"replies":[{"embeddable":true,"href":"https:\/\/delaila.ee\/massaaz\/wp-json\/wp\/v2\/comments?post=113"}],"version-history":[{"count":3,"href":"https:\/\/delaila.ee\/massaaz\/wp-json\/wp\/v2\/pages\/113\/revisions"}],"predecessor-version":[{"id":721,"href":"https:\/\/delaila.ee\/massaaz\/wp-json\/wp\/v2\/pages\/113\/revisions\/721"}],"up":[{"embeddable":true,"href":"https:\/\/delaila.ee\/massaaz\/wp-json\/wp\/v2\/pages\/16"}],"wp:attachment":[{"href":"https:\/\/delaila.ee\/massaaz\/wp-json\/wp\/v2\/media?parent=113"}],"curies":[{"name":"wp","href":"https:\/\/api.w.org\/{rel}","templated":true}]}}