{"id":785,"date":"2019-01-31T10:37:07","date_gmt":"2019-01-31T10:37:07","guid":{"rendered":"http:\/\/tervepuu.com\/haljastus\/?page_id=785"},"modified":"2024-03-26T09:37:44","modified_gmt":"2024-03-26T09:37:44","slug":"dendrohinnangud","status":"publish","type":"page","link":"https:\/\/delaila.ee\/haljastus\/dendrohinnangud\/","title":{"rendered":"Dendroloogiline inventeerimine"},"content":{"rendered":"<h4><span style=\"color: #008000;\"><strong>Dendroloogiline inventeerimine\u00a0 \u00a0 \u00a0 \u00a0 \u00a0 \u00a0 \u00a0<a href=\"https:\/\/delaila.ee\/haljastus\/wp-content\/uploads\/2023\/03\/LOGO-vaike-1.jpg\" rel=\"lightbox[785]\"><img loading=\"lazy\" decoding=\"async\" class=\"wp-image-1016 alignright\" src=\"https:\/\/delaila.ee\/haljastus\/wp-content\/uploads\/2023\/03\/LOGO-vaike-1-150x150.jpg\" alt=\"\" width=\"126\" height=\"126\" \/><\/a><\/strong><\/span><\/h4>\n<p>(ka dendroloogiline uuring v\u00f5i hindamine) annab kompleksse \u00fclevaate puittaimede liikidest, seisundist, haljastusv\u00e4\u00e4rtusest, kirjeldab kahjustusi ja pakub v\u00e4lja ettepanekud edasisteks hooldust\u00f6\u00f6deks puude seisundi parandamiseks v\u00f5i nende s\u00e4ilitamiseks ja kaitseks.<\/p>\n<h4><span style=\"color: #008000;\"><strong>H<\/strong><strong><strong>alj<\/strong>astuse inventeerimine<\/strong><\/span><\/h4>\n<p>annab lisaks \u00fclevaate ka kasvukohat\u00fc\u00fcpidest, rohttaimedest, kaitsealustest taimeliikidest jne.<\/p>\n<p><strong>T\u00c4ISMAHUS DENDROLOOGILINE\/HALJASTUSE INVENTUUR <\/strong>koosneb v\u00e4lit\u00f6\u00f6dest, tulemuste vormistusest seletuskirjas ja alusplaanil (see on n\u00f5utav nt mitmetes omavalitsustes <strong>enne<\/strong> kavandatavat raiet v\u00f5i ehitustegevust). <br \/><span style=\"text-decoration: underline; color: #800080;\"><strong>HIND s\u00f5ltub hinnatavate puude\/p\u00f5\u00f5saste arvust, min hind 364 eurot <\/strong>(km ei lisandu).<\/span><\/p>\n<p><strong>SUULISE V\u00d5I LIHTSUSTATUD VORMIS HINNANGU<\/strong> v\u00f5ib tellida <strong>koduaia puude seisundi<\/strong> v\u00e4ljaselgitamiseks ja edasiste t\u00f6\u00f6de planeerimiseks (raie, l\u00f5ikus, sidumine v\u00f5i toestamine, ehitusaegne kaitse, asendamine jne). <br \/><span style=\"text-decoration: underline; color: #800080;\"><span style=\"text-decoration: underline;\"><strong>HIND suulisel \u00fclevaatusel 50 eurot tund, min hind 100 eurot <\/strong>(km ei lisandu, v\u00e4ljaspool Tallinna linna ja Harku valda lisanduvad s\u00f5iduga seonduvad kulud)<\/span><strong><span style=\"text-decoration: underline;\">.<\/span><\/strong><\/span><\/p>\n<p>\u00dcldjuhul on hinnangu vormistamiseks <strong>vajalik geodeetilise alusplaani olemasolu <\/strong>m\u00f5\u00f5tkavas v\u00e4hemalt 1:500, millele on kantud puud <strong>alates rinnadiameetrist 8 cm ja k\u00f5ik p\u00f5\u00f5sad v\u00f5i p\u00f5\u00f5sar\u00fchmad.<\/strong><\/p>\n<p><img loading=\"lazy\" decoding=\"async\" class=\"wp-image-1083  alignleft\" src=\"https:\/\/delaila.ee\/haljastus\/wp-content\/uploads\/2023\/03\/20190930_181352-1024x711.jpg\" alt=\"\" width=\"859\" height=\"597\" srcset=\"https:\/\/delaila.ee\/haljastus\/wp-content\/uploads\/2023\/03\/20190930_181352-1024x711.jpg 1024w, https:\/\/delaila.ee\/haljastus\/wp-content\/uploads\/2023\/03\/20190930_181352-300x208.jpg 300w, https:\/\/delaila.ee\/haljastus\/wp-content\/uploads\/2023\/03\/20190930_181352-768x533.jpg 768w, https:\/\/delaila.ee\/haljastus\/wp-content\/uploads\/2023\/03\/20190930_181352-1536x1066.jpg 1536w, https:\/\/delaila.ee\/haljastus\/wp-content\/uploads\/2023\/03\/20190930_181352-2048x1422.jpg 2048w\" sizes=\"auto, (max-width: 859px) 100vw, 859px\" \/><strong><em style=\"font-size: revert; color: initial;\">Foto: inventeerimise v\u00e4lit\u00f6\u00f6, puu rinnasdiameetri m\u00f5\u00f5tmine.<\/em><\/strong><\/p>\n<p><em style=\"font-size: revert; color: initial;\">Puittaimede hindaja on ulatusliku kogemusega spetsialist, kes juhendab puuhooldust\u00f6\u00f6de, sh istutust\u00f6\u00f6de l\u00e4biviimist, annab erialast n\u00f5u hangete korraldamisel ning teostab j\u00e4relevalvet puuhooldus- ja istutust\u00f6\u00f6de \u00fcle ning puude kaitsemeetmete rakendamise \u00fcle ehitusobjektidel. Samuti hindab puitta<span id=\"5c52d37bbace7_span\" class=\"peidus\">imede seisundit ja v\u00e4\u00e4rtust ning dokumenteerib hindamistulemusi, annab puuhooldusega seotud soovitusi ning koostab eksperthinnanguid.<\/span><\/em><\/p>\n<p style=\"text-align: left;\"><span style=\"color: #800080;\"><strong>VAATA KA:<\/strong><\/span><br \/><strong>Tallinn<\/strong> <a href=\"https:\/\/www.riigiteataja.ee\/akt\/417062020004\" target=\"_blank\" rel=\"noopener\">Haljastuse inventeerimise kord<\/a><br \/><a href=\"https:\/\/www.riigiteataja.ee\/akt\/423022021005\" target=\"_blank\" rel=\"noopener\">Raie- ja hooldusl\u00f5ikusloa andmise kord<\/a><br \/><strong>Haapsalu<\/strong>\u00a0<a href=\"https:\/\/www.riigiteataja.ee\/akt\/427062013095\" target=\"_blank\" rel=\"noopener\">Puude raie kord Haapsalu linnas<\/a><br \/><strong>Harku vald<\/strong><a href=\"https:\/\/www.harku.ee\/documents\/2846103\/14283771\/Juhend+detailplaneeringu+koostamiseks.pdf\" target=\"_blank\" rel=\"noopener\">\u00a0Juhend detailplaneeringu koostamiseks<br \/><\/a><a href=\"https:\/\/www.riigiteataja.ee\/akt\/411042018051\" target=\"_blank\" rel=\"noopener\">Puude raiumiseks loa andmise kord Harku vallas<\/a><br \/><strong>J\u00f5el\u00e4htme vald <\/strong><a href=\"https:\/\/www.riigiteataja.ee\/akt\/427022013008?leiaKehtiv\" target=\"_blank\" rel=\"noopener\">Raieloa v\u00e4ljaandmise tingimused ja kord<\/a><br \/><strong>Keila linn<\/strong>\u00a0<a href=\"https:\/\/www.riigiteataja.ee\/akt\/421122013047?leiaKehtiv\" target=\"_blank\" rel=\"noopener\">Raieloa andmise tingimused ja kord<\/a><br \/><strong>Maardu linn<\/strong> <a href=\"https:\/\/www.riigiteataja.ee\/aktilisa\/4310\/5201\/4038\/mar03281028lisa.pdf#\" target=\"_blank\" rel=\"noopener\">Maardu linna haljastuse taastamistasu eeskiri<\/a><br \/><strong>P\u00e4rnu<\/strong>\u00a0<a href=\"https:\/\/www.riigiteataja.ee\/akt\/418012019013\" target=\"_blank\" rel=\"noopener\">Raieloa andmise kord<\/a><br \/><strong>Rae vald<\/strong> <a href=\"https:\/\/www.riigiteataja.ee\/akt\/407092022005\" target=\"_blank\" rel=\"noopener\">Haljastuse hindamise metoodika ning avaliku ala haljastuse n\u00f5uded<\/a><br \/><a href=\"https:\/\/www.riigiteataja.ee\/akt\/408052014074\" target=\"_blank\" rel=\"noopener\">Puu raieloa andmise kord Rae vallas<\/a><br \/><strong>Saue vald<\/strong> <a href=\"https:\/\/www.riigiteataja.ee\/akt\/431122021013\" target=\"_blank\" rel=\"noopener\">Puu raie- ja hooldusl\u00f5ikusloa andmise tingimused ja kord<\/a><br \/><strong>Valga<\/strong> <a href=\"https:\/\/www.riigiteataja.ee\/akt\/405042019014\" target=\"_blank\" rel=\"noopener\">Puu raieks ja hooldusl\u00f5ikuseks loa andmise kord<\/a><br \/><strong style=\"font-size: revert; color: initial;\">Viimsi vald<\/strong><span style=\"font-size: revert; color: initial;\">\u00a0<\/span><a style=\"font-size: revert;\" href=\"https:\/\/www.riigiteataja.ee\/akt\/822669\" target=\"_blank\" rel=\"noopener\">Puude raie kord Viimsi valla tiheasustusalal<\/a><\/p>\n\n","protected":false},"excerpt":{"rendered":"<p>Dendroloogiline inventeerimine\u00a0 \u00a0 \u00a0 \u00a0 \u00a0 \u00a0 \u00a0 (ka dendroloogiline uuring v\u00f5i hindamine) annab kompleksse \u00fclevaate puittaimede liikidest, seisundist, haljastusv\u00e4\u00e4rtusest, kirjeldab kahjustusi ja pakub v\u00e4lja ettepanekud edasisteks hooldust\u00f6\u00f6deks puude seisundi parandamiseks v\u00f5i nende s\u00e4ilitamiseks ja kaitseks. Haljastuse inventeerimine annab lisaks \u00fclevaate ka kasvukohat\u00fc\u00fcpidest, rohttaimedest, kaitsealustest taimeliikidest jne. T\u00c4ISMAHUS DENDROLOOGILINE\/HALJASTUSE INVENTUUR koosneb v\u00e4lit\u00f6\u00f6dest, tulemuste vormistusest seletuskirjas <a class=\"read-more\" href=\"https:\/\/delaila.ee\/haljastus\/dendrohinnangud\/\">Loe edasi&#8230;<\/a><\/p>\n","protected":false},"author":1,"featured_media":0,"parent":0,"menu_order":0,"comment_status":"closed","ping_status":"closed","template":"","meta":{"_exactmetrics_skip_tracking":false,"_exactmetrics_sitenote_active":false,"_exactmetrics_sitenote_note":"","_exactmetrics_sitenote_category":0,"footnotes":""},"class_list":["post-785","page","type-page","status-publish","hentry"],"yoast_head":"<!-- This site is optimized with the Yoast SEO plugin v26.6 - https:\/\/yoast.com\/wordpress\/plugins\/seo\/ -->\n<title>Dendroloogiline inventeerimine - Delaila O&Uuml;<\/title>\n<meta name=\"robots\" content=\"index, follow, max-snippet:-1, max-image-preview:large, max-video-preview:-1\" \/>\n<link rel=\"canonical\" href=\"https:\/\/delaila.ee\/haljastus\/dendrohinnangud\/\" \/>\n<meta property=\"og:locale\" content=\"en_US\" \/>\n<meta property=\"og:type\" content=\"article\" \/>\n<meta property=\"og:title\" content=\"Dendroloogiline inventeerimine - Delaila O&Uuml;\" \/>\n<meta property=\"og:description\" content=\"Dendroloogiline inventeerimine\u00a0 \u00a0 \u00a0 \u00a0 \u00a0 \u00a0 \u00a0 (ka dendroloogiline uuring v\u00f5i hindamine) annab kompleksse \u00fclevaate puittaimede liikidest, seisundist, haljastusv\u00e4\u00e4rtusest, kirjeldab kahjustusi ja pakub v\u00e4lja ettepanekud edasisteks hooldust\u00f6\u00f6deks puude seisundi parandamiseks v\u00f5i nende s\u00e4ilitamiseks ja kaitseks. Haljastuse inventeerimine annab lisaks \u00fclevaate ka kasvukohat\u00fc\u00fcpidest, rohttaimedest, kaitsealustest taimeliikidest jne. T\u00c4ISMAHUS DENDROLOOGILINE\/HALJASTUSE INVENTUUR koosneb v\u00e4lit\u00f6\u00f6dest, tulemuste vormistusest seletuskirjas Loe edasi...\" \/>\n<meta property=\"og:url\" content=\"https:\/\/delaila.ee\/haljastus\/dendrohinnangud\/\" \/>\n<meta property=\"og:site_name\" content=\"Delaila O&Uuml;\" \/>\n<meta property=\"article:modified_time\" content=\"2024-03-26T09:37:44+00:00\" \/>\n<meta property=\"og:image\" content=\"https:\/\/delaila.ee\/haljastus\/wp-content\/uploads\/2023\/03\/LOGO-vaike-1-150x150.jpg\" \/>\n<meta name=\"twitter:card\" content=\"summary_large_image\" \/>\n<meta name=\"twitter:label1\" content=\"Est. reading time\" \/>\n\t<meta name=\"twitter:data1\" content=\"2 minutes\" \/>\n<script type=\"application\/ld+json\" class=\"yoast-schema-graph\">{\"@context\":\"https:\/\/schema.org\",\"@graph\":[{\"@type\":\"WebPage\",\"@id\":\"https:\/\/delaila.ee\/haljastus\/dendrohinnangud\/\",\"url\":\"https:\/\/delaila.ee\/haljastus\/dendrohinnangud\/\",\"name\":\"Dendroloogiline inventeerimine - Delaila O&Uuml;\",\"isPartOf\":{\"@id\":\"https:\/\/delaila.ee\/haljastus\/#website\"},\"primaryImageOfPage\":{\"@id\":\"https:\/\/delaila.ee\/haljastus\/dendrohinnangud\/#primaryimage\"},\"image\":{\"@id\":\"https:\/\/delaila.ee\/haljastus\/dendrohinnangud\/#primaryimage\"},\"thumbnailUrl\":\"https:\/\/delaila.ee\/haljastus\/wp-content\/uploads\/2023\/03\/LOGO-vaike-1-150x150.jpg\",\"datePublished\":\"2019-01-31T10:37:07+00:00\",\"dateModified\":\"2024-03-26T09:37:44+00:00\",\"breadcrumb\":{\"@id\":\"https:\/\/delaila.ee\/haljastus\/dendrohinnangud\/#breadcrumb\"},\"inLanguage\":\"en\",\"potentialAction\":[{\"@type\":\"ReadAction\",\"target\":[\"https:\/\/delaila.ee\/haljastus\/dendrohinnangud\/\"]}]},{\"@type\":\"ImageObject\",\"inLanguage\":\"en\",\"@id\":\"https:\/\/delaila.ee\/haljastus\/dendrohinnangud\/#primaryimage\",\"url\":\"https:\/\/delaila.ee\/haljastus\/wp-content\/uploads\/2023\/03\/LOGO-vaike-1.jpg\",\"contentUrl\":\"https:\/\/delaila.ee\/haljastus\/wp-content\/uploads\/2023\/03\/LOGO-vaike-1.jpg\",\"width\":630,\"height\":600},{\"@type\":\"BreadcrumbList\",\"@id\":\"https:\/\/delaila.ee\/haljastus\/dendrohinnangud\/#breadcrumb\",\"itemListElement\":[{\"@type\":\"ListItem\",\"position\":1,\"name\":\"Home\",\"item\":\"https:\/\/delaila.ee\/haljastus\/\"},{\"@type\":\"ListItem\",\"position\":2,\"name\":\"Dendroloogiline inventeerimine\"}]},{\"@type\":\"WebSite\",\"@id\":\"https:\/\/delaila.ee\/haljastus\/#website\",\"url\":\"https:\/\/delaila.ee\/haljastus\/\",\"name\":\"Delaila O&Uuml;\",\"description\":\"Dendroloogia ja aiakujundus\",\"potentialAction\":[{\"@type\":\"SearchAction\",\"target\":{\"@type\":\"EntryPoint\",\"urlTemplate\":\"https:\/\/delaila.ee\/haljastus\/?s={search_term_string}\"},\"query-input\":{\"@type\":\"PropertyValueSpecification\",\"valueRequired\":true,\"valueName\":\"search_term_string\"}}],\"inLanguage\":\"en\"}]}<\/script>\n<!-- \/ Yoast SEO plugin. -->","yoast_head_json":{"title":"Dendroloogiline inventeerimine - Delaila O&Uuml;","robots":{"index":"index","follow":"follow","max-snippet":"max-snippet:-1","max-image-preview":"max-image-preview:large","max-video-preview":"max-video-preview:-1"},"canonical":"https:\/\/delaila.ee\/haljastus\/dendrohinnangud\/","og_locale":"en_US","og_type":"article","og_title":"Dendroloogiline inventeerimine - Delaila O&Uuml;","og_description":"Dendroloogiline inventeerimine\u00a0 \u00a0 \u00a0 \u00a0 \u00a0 \u00a0 \u00a0 (ka dendroloogiline uuring v\u00f5i hindamine) annab kompleksse \u00fclevaate puittaimede liikidest, seisundist, haljastusv\u00e4\u00e4rtusest, kirjeldab kahjustusi ja pakub v\u00e4lja ettepanekud edasisteks hooldust\u00f6\u00f6deks puude seisundi parandamiseks v\u00f5i nende s\u00e4ilitamiseks ja kaitseks. Haljastuse inventeerimine annab lisaks \u00fclevaate ka kasvukohat\u00fc\u00fcpidest, rohttaimedest, kaitsealustest taimeliikidest jne. T\u00c4ISMAHUS DENDROLOOGILINE\/HALJASTUSE INVENTUUR koosneb v\u00e4lit\u00f6\u00f6dest, tulemuste vormistusest seletuskirjas Loe edasi...","og_url":"https:\/\/delaila.ee\/haljastus\/dendrohinnangud\/","og_site_name":"Delaila O&Uuml;","article_modified_time":"2024-03-26T09:37:44+00:00","og_image":[{"url":"https:\/\/delaila.ee\/haljastus\/wp-content\/uploads\/2023\/03\/LOGO-vaike-1-150x150.jpg","type":"","width":"","height":""}],"twitter_card":"summary_large_image","twitter_misc":{"Est. reading time":"2 minutes"},"schema":{"@context":"https:\/\/schema.org","@graph":[{"@type":"WebPage","@id":"https:\/\/delaila.ee\/haljastus\/dendrohinnangud\/","url":"https:\/\/delaila.ee\/haljastus\/dendrohinnangud\/","name":"Dendroloogiline inventeerimine - Delaila O&Uuml;","isPartOf":{"@id":"https:\/\/delaila.ee\/haljastus\/#website"},"primaryImageOfPage":{"@id":"https:\/\/delaila.ee\/haljastus\/dendrohinnangud\/#primaryimage"},"image":{"@id":"https:\/\/delaila.ee\/haljastus\/dendrohinnangud\/#primaryimage"},"thumbnailUrl":"https:\/\/delaila.ee\/haljastus\/wp-content\/uploads\/2023\/03\/LOGO-vaike-1-150x150.jpg","datePublished":"2019-01-31T10:37:07+00:00","dateModified":"2024-03-26T09:37:44+00:00","breadcrumb":{"@id":"https:\/\/delaila.ee\/haljastus\/dendrohinnangud\/#breadcrumb"},"inLanguage":"en","potentialAction":[{"@type":"ReadAction","target":["https:\/\/delaila.ee\/haljastus\/dendrohinnangud\/"]}]},{"@type":"ImageObject","inLanguage":"en","@id":"https:\/\/delaila.ee\/haljastus\/dendrohinnangud\/#primaryimage","url":"https:\/\/delaila.ee\/haljastus\/wp-content\/uploads\/2023\/03\/LOGO-vaike-1.jpg","contentUrl":"https:\/\/delaila.ee\/haljastus\/wp-content\/uploads\/2023\/03\/LOGO-vaike-1.jpg","width":630,"height":600},{"@type":"BreadcrumbList","@id":"https:\/\/delaila.ee\/haljastus\/dendrohinnangud\/#breadcrumb","itemListElement":[{"@type":"ListItem","position":1,"name":"Home","item":"https:\/\/delaila.ee\/haljastus\/"},{"@type":"ListItem","position":2,"name":"Dendroloogiline inventeerimine"}]},{"@type":"WebSite","@id":"https:\/\/delaila.ee\/haljastus\/#website","url":"https:\/\/delaila.ee\/haljastus\/","name":"Delaila O&Uuml;","description":"Dendroloogia ja aiakujundus","potentialAction":[{"@type":"SearchAction","target":{"@type":"EntryPoint","urlTemplate":"https:\/\/delaila.ee\/haljastus\/?s={search_term_string}"},"query-input":{"@type":"PropertyValueSpecification","valueRequired":true,"valueName":"search_term_string"}}],"inLanguage":"en"}]}},"_links":{"self":[{"href":"https:\/\/delaila.ee\/haljastus\/wp-json\/wp\/v2\/pages\/785","targetHints":{"allow":["GET"]}}],"collection":[{"href":"https:\/\/delaila.ee\/haljastus\/wp-json\/wp\/v2\/pages"}],"about":[{"href":"https:\/\/delaila.ee\/haljastus\/wp-json\/wp\/v2\/types\/page"}],"author":[{"embeddable":true,"href":"https:\/\/delaila.ee\/haljastus\/wp-json\/wp\/v2\/users\/1"}],"replies":[{"embeddable":true,"href":"https:\/\/delaila.ee\/haljastus\/wp-json\/wp\/v2\/comments?post=785"}],"version-history":[{"count":63,"href":"https:\/\/delaila.ee\/haljastus\/wp-json\/wp\/v2\/pages\/785\/revisions"}],"predecessor-version":[{"id":1393,"href":"https:\/\/delaila.ee\/haljastus\/wp-json\/wp\/v2\/pages\/785\/revisions\/1393"}],"wp:attachment":[{"href":"https:\/\/delaila.ee\/haljastus\/wp-json\/wp\/v2\/media?parent=785"}],"curies":[{"name":"wp","href":"https:\/\/api.w.org\/{rel}","templated":true}]}}