{"id":722,"date":"2016-11-17T11:18:55","date_gmt":"2016-11-17T11:18:55","guid":{"rendered":"http:\/\/tervepuu.com\/haljastus\/?page_id=722"},"modified":"2023-03-04T13:06:32","modified_gmt":"2023-03-04T13:06:32","slug":"sisehaljastus","status":"publish","type":"page","link":"https:\/\/delaila.ee\/haljastus\/sisehaljastus\/","title":{"rendered":"Sisehaljastus"},"content":{"rendered":"<h4><strong style=\"color: #008000; font-size: revert;\">Pakun sisehaljastuse alaseid konsultatsioone ja n\u00f5ustan siseruumide taimestamisel.<\/strong><\/h4>\n<p>\u00dcle poole aastast veedame siseruumides, seega on h\u00e4sti l\u00e4bim\u00f5eldud sisehaljastusel oluline roll nii esteetilisest kui ka ruumi mikrokliima ja energeetilise m\u00f5ju vaatepunktist.<\/p>\n<p>Toalilled v\u00f5ivad avada terve harmoonia maailma, puhastada maja ja kaitsta seda ebameeldivustest. Toalilled aitavad arendada loomingulisi v\u00f5imeid, m\u00f5juvad h\u00e4sti s\u00fcdamele ja veresoonkonnale ning f\u00fc\u00fcsilisele, ps\u00fc\u00fchilisele ja inimese energeetilisele seisundile \u00fcldiselt. Toalilled v\u00e4hendavad kodutehnika ja s\u00fcnteetiliste ainete halba m\u00f5ju ruumis, puhastades enda \u00fcmbrust, loovad m\u00f5nusa keskkonna ja kaitsevad ruumi halbade m\u00f5jude eest.<br \/>\nToalille peamiseks organiks, mis m\u00f5jub ruumis on lehestik, mis puhastab. \u00dclej\u00e4\u00e4nud taime osad m\u00f5jutavad kodu ja inimese energeetikat, tugevdades v\u00f5i v\u00e4hendades teatud energiaid, meelitades v\u00f5i t\u00f5rjudes neid, muundades v\u00f5i tasakaalustades lainete ja energia tasakaalu.<\/p>\n<p>Kaunilt kujundatud siseruumis m\u00f5jub maitsekas ja h\u00e4stil\u00e4bim\u00f5eldud taimestus t\u00e4pina i t\u00e4hel, samal ajal kui juhuslik taimevalik v\u00f5ib \u00fcldmuljele hoopis negatiivselt m\u00f5juda.<\/p>\n<p>Peamine, mida tuleb silmas pidada \u2013 toalillede eest tuleb hoolitseda ja kinkida neile oma armastust, vaid siis on neist kindel kaitse paljude eluprobleemide eest :).<\/p>\n","protected":false},"excerpt":{"rendered":"<p>Pakun sisehaljastuse alaseid konsultatsioone ja n\u00f5ustan siseruumide taimestamisel. \u00dcle poole aastast veedame siseruumides, seega on h\u00e4sti l\u00e4bim\u00f5eldud sisehaljastusel oluline roll nii esteetilisest kui ka ruumi mikrokliima ja energeetilise m\u00f5ju vaatepunktist. Toalilled v\u00f5ivad avada terve harmoonia maailma, puhastada maja ja kaitsta seda ebameeldivustest. Toalilled aitavad arendada loomingulisi v\u00f5imeid, m\u00f5juvad h\u00e4sti s\u00fcdamele ja veresoonkonnale ning f\u00fc\u00fcsilisele, ps\u00fc\u00fchilisele <a class=\"read-more\" href=\"https:\/\/delaila.ee\/haljastus\/sisehaljastus\/\">Loe edasi&#8230;<\/a><\/p>\n","protected":false},"author":1,"featured_media":0,"parent":0,"menu_order":6,"comment_status":"closed","ping_status":"closed","template":"","meta":{"_exactmetrics_skip_tracking":false,"_exactmetrics_sitenote_active":false,"_exactmetrics_sitenote_note":"","_exactmetrics_sitenote_category":0,"footnotes":""},"class_list":["post-722","page","type-page","status-publish","hentry"],"yoast_head":"<!-- This site is optimized with the Yoast SEO plugin v26.6 - https:\/\/yoast.com\/wordpress\/plugins\/seo\/ -->\n<title>Sisehaljastus - Delaila O&Uuml;<\/title>\n<meta name=\"robots\" content=\"index, follow, max-snippet:-1, max-image-preview:large, max-video-preview:-1\" \/>\n<link rel=\"canonical\" href=\"https:\/\/delaila.ee\/haljastus\/sisehaljastus\/\" \/>\n<meta property=\"og:locale\" content=\"en_US\" \/>\n<meta property=\"og:type\" content=\"article\" \/>\n<meta property=\"og:title\" content=\"Sisehaljastus - Delaila O&Uuml;\" \/>\n<meta property=\"og:description\" content=\"Pakun sisehaljastuse alaseid konsultatsioone ja n\u00f5ustan siseruumide taimestamisel. \u00dcle poole aastast veedame siseruumides, seega on h\u00e4sti l\u00e4bim\u00f5eldud sisehaljastusel oluline roll nii esteetilisest kui ka ruumi mikrokliima ja energeetilise m\u00f5ju vaatepunktist. Toalilled v\u00f5ivad avada terve harmoonia maailma, puhastada maja ja kaitsta seda ebameeldivustest. Toalilled aitavad arendada loomingulisi v\u00f5imeid, m\u00f5juvad h\u00e4sti s\u00fcdamele ja veresoonkonnale ning f\u00fc\u00fcsilisele, ps\u00fc\u00fchilisele Loe edasi...\" \/>\n<meta property=\"og:url\" content=\"https:\/\/delaila.ee\/haljastus\/sisehaljastus\/\" \/>\n<meta property=\"og:site_name\" content=\"Delaila O&Uuml;\" \/>\n<meta property=\"article:modified_time\" content=\"2023-03-04T13:06:32+00:00\" \/>\n<meta name=\"twitter:card\" content=\"summary_large_image\" \/>\n<meta name=\"twitter:label1\" content=\"Est. reading time\" \/>\n\t<meta name=\"twitter:data1\" content=\"1 minute\" \/>\n<script type=\"application\/ld+json\" class=\"yoast-schema-graph\">{\"@context\":\"https:\/\/schema.org\",\"@graph\":[{\"@type\":\"WebPage\",\"@id\":\"https:\/\/delaila.ee\/haljastus\/sisehaljastus\/\",\"url\":\"https:\/\/delaila.ee\/haljastus\/sisehaljastus\/\",\"name\":\"Sisehaljastus - Delaila O&Uuml;\",\"isPartOf\":{\"@id\":\"https:\/\/delaila.ee\/haljastus\/#website\"},\"datePublished\":\"2016-11-17T11:18:55+00:00\",\"dateModified\":\"2023-03-04T13:06:32+00:00\",\"breadcrumb\":{\"@id\":\"https:\/\/delaila.ee\/haljastus\/sisehaljastus\/#breadcrumb\"},\"inLanguage\":\"en\",\"potentialAction\":[{\"@type\":\"ReadAction\",\"target\":[\"https:\/\/delaila.ee\/haljastus\/sisehaljastus\/\"]}]},{\"@type\":\"BreadcrumbList\",\"@id\":\"https:\/\/delaila.ee\/haljastus\/sisehaljastus\/#breadcrumb\",\"itemListElement\":[{\"@type\":\"ListItem\",\"position\":1,\"name\":\"Home\",\"item\":\"https:\/\/delaila.ee\/haljastus\/\"},{\"@type\":\"ListItem\",\"position\":2,\"name\":\"Sisehaljastus\"}]},{\"@type\":\"WebSite\",\"@id\":\"https:\/\/delaila.ee\/haljastus\/#website\",\"url\":\"https:\/\/delaila.ee\/haljastus\/\",\"name\":\"Delaila O&Uuml;\",\"description\":\"Dendroloogia ja aiakujundus\",\"potentialAction\":[{\"@type\":\"SearchAction\",\"target\":{\"@type\":\"EntryPoint\",\"urlTemplate\":\"https:\/\/delaila.ee\/haljastus\/?s={search_term_string}\"},\"query-input\":{\"@type\":\"PropertyValueSpecification\",\"valueRequired\":true,\"valueName\":\"search_term_string\"}}],\"inLanguage\":\"en\"}]}<\/script>\n<!-- \/ Yoast SEO plugin. -->","yoast_head_json":{"title":"Sisehaljastus - Delaila O&Uuml;","robots":{"index":"index","follow":"follow","max-snippet":"max-snippet:-1","max-image-preview":"max-image-preview:large","max-video-preview":"max-video-preview:-1"},"canonical":"https:\/\/delaila.ee\/haljastus\/sisehaljastus\/","og_locale":"en_US","og_type":"article","og_title":"Sisehaljastus - Delaila O&Uuml;","og_description":"Pakun sisehaljastuse alaseid konsultatsioone ja n\u00f5ustan siseruumide taimestamisel. \u00dcle poole aastast veedame siseruumides, seega on h\u00e4sti l\u00e4bim\u00f5eldud sisehaljastusel oluline roll nii esteetilisest kui ka ruumi mikrokliima ja energeetilise m\u00f5ju vaatepunktist. Toalilled v\u00f5ivad avada terve harmoonia maailma, puhastada maja ja kaitsta seda ebameeldivustest. Toalilled aitavad arendada loomingulisi v\u00f5imeid, m\u00f5juvad h\u00e4sti s\u00fcdamele ja veresoonkonnale ning f\u00fc\u00fcsilisele, ps\u00fc\u00fchilisele Loe edasi...","og_url":"https:\/\/delaila.ee\/haljastus\/sisehaljastus\/","og_site_name":"Delaila O&Uuml;","article_modified_time":"2023-03-04T13:06:32+00:00","twitter_card":"summary_large_image","twitter_misc":{"Est. reading time":"1 minute"},"schema":{"@context":"https:\/\/schema.org","@graph":[{"@type":"WebPage","@id":"https:\/\/delaila.ee\/haljastus\/sisehaljastus\/","url":"https:\/\/delaila.ee\/haljastus\/sisehaljastus\/","name":"Sisehaljastus - Delaila O&Uuml;","isPartOf":{"@id":"https:\/\/delaila.ee\/haljastus\/#website"},"datePublished":"2016-11-17T11:18:55+00:00","dateModified":"2023-03-04T13:06:32+00:00","breadcrumb":{"@id":"https:\/\/delaila.ee\/haljastus\/sisehaljastus\/#breadcrumb"},"inLanguage":"en","potentialAction":[{"@type":"ReadAction","target":["https:\/\/delaila.ee\/haljastus\/sisehaljastus\/"]}]},{"@type":"BreadcrumbList","@id":"https:\/\/delaila.ee\/haljastus\/sisehaljastus\/#breadcrumb","itemListElement":[{"@type":"ListItem","position":1,"name":"Home","item":"https:\/\/delaila.ee\/haljastus\/"},{"@type":"ListItem","position":2,"name":"Sisehaljastus"}]},{"@type":"WebSite","@id":"https:\/\/delaila.ee\/haljastus\/#website","url":"https:\/\/delaila.ee\/haljastus\/","name":"Delaila O&Uuml;","description":"Dendroloogia ja aiakujundus","potentialAction":[{"@type":"SearchAction","target":{"@type":"EntryPoint","urlTemplate":"https:\/\/delaila.ee\/haljastus\/?s={search_term_string}"},"query-input":{"@type":"PropertyValueSpecification","valueRequired":true,"valueName":"search_term_string"}}],"inLanguage":"en"}]}},"_links":{"self":[{"href":"https:\/\/delaila.ee\/haljastus\/wp-json\/wp\/v2\/pages\/722","targetHints":{"allow":["GET"]}}],"collection":[{"href":"https:\/\/delaila.ee\/haljastus\/wp-json\/wp\/v2\/pages"}],"about":[{"href":"https:\/\/delaila.ee\/haljastus\/wp-json\/wp\/v2\/types\/page"}],"author":[{"embeddable":true,"href":"https:\/\/delaila.ee\/haljastus\/wp-json\/wp\/v2\/users\/1"}],"replies":[{"embeddable":true,"href":"https:\/\/delaila.ee\/haljastus\/wp-json\/wp\/v2\/comments?post=722"}],"version-history":[{"count":6,"href":"https:\/\/delaila.ee\/haljastus\/wp-json\/wp\/v2\/pages\/722\/revisions"}],"predecessor-version":[{"id":1116,"href":"https:\/\/delaila.ee\/haljastus\/wp-json\/wp\/v2\/pages\/722\/revisions\/1116"}],"wp:attachment":[{"href":"https:\/\/delaila.ee\/haljastus\/wp-json\/wp\/v2\/media?parent=722"}],"curies":[{"name":"wp","href":"https:\/\/api.w.org\/{rel}","templated":true}]}}