{"id":547,"date":"2016-11-08T12:22:42","date_gmt":"2016-11-08T12:22:42","guid":{"rendered":"http:\/\/tervepuu.com\/haljastus\/?page_id=547"},"modified":"2017-09-22T08:34:26","modified_gmt":"2017-09-22T08:34:26","slug":"eraaed-tallinnas-nommel-2014","status":"publish","type":"page","link":"https:\/\/delaila.ee\/haljastus\/tehtud-tood\/eraaed-tallinnas-nommel-2014\/","title":{"rendered":"Eraaed Tallinnas, 2014"},"content":{"rendered":"<p><span style=\"font-size: 12pt;\"><strong>Kahe istutusala &#8211; (m\u00e4ndide alune turbapeenar ja t\u00f5stetud killustikupeenar) &#8211; planeerimine ja istutust\u00f6\u00f6d.<\/strong><\/span><\/p>\n<div id='gallery-1' class='gallery galleryid-547 gallery-columns-5 gallery-size-thumbnail'><figure class='gallery-item'>\n\t\t\t<div class='gallery-icon landscape'>\n\t\t\t\t<a href='https:\/\/delaila.ee\/haljastus\/wp-content\/uploads\/2016\/11\/2014-03-25-15.29.34-e1478782141577.jpg' rel=\"lightbox[547]\"><img loading=\"lazy\" decoding=\"async\" width=\"150\" height=\"150\" src=\"https:\/\/delaila.ee\/haljastus\/wp-content\/uploads\/2016\/11\/2014-03-25-15.29.34-150x150.jpg\" class=\"attachment-thumbnail size-thumbnail\" alt=\"\" aria-describedby=\"gallery-1-699\" \/><\/a>\n\t\t\t<\/div>\n\t\t\t\t<figcaption class='wp-caption-text gallery-caption' id='gallery-1-699'>\n\t\t\t\tEnne&#8230;\n\t\t\t\t<\/figcaption><\/figure><figure class='gallery-item'>\n\t\t\t<div class='gallery-icon landscape'>\n\t\t\t\t<a href='https:\/\/delaila.ee\/haljastus\/wp-content\/uploads\/2016\/11\/2014-07-08-16.44.04.jpg' rel=\"lightbox[547]\"><img loading=\"lazy\" decoding=\"async\" width=\"150\" height=\"150\" src=\"https:\/\/delaila.ee\/haljastus\/wp-content\/uploads\/2016\/11\/2014-07-08-16.44.04-150x150.jpg\" class=\"attachment-thumbnail size-thumbnail\" alt=\"\" aria-describedby=\"gallery-1-593\" \/><\/a>\n\t\t\t<\/div>\n\t\t\t\t<figcaption class='wp-caption-text gallery-caption' id='gallery-1-593'>\n\t\t\t\t&#8230;ja p\u00e4rast (turbapeenar)\n\t\t\t\t<\/figcaption><\/figure><figure class='gallery-item'>\n\t\t\t<div class='gallery-icon landscape'>\n\t\t\t\t<a href='https:\/\/delaila.ee\/haljastus\/wp-content\/uploads\/2016\/11\/2014-03-25-15.28.38-e1478782149644.jpg' rel=\"lightbox[547]\"><img loading=\"lazy\" decoding=\"async\" width=\"150\" height=\"150\" src=\"https:\/\/delaila.ee\/haljastus\/wp-content\/uploads\/2016\/11\/2014-03-25-15.28.38-150x150.jpg\" class=\"attachment-thumbnail size-thumbnail\" alt=\"\" aria-describedby=\"gallery-1-698\" \/><\/a>\n\t\t\t<\/div>\n\t\t\t\t<figcaption class='wp-caption-text gallery-caption' id='gallery-1-698'>\n\t\t\t\tEnne&#8230;\n\t\t\t\t<\/figcaption><\/figure><figure class='gallery-item'>\n\t\t\t<div class='gallery-icon landscape'>\n\t\t\t\t<a href='https:\/\/delaila.ee\/haljastus\/wp-content\/uploads\/2016\/11\/2014-07-08-16.44.44.jpg' rel=\"lightbox[547]\"><img loading=\"lazy\" decoding=\"async\" width=\"150\" height=\"150\" src=\"https:\/\/delaila.ee\/haljastus\/wp-content\/uploads\/2016\/11\/2014-07-08-16.44.44-150x150.jpg\" class=\"attachment-thumbnail size-thumbnail\" alt=\"\" aria-describedby=\"gallery-1-595\" \/><\/a>\n\t\t\t<\/div>\n\t\t\t\t<figcaption class='wp-caption-text gallery-caption' id='gallery-1-595'>\n\t\t\t\t&#8230;ja p\u00e4rast (turbapeenar)\n\t\t\t\t<\/figcaption><\/figure><figure class='gallery-item'>\n\t\t\t<div class='gallery-icon landscape'>\n\t\t\t\t<a href='https:\/\/delaila.ee\/haljastus\/wp-content\/uploads\/2016\/11\/2016-05-27-10.34.46-2-e1478610259682.jpg' rel=\"lightbox[547]\"><img loading=\"lazy\" decoding=\"async\" width=\"150\" height=\"150\" src=\"https:\/\/delaila.ee\/haljastus\/wp-content\/uploads\/2016\/11\/2016-05-27-10.34.46-2-150x150.jpg\" class=\"attachment-thumbnail size-thumbnail\" alt=\"\" aria-describedby=\"gallery-1-602\" \/><\/a>\n\t\t\t<\/div>\n\t\t\t\t<figcaption class='wp-caption-text gallery-caption' id='gallery-1-602'>\n\t\t\t\tKillustikupeenar\n\t\t\t\t<\/figcaption><\/figure>\n\t\t<\/div>\n\n","protected":false},"excerpt":{"rendered":"<p>Kahe istutusala &#8211; (m\u00e4ndide alune turbapeenar ja t\u00f5stetud killustikupeenar) &#8211; planeerimine ja istutust\u00f6\u00f6d.<\/p>\n","protected":false},"author":1,"featured_media":0,"parent":476,"menu_order":4,"comment_status":"closed","ping_status":"closed","template":"","meta":{"_exactmetrics_skip_tracking":false,"_exactmetrics_sitenote_active":false,"_exactmetrics_sitenote_note":"","_exactmetrics_sitenote_category":0,"footnotes":""},"class_list":["post-547","page","type-page","status-publish","hentry"],"yoast_head":"<!-- This site is optimized with the Yoast SEO plugin v26.6 - https:\/\/yoast.com\/wordpress\/plugins\/seo\/ -->\n<title>Eraaed Tallinnas, 2014 - Delaila O&Uuml;<\/title>\n<meta name=\"robots\" content=\"index, follow, max-snippet:-1, max-image-preview:large, max-video-preview:-1\" \/>\n<link rel=\"canonical\" href=\"https:\/\/delaila.ee\/haljastus\/tehtud-tood\/eraaed-tallinnas-nommel-2014\/\" \/>\n<meta property=\"og:locale\" content=\"en_US\" \/>\n<meta property=\"og:type\" content=\"article\" \/>\n<meta property=\"og:title\" content=\"Eraaed Tallinnas, 2014 - Delaila O&Uuml;\" \/>\n<meta property=\"og:description\" content=\"Kahe istutusala &#8211; (m\u00e4ndide alune turbapeenar ja t\u00f5stetud killustikupeenar) &#8211; planeerimine ja istutust\u00f6\u00f6d.\" \/>\n<meta property=\"og:url\" content=\"https:\/\/delaila.ee\/haljastus\/tehtud-tood\/eraaed-tallinnas-nommel-2014\/\" \/>\n<meta property=\"og:site_name\" content=\"Delaila O&Uuml;\" \/>\n<meta property=\"article:modified_time\" content=\"2017-09-22T08:34:26+00:00\" \/>\n<meta property=\"og:image\" content=\"https:\/\/delaila.ee\/haljastus\/wp-content\/uploads\/2016\/11\/2014-03-25-15.29.34-150x150.jpg\" \/>\n<meta name=\"twitter:card\" content=\"summary_large_image\" \/>\n<script type=\"application\/ld+json\" class=\"yoast-schema-graph\">{\"@context\":\"https:\/\/schema.org\",\"@graph\":[{\"@type\":\"WebPage\",\"@id\":\"https:\/\/delaila.ee\/haljastus\/tehtud-tood\/eraaed-tallinnas-nommel-2014\/\",\"url\":\"https:\/\/delaila.ee\/haljastus\/tehtud-tood\/eraaed-tallinnas-nommel-2014\/\",\"name\":\"Eraaed Tallinnas, 2014 - Delaila O&Uuml;\",\"isPartOf\":{\"@id\":\"https:\/\/delaila.ee\/haljastus\/#website\"},\"datePublished\":\"2016-11-08T12:22:42+00:00\",\"dateModified\":\"2017-09-22T08:34:26+00:00\",\"breadcrumb\":{\"@id\":\"https:\/\/delaila.ee\/haljastus\/tehtud-tood\/eraaed-tallinnas-nommel-2014\/#breadcrumb\"},\"inLanguage\":\"en\",\"potentialAction\":[{\"@type\":\"ReadAction\",\"target\":[\"https:\/\/delaila.ee\/haljastus\/tehtud-tood\/eraaed-tallinnas-nommel-2014\/\"]}]},{\"@type\":\"BreadcrumbList\",\"@id\":\"https:\/\/delaila.ee\/haljastus\/tehtud-tood\/eraaed-tallinnas-nommel-2014\/#breadcrumb\",\"itemListElement\":[{\"@type\":\"ListItem\",\"position\":1,\"name\":\"Home\",\"item\":\"https:\/\/delaila.ee\/haljastus\/\"},{\"@type\":\"ListItem\",\"position\":2,\"name\":\"Tehtud t\u00f6\u00f6d\",\"item\":\"https:\/\/delaila.ee\/haljastus\/tehtud-tood\/\"},{\"@type\":\"ListItem\",\"position\":3,\"name\":\"Eraaed Tallinnas, 2014\"}]},{\"@type\":\"WebSite\",\"@id\":\"https:\/\/delaila.ee\/haljastus\/#website\",\"url\":\"https:\/\/delaila.ee\/haljastus\/\",\"name\":\"Delaila O&Uuml;\",\"description\":\"Dendroloogia ja aiakujundus\",\"potentialAction\":[{\"@type\":\"SearchAction\",\"target\":{\"@type\":\"EntryPoint\",\"urlTemplate\":\"https:\/\/delaila.ee\/haljastus\/?s={search_term_string}\"},\"query-input\":{\"@type\":\"PropertyValueSpecification\",\"valueRequired\":true,\"valueName\":\"search_term_string\"}}],\"inLanguage\":\"en\"}]}<\/script>\n<!-- \/ Yoast SEO plugin. -->","yoast_head_json":{"title":"Eraaed Tallinnas, 2014 - Delaila O&Uuml;","robots":{"index":"index","follow":"follow","max-snippet":"max-snippet:-1","max-image-preview":"max-image-preview:large","max-video-preview":"max-video-preview:-1"},"canonical":"https:\/\/delaila.ee\/haljastus\/tehtud-tood\/eraaed-tallinnas-nommel-2014\/","og_locale":"en_US","og_type":"article","og_title":"Eraaed Tallinnas, 2014 - Delaila O&Uuml;","og_description":"Kahe istutusala &#8211; (m\u00e4ndide alune turbapeenar ja t\u00f5stetud killustikupeenar) &#8211; planeerimine ja istutust\u00f6\u00f6d.","og_url":"https:\/\/delaila.ee\/haljastus\/tehtud-tood\/eraaed-tallinnas-nommel-2014\/","og_site_name":"Delaila O&Uuml;","article_modified_time":"2017-09-22T08:34:26+00:00","og_image":[{"url":"https:\/\/delaila.ee\/haljastus\/wp-content\/uploads\/2016\/11\/2014-03-25-15.29.34-150x150.jpg","type":"","width":"","height":""}],"twitter_card":"summary_large_image","schema":{"@context":"https:\/\/schema.org","@graph":[{"@type":"WebPage","@id":"https:\/\/delaila.ee\/haljastus\/tehtud-tood\/eraaed-tallinnas-nommel-2014\/","url":"https:\/\/delaila.ee\/haljastus\/tehtud-tood\/eraaed-tallinnas-nommel-2014\/","name":"Eraaed Tallinnas, 2014 - Delaila O&Uuml;","isPartOf":{"@id":"https:\/\/delaila.ee\/haljastus\/#website"},"datePublished":"2016-11-08T12:22:42+00:00","dateModified":"2017-09-22T08:34:26+00:00","breadcrumb":{"@id":"https:\/\/delaila.ee\/haljastus\/tehtud-tood\/eraaed-tallinnas-nommel-2014\/#breadcrumb"},"inLanguage":"en","potentialAction":[{"@type":"ReadAction","target":["https:\/\/delaila.ee\/haljastus\/tehtud-tood\/eraaed-tallinnas-nommel-2014\/"]}]},{"@type":"BreadcrumbList","@id":"https:\/\/delaila.ee\/haljastus\/tehtud-tood\/eraaed-tallinnas-nommel-2014\/#breadcrumb","itemListElement":[{"@type":"ListItem","position":1,"name":"Home","item":"https:\/\/delaila.ee\/haljastus\/"},{"@type":"ListItem","position":2,"name":"Tehtud t\u00f6\u00f6d","item":"https:\/\/delaila.ee\/haljastus\/tehtud-tood\/"},{"@type":"ListItem","position":3,"name":"Eraaed Tallinnas, 2014"}]},{"@type":"WebSite","@id":"https:\/\/delaila.ee\/haljastus\/#website","url":"https:\/\/delaila.ee\/haljastus\/","name":"Delaila O&Uuml;","description":"Dendroloogia ja aiakujundus","potentialAction":[{"@type":"SearchAction","target":{"@type":"EntryPoint","urlTemplate":"https:\/\/delaila.ee\/haljastus\/?s={search_term_string}"},"query-input":{"@type":"PropertyValueSpecification","valueRequired":true,"valueName":"search_term_string"}}],"inLanguage":"en"}]}},"_links":{"self":[{"href":"https:\/\/delaila.ee\/haljastus\/wp-json\/wp\/v2\/pages\/547","targetHints":{"allow":["GET"]}}],"collection":[{"href":"https:\/\/delaila.ee\/haljastus\/wp-json\/wp\/v2\/pages"}],"about":[{"href":"https:\/\/delaila.ee\/haljastus\/wp-json\/wp\/v2\/types\/page"}],"author":[{"embeddable":true,"href":"https:\/\/delaila.ee\/haljastus\/wp-json\/wp\/v2\/users\/1"}],"replies":[{"embeddable":true,"href":"https:\/\/delaila.ee\/haljastus\/wp-json\/wp\/v2\/comments?post=547"}],"version-history":[{"count":15,"href":"https:\/\/delaila.ee\/haljastus\/wp-json\/wp\/v2\/pages\/547\/revisions"}],"predecessor-version":[{"id":720,"href":"https:\/\/delaila.ee\/haljastus\/wp-json\/wp\/v2\/pages\/547\/revisions\/720"}],"up":[{"embeddable":true,"href":"https:\/\/delaila.ee\/haljastus\/wp-json\/wp\/v2\/pages\/476"}],"wp:attachment":[{"href":"https:\/\/delaila.ee\/haljastus\/wp-json\/wp\/v2\/media?parent=547"}],"curies":[{"name":"wp","href":"https:\/\/api.w.org\/{rel}","templated":true}]}}