{"id":476,"date":"2016-11-07T07:14:01","date_gmt":"2016-11-07T07:14:01","guid":{"rendered":"http:\/\/tervepuu.com\/haljastus\/?page_id=476"},"modified":"2023-03-04T15:16:20","modified_gmt":"2023-03-04T15:16:20","slug":"tehtud-tood","status":"publish","type":"page","link":"https:\/\/delaila.ee\/haljastus\/tehtud-tood\/","title":{"rendered":"Tehtud t\u00f6\u00f6d"},"content":{"rendered":"<p><span style=\"font-size: 14pt;\"><a href=\"https:\/\/delaila.ee\/haljastus\/tehtud-tood\/adila-puhkekeskuse-tiigisaare-istutusplaan\/\"><span style=\"color: #480020;\"><strong>2022 Adila puhkekeskuse tiigisaare istutuste plaani koostamine<\/strong><\/span><\/a><\/span><\/p>\n<p><span style=\"font-size: 14pt;\"><a href=\"https:\/\/delaila.ee\/haljastus\/tehtud-tood\/eraaed-tallinnas-nommel\/\"><span style=\"color: #480020;\"><strong>2022 eraaed Tallinnas N\u00f5mmel, istutusalade kujundamine ja rajamise juhendamine<\/strong><\/span><\/a><\/span><\/p>\n<p><span style=\"font-size: 14pt;\"><a href=\"https:\/\/delaila.ee\/haljastus\/tehtud-tood\/eraaed-harku-vallas-2020\"><span style=\"color: #480020;\"><strong>2021 eraaed Harku vallas, haljastusplaani koostamine<\/strong><\/span><\/a><\/span><\/p>\n<p><span style=\"font-size: 14pt;\"><a href=\"https:\/\/delaila.ee\/haljastus\/tehtud-tood\/eraaed-kiilis-2020\/\"><span style=\"color: #480020;\"><strong>2020 eraaed Kiili vallas, istutusalade kujundamine<\/strong><\/span><\/a><\/span><\/p>\n<p><span style=\"font-size: 14pt;\"><a href=\"https:\/\/delaila.ee\/haljastus\/tehtud-tood\/eraaed-hiiumaal-2019\/\"><span style=\"color: #480020;\"><strong>2019 eraaed Hiiumaal, eskiisplaani koostamine<\/strong><\/span><\/a><\/span><\/p>\n<p><span style=\"font-size: 14pt;\"><a href=\"https:\/\/delaila.ee\/haljastus\/tehtud-tood\/tallinna-lillefestival-2017\/\"><span style=\"color: #480020;\"><strong>2017 Tallinna Lillefestival, haljastusplaani koostamine<\/strong><\/span><\/a><\/span><\/p>\n<p><span style=\"color: #480020; font-size: 14pt;\"><strong style=\"font-family: 'Open Sans', sans-serif; font-style: normal; font-size: 18.6667px;\"><a style=\"font-size: 18.6667px; color: #480020;\" href=\"https:\/\/delaila.ee\/haljastus\/tehtud-tood\/eraaed-keilas-2016\/\">2016 eraaed<span style=\"color: #480020;\"> Keilas, haljastusplaani koostamine<\/span><\/a><\/strong><\/span><\/p>\n<p><a style=\"font-family: 'Open Sans', sans-serif; font-size: 13px; font-style: normal; font-weight: normal; color: #019289;\" href=\"https:\/\/delaila.ee\/haljastus\/tehtud-tood\/korteriuhistu-tallinnas-2014\/\"><span style=\"color: #480020;\"><strong style=\"font-size: 13px;\"><span style=\"font-size: 14pt;\">2014 korteri\u00fchistu Tallinnas, puude l\u00f5ikus<\/span><\/strong><\/span><\/a><\/p>\n<p><strong style=\"font-family: 'Open Sans', sans-serif; font-size: 13px; font-style: normal; color: #480020;\"><span style=\"font-size: 14pt;\"><a style=\"color: #480020;\" href=\"https:\/\/delaila.ee\/haljastus\/tehtud-tood\/eraaed-tallinnas-nommel-2014\/\">2014 eraaed Tallinnas, istutusalade kujundamine<\/a><\/span><\/strong><\/p>\n<p><a href=\"https:\/\/delaila.ee\/haljastus\/tehtud-tood\/roduaed-tabasalus-2013\/\"><strong style=\"font-family: 'Open Sans', sans-serif; font-size: 13px; font-style: normal; color: #480020;\"><span style=\"font-size: 14pt;\">2013 r\u00f5duaed Tabasalus, haljastuse kujundamine ja rajamine<\/span><\/strong><\/a><\/p>\n<p><span style=\"color: #480020; font-size: 14pt;\"><strong><a style=\"color: #480020;\" href=\"https:\/\/delaila.ee\/haljastus\/tehtud-tood\/suurupi-eraaed\/\">2008 eraaed Suurupis, taimmaterjali planeerimine<\/a><\/strong><\/span><\/p>\n","protected":false},"excerpt":{"rendered":"<p>2022 Adila puhkekeskuse tiigisaare istutuste plaani koostamine 2022 eraaed Tallinnas N\u00f5mmel, istutusalade kujundamine ja rajamise juhendamine 2021 eraaed Harku vallas, haljastusplaani koostamine 2020 eraaed Kiili vallas, istutusalade kujundamine 2019 eraaed Hiiumaal, eskiisplaani koostamine 2017 Tallinna Lillefestival, haljastusplaani koostamine 2016 eraaed Keilas, haljastusplaani koostamine 2014 korteri\u00fchistu Tallinnas, puude l\u00f5ikus 2014 eraaed Tallinnas, istutusalade kujundamine 2013 r\u00f5duaed <a class=\"read-more\" href=\"https:\/\/delaila.ee\/haljastus\/tehtud-tood\/\">Loe edasi&#8230;<\/a><\/p>\n","protected":false},"author":2,"featured_media":0,"parent":0,"menu_order":0,"comment_status":"closed","ping_status":"closed","template":"","meta":{"_exactmetrics_skip_tracking":false,"_exactmetrics_sitenote_active":false,"_exactmetrics_sitenote_note":"","_exactmetrics_sitenote_category":0,"footnotes":""},"class_list":["post-476","page","type-page","status-publish","hentry"],"yoast_head":"<!-- This site is optimized with the Yoast SEO plugin v26.6 - https:\/\/yoast.com\/wordpress\/plugins\/seo\/ -->\n<title>Tehtud t\u00f6\u00f6d - Delaila O&Uuml;<\/title>\n<meta name=\"robots\" content=\"index, follow, max-snippet:-1, max-image-preview:large, max-video-preview:-1\" \/>\n<link rel=\"canonical\" href=\"https:\/\/delaila.ee\/haljastus\/tehtud-tood\/\" \/>\n<meta property=\"og:locale\" content=\"en_US\" \/>\n<meta property=\"og:type\" content=\"article\" \/>\n<meta property=\"og:title\" content=\"Tehtud t\u00f6\u00f6d - Delaila O&Uuml;\" \/>\n<meta property=\"og:description\" content=\"2022 Adila puhkekeskuse tiigisaare istutuste plaani koostamine 2022 eraaed Tallinnas N\u00f5mmel, istutusalade kujundamine ja rajamise juhendamine 2021 eraaed Harku vallas, haljastusplaani koostamine 2020 eraaed Kiili vallas, istutusalade kujundamine 2019 eraaed Hiiumaal, eskiisplaani koostamine 2017 Tallinna Lillefestival, haljastusplaani koostamine 2016 eraaed Keilas, haljastusplaani koostamine 2014 korteri\u00fchistu Tallinnas, puude l\u00f5ikus 2014 eraaed Tallinnas, istutusalade kujundamine 2013 r\u00f5duaed Loe edasi...\" \/>\n<meta property=\"og:url\" content=\"https:\/\/delaila.ee\/haljastus\/tehtud-tood\/\" \/>\n<meta property=\"og:site_name\" content=\"Delaila O&Uuml;\" \/>\n<meta property=\"article:modified_time\" content=\"2023-03-04T15:16:20+00:00\" \/>\n<meta name=\"twitter:card\" content=\"summary_large_image\" \/>\n<meta name=\"twitter:label1\" content=\"Est. reading time\" \/>\n\t<meta name=\"twitter:data1\" content=\"1 minute\" \/>\n<script type=\"application\/ld+json\" class=\"yoast-schema-graph\">{\"@context\":\"https:\/\/schema.org\",\"@graph\":[{\"@type\":\"WebPage\",\"@id\":\"https:\/\/delaila.ee\/haljastus\/tehtud-tood\/\",\"url\":\"https:\/\/delaila.ee\/haljastus\/tehtud-tood\/\",\"name\":\"Tehtud t\u00f6\u00f6d - Delaila O&Uuml;\",\"isPartOf\":{\"@id\":\"https:\/\/delaila.ee\/haljastus\/#website\"},\"datePublished\":\"2016-11-07T07:14:01+00:00\",\"dateModified\":\"2023-03-04T15:16:20+00:00\",\"breadcrumb\":{\"@id\":\"https:\/\/delaila.ee\/haljastus\/tehtud-tood\/#breadcrumb\"},\"inLanguage\":\"en\",\"potentialAction\":[{\"@type\":\"ReadAction\",\"target\":[\"https:\/\/delaila.ee\/haljastus\/tehtud-tood\/\"]}]},{\"@type\":\"BreadcrumbList\",\"@id\":\"https:\/\/delaila.ee\/haljastus\/tehtud-tood\/#breadcrumb\",\"itemListElement\":[{\"@type\":\"ListItem\",\"position\":1,\"name\":\"Home\",\"item\":\"https:\/\/delaila.ee\/haljastus\/\"},{\"@type\":\"ListItem\",\"position\":2,\"name\":\"Tehtud t\u00f6\u00f6d\"}]},{\"@type\":\"WebSite\",\"@id\":\"https:\/\/delaila.ee\/haljastus\/#website\",\"url\":\"https:\/\/delaila.ee\/haljastus\/\",\"name\":\"Delaila O&Uuml;\",\"description\":\"Dendroloogia ja aiakujundus\",\"potentialAction\":[{\"@type\":\"SearchAction\",\"target\":{\"@type\":\"EntryPoint\",\"urlTemplate\":\"https:\/\/delaila.ee\/haljastus\/?s={search_term_string}\"},\"query-input\":{\"@type\":\"PropertyValueSpecification\",\"valueRequired\":true,\"valueName\":\"search_term_string\"}}],\"inLanguage\":\"en\"}]}<\/script>\n<!-- \/ Yoast SEO plugin. -->","yoast_head_json":{"title":"Tehtud t\u00f6\u00f6d - Delaila O&Uuml;","robots":{"index":"index","follow":"follow","max-snippet":"max-snippet:-1","max-image-preview":"max-image-preview:large","max-video-preview":"max-video-preview:-1"},"canonical":"https:\/\/delaila.ee\/haljastus\/tehtud-tood\/","og_locale":"en_US","og_type":"article","og_title":"Tehtud t\u00f6\u00f6d - Delaila O&Uuml;","og_description":"2022 Adila puhkekeskuse tiigisaare istutuste plaani koostamine 2022 eraaed Tallinnas N\u00f5mmel, istutusalade kujundamine ja rajamise juhendamine 2021 eraaed Harku vallas, haljastusplaani koostamine 2020 eraaed Kiili vallas, istutusalade kujundamine 2019 eraaed Hiiumaal, eskiisplaani koostamine 2017 Tallinna Lillefestival, haljastusplaani koostamine 2016 eraaed Keilas, haljastusplaani koostamine 2014 korteri\u00fchistu Tallinnas, puude l\u00f5ikus 2014 eraaed Tallinnas, istutusalade kujundamine 2013 r\u00f5duaed Loe edasi...","og_url":"https:\/\/delaila.ee\/haljastus\/tehtud-tood\/","og_site_name":"Delaila O&Uuml;","article_modified_time":"2023-03-04T15:16:20+00:00","twitter_card":"summary_large_image","twitter_misc":{"Est. reading time":"1 minute"},"schema":{"@context":"https:\/\/schema.org","@graph":[{"@type":"WebPage","@id":"https:\/\/delaila.ee\/haljastus\/tehtud-tood\/","url":"https:\/\/delaila.ee\/haljastus\/tehtud-tood\/","name":"Tehtud t\u00f6\u00f6d - Delaila O&Uuml;","isPartOf":{"@id":"https:\/\/delaila.ee\/haljastus\/#website"},"datePublished":"2016-11-07T07:14:01+00:00","dateModified":"2023-03-04T15:16:20+00:00","breadcrumb":{"@id":"https:\/\/delaila.ee\/haljastus\/tehtud-tood\/#breadcrumb"},"inLanguage":"en","potentialAction":[{"@type":"ReadAction","target":["https:\/\/delaila.ee\/haljastus\/tehtud-tood\/"]}]},{"@type":"BreadcrumbList","@id":"https:\/\/delaila.ee\/haljastus\/tehtud-tood\/#breadcrumb","itemListElement":[{"@type":"ListItem","position":1,"name":"Home","item":"https:\/\/delaila.ee\/haljastus\/"},{"@type":"ListItem","position":2,"name":"Tehtud t\u00f6\u00f6d"}]},{"@type":"WebSite","@id":"https:\/\/delaila.ee\/haljastus\/#website","url":"https:\/\/delaila.ee\/haljastus\/","name":"Delaila O&Uuml;","description":"Dendroloogia ja aiakujundus","potentialAction":[{"@type":"SearchAction","target":{"@type":"EntryPoint","urlTemplate":"https:\/\/delaila.ee\/haljastus\/?s={search_term_string}"},"query-input":{"@type":"PropertyValueSpecification","valueRequired":true,"valueName":"search_term_string"}}],"inLanguage":"en"}]}},"_links":{"self":[{"href":"https:\/\/delaila.ee\/haljastus\/wp-json\/wp\/v2\/pages\/476","targetHints":{"allow":["GET"]}}],"collection":[{"href":"https:\/\/delaila.ee\/haljastus\/wp-json\/wp\/v2\/pages"}],"about":[{"href":"https:\/\/delaila.ee\/haljastus\/wp-json\/wp\/v2\/types\/page"}],"author":[{"embeddable":true,"href":"https:\/\/delaila.ee\/haljastus\/wp-json\/wp\/v2\/users\/2"}],"replies":[{"embeddable":true,"href":"https:\/\/delaila.ee\/haljastus\/wp-json\/wp\/v2\/comments?post=476"}],"version-history":[{"count":35,"href":"https:\/\/delaila.ee\/haljastus\/wp-json\/wp\/v2\/pages\/476\/revisions"}],"predecessor-version":[{"id":1187,"href":"https:\/\/delaila.ee\/haljastus\/wp-json\/wp\/v2\/pages\/476\/revisions\/1187"}],"wp:attachment":[{"href":"https:\/\/delaila.ee\/haljastus\/wp-json\/wp\/v2\/media?parent=476"}],"curies":[{"name":"wp","href":"https:\/\/api.w.org\/{rel}","templated":true}]}}