{"id":2,"date":"2014-11-12T23:32:59","date_gmt":"2014-11-12T23:32:59","guid":{"rendered":"http:\/\/tervepuu.com\/haljastus\/?page_id=2"},"modified":"2023-03-05T10:38:19","modified_gmt":"2023-03-05T10:38:19","slug":"minust","status":"publish","type":"page","link":"https:\/\/delaila.ee\/haljastus\/minust\/","title":{"rendered":"Minust"},"content":{"rendered":"<h4><strong>Saame tuttavaks!<a href=\"https:\/\/delaila.ee\/haljastus\/wp-content\/uploads\/2014\/11\/minust.jpg\" rel=\"lightbox[2]\"><img loading=\"lazy\" decoding=\"async\" class=\"alignright wp-image-479 \" src=\"https:\/\/delaila.ee\/haljastus\/wp-content\/uploads\/2014\/11\/minust-683x1024.jpg\" alt=\"minust\" width=\"316\" height=\"474\" srcset=\"https:\/\/delaila.ee\/haljastus\/wp-content\/uploads\/2014\/11\/minust-683x1024.jpg 683w, https:\/\/delaila.ee\/haljastus\/wp-content\/uploads\/2014\/11\/minust-200x300.jpg 200w, https:\/\/delaila.ee\/haljastus\/wp-content\/uploads\/2014\/11\/minust-768x1152.jpg 768w\" sizes=\"auto, (max-width: 316px) 100vw, 316px\" \/><\/a><br \/>\n<\/strong><\/h4>\n<p><span style=\"font-size: 12pt;\">Minu nimi on Laila. Huvi taimede ja aianduse vastu sai alguse ligi 15 aastat tagasi &#8211; toona korteris elades kasvatasin toataimi ja katsetasin suviti r\u00f5duaiandusega. Hiljem pakkus v\u00e4ljakutseid oma majaga kaasnev piisavalt ruumikas krunt.<br \/>\nKuid\u00a0alles\u00a02013. aastal, peale Aasta Kodu Kaunima Aiaruumi \u00a0preemia p\u00e4lvimist, s\u00f6andasin kaua k\u00fcpsenud unistuse teostamisega algust teha. <\/span><\/p>\n<p><span style=\"font-size: 12pt;\"><strong>2015. aastal l\u00f5petasin Luua Metsanduskoolis puukoolimajanduse eriala ja 2016. aastal R\u00e4pina Aianduskoolis maastikuehituse eriala. <\/strong>Naudin kaunite ja samas praktiliste aiaruumide kujundamist samapalju kui nendes viibimist \ud83d\ude42<\/span><\/p>\n<p><span style=\"font-size: 12pt;\"><strong>2018. aastal l\u00f5petasin Luua Metsanduskoolis puittaimede hindaja eriala <\/strong>ja peale seda olen rohkem keskendunud puittaimedega seonduvale &#8211; teostan dendroloogilisi hinnanguid ja l\u00f5ikan noori viljapuid.<\/span><\/p>\n<p><span style=\"font-size: 12pt;\">Olen<strong> Eesti Arboristide \u00dchingu<\/strong> (<a href=\"http:\/\/eestiarboristid.ee\/\">www.eestiarboristid.ee<\/a>), ja <strong>Eesti Orhideekaitseklubi <\/strong>(<a href=\"https:\/\/orhidee.ee\/\">www.orhidee.ee<\/a>)<strong> juhatuse liige ning Eesti Dendroloogia Seltsi <\/strong>(<a href=\"http:\/\/eds.ee\/eds\/\">www.eds.ee<\/a>) liige. <\/span><\/p>\n<p><span style=\"font-size: 12pt;\">Kohtumiseni aias v\u00f5i pargis!<br \/>\n<\/span><span style=\"font-size: 12pt;\"> <strong>Laila Elhuveig<\/strong><\/span><\/p>\n<p><span style=\"font-size: 12pt;\">Riiklikud kutsetunnistused:<br \/>\n<\/span><span style=\"font-size: 12pt;\"><strong>AEDNIK tase III<br \/>\n<\/strong><\/span><span style=\"font-size: 12pt;\"><strong>MAASTIKUEHITAJA tase IV<br \/>\n<\/strong><\/span><strong style=\"font-size: 12pt; color: initial;\">PUITTAIMEDE HINDAJA tase V\u00a0<\/strong><\/p>\n<p><a href=\"https:\/\/delaila.ee\/haljastus\/wp-content\/uploads\/2023\/03\/LOGO-vaike-1.jpg\" rel=\"lightbox[2]\"><img loading=\"lazy\" decoding=\"async\" class=\"alignnone  wp-image-1016\" src=\"https:\/\/delaila.ee\/haljastus\/wp-content\/uploads\/2023\/03\/LOGO-vaike-1-150x150.jpg\" alt=\"\" width=\"147\" height=\"147\" \/>\u00a0\u00a0\u00a0\u00a0 <\/a><a href=\"https:\/\/delaila.ee\/haljastus\/wp-content\/uploads\/2023\/03\/EOKK_logo.jpg\" rel=\"lightbox[2]\"><img loading=\"lazy\" decoding=\"async\" class=\"alignnone size-thumbnail wp-image-1149\" src=\"https:\/\/delaila.ee\/haljastus\/wp-content\/uploads\/2023\/03\/EOKK_logo-150x150.jpg\" alt=\"\" width=\"150\" height=\"150\" srcset=\"https:\/\/delaila.ee\/haljastus\/wp-content\/uploads\/2023\/03\/EOKK_logo-150x150.jpg 150w, https:\/\/delaila.ee\/haljastus\/wp-content\/uploads\/2023\/03\/EOKK_logo-300x297.jpg 300w\" sizes=\"auto, (max-width: 150px) 100vw, 150px\" \/><\/a><\/p>\n","protected":false},"excerpt":{"rendered":"<p>Saame tuttavaks! Minu nimi on Laila. Huvi taimede ja aianduse vastu sai alguse ligi 15 aastat tagasi &#8211; toona korteris elades kasvatasin toataimi ja katsetasin suviti r\u00f5duaiandusega. Hiljem pakkus v\u00e4ljakutseid oma majaga kaasnev piisavalt ruumikas krunt. Kuid\u00a0alles\u00a02013. aastal, peale Aasta Kodu Kaunima Aiaruumi \u00a0preemia p\u00e4lvimist, s\u00f6andasin kaua k\u00fcpsenud unistuse teostamisega algust teha. 2015. aastal l\u00f5petasin <a class=\"read-more\" href=\"https:\/\/delaila.ee\/haljastus\/minust\/\">Loe edasi&#8230;<\/a><\/p>\n","protected":false},"author":1,"featured_media":0,"parent":0,"menu_order":2,"comment_status":"closed","ping_status":"closed","template":"template-full-width.php","meta":{"_exactmetrics_skip_tracking":false,"_exactmetrics_sitenote_active":false,"_exactmetrics_sitenote_note":"","_exactmetrics_sitenote_category":0,"footnotes":""},"class_list":["post-2","page","type-page","status-publish","hentry"],"yoast_head":"<!-- This site is optimized with the Yoast SEO plugin v26.6 - https:\/\/yoast.com\/wordpress\/plugins\/seo\/ -->\n<title>Minust - Delaila O&Uuml;<\/title>\n<meta name=\"robots\" content=\"index, follow, max-snippet:-1, max-image-preview:large, max-video-preview:-1\" \/>\n<link rel=\"canonical\" href=\"https:\/\/delaila.ee\/haljastus\/minust\/\" \/>\n<meta property=\"og:locale\" content=\"en_US\" \/>\n<meta property=\"og:type\" content=\"article\" \/>\n<meta property=\"og:title\" content=\"Minust - Delaila O&Uuml;\" \/>\n<meta property=\"og:description\" content=\"Saame tuttavaks! Minu nimi on Laila. Huvi taimede ja aianduse vastu sai alguse ligi 15 aastat tagasi &#8211; toona korteris elades kasvatasin toataimi ja katsetasin suviti r\u00f5duaiandusega. Hiljem pakkus v\u00e4ljakutseid oma majaga kaasnev piisavalt ruumikas krunt. Kuid\u00a0alles\u00a02013. aastal, peale Aasta Kodu Kaunima Aiaruumi \u00a0preemia p\u00e4lvimist, s\u00f6andasin kaua k\u00fcpsenud unistuse teostamisega algust teha. 2015. aastal l\u00f5petasin Loe edasi...\" \/>\n<meta property=\"og:url\" content=\"https:\/\/delaila.ee\/haljastus\/minust\/\" \/>\n<meta property=\"og:site_name\" content=\"Delaila O&Uuml;\" \/>\n<meta property=\"article:modified_time\" content=\"2023-03-05T10:38:19+00:00\" \/>\n<meta property=\"og:image\" content=\"https:\/\/delaila.ee\/haljastus\/wp-content\/uploads\/2014\/11\/minust-683x1024.jpg\" \/>\n<meta name=\"twitter:card\" content=\"summary_large_image\" \/>\n<meta name=\"twitter:label1\" content=\"Est. reading time\" \/>\n\t<meta name=\"twitter:data1\" content=\"2 minutes\" \/>\n<script type=\"application\/ld+json\" class=\"yoast-schema-graph\">{\"@context\":\"https:\/\/schema.org\",\"@graph\":[{\"@type\":\"WebPage\",\"@id\":\"https:\/\/delaila.ee\/haljastus\/minust\/\",\"url\":\"https:\/\/delaila.ee\/haljastus\/minust\/\",\"name\":\"Minust - Delaila O&Uuml;\",\"isPartOf\":{\"@id\":\"https:\/\/delaila.ee\/haljastus\/#website\"},\"primaryImageOfPage\":{\"@id\":\"https:\/\/delaila.ee\/haljastus\/minust\/#primaryimage\"},\"image\":{\"@id\":\"https:\/\/delaila.ee\/haljastus\/minust\/#primaryimage\"},\"thumbnailUrl\":\"https:\/\/delaila.ee\/haljastus\/wp-content\/uploads\/2014\/11\/minust-683x1024.jpg\",\"datePublished\":\"2014-11-12T23:32:59+00:00\",\"dateModified\":\"2023-03-05T10:38:19+00:00\",\"breadcrumb\":{\"@id\":\"https:\/\/delaila.ee\/haljastus\/minust\/#breadcrumb\"},\"inLanguage\":\"en\",\"potentialAction\":[{\"@type\":\"ReadAction\",\"target\":[\"https:\/\/delaila.ee\/haljastus\/minust\/\"]}]},{\"@type\":\"ImageObject\",\"inLanguage\":\"en\",\"@id\":\"https:\/\/delaila.ee\/haljastus\/minust\/#primaryimage\",\"url\":\"https:\/\/delaila.ee\/haljastus\/wp-content\/uploads\/2014\/11\/minust.jpg\",\"contentUrl\":\"https:\/\/delaila.ee\/haljastus\/wp-content\/uploads\/2014\/11\/minust.jpg\",\"width\":2520,\"height\":3780},{\"@type\":\"BreadcrumbList\",\"@id\":\"https:\/\/delaila.ee\/haljastus\/minust\/#breadcrumb\",\"itemListElement\":[{\"@type\":\"ListItem\",\"position\":1,\"name\":\"Home\",\"item\":\"https:\/\/delaila.ee\/haljastus\/\"},{\"@type\":\"ListItem\",\"position\":2,\"name\":\"Minust\"}]},{\"@type\":\"WebSite\",\"@id\":\"https:\/\/delaila.ee\/haljastus\/#website\",\"url\":\"https:\/\/delaila.ee\/haljastus\/\",\"name\":\"Delaila O&Uuml;\",\"description\":\"Dendroloogia ja aiakujundus\",\"potentialAction\":[{\"@type\":\"SearchAction\",\"target\":{\"@type\":\"EntryPoint\",\"urlTemplate\":\"https:\/\/delaila.ee\/haljastus\/?s={search_term_string}\"},\"query-input\":{\"@type\":\"PropertyValueSpecification\",\"valueRequired\":true,\"valueName\":\"search_term_string\"}}],\"inLanguage\":\"en\"}]}<\/script>\n<!-- \/ Yoast SEO plugin. -->","yoast_head_json":{"title":"Minust - Delaila O&Uuml;","robots":{"index":"index","follow":"follow","max-snippet":"max-snippet:-1","max-image-preview":"max-image-preview:large","max-video-preview":"max-video-preview:-1"},"canonical":"https:\/\/delaila.ee\/haljastus\/minust\/","og_locale":"en_US","og_type":"article","og_title":"Minust - Delaila O&Uuml;","og_description":"Saame tuttavaks! Minu nimi on Laila. Huvi taimede ja aianduse vastu sai alguse ligi 15 aastat tagasi &#8211; toona korteris elades kasvatasin toataimi ja katsetasin suviti r\u00f5duaiandusega. Hiljem pakkus v\u00e4ljakutseid oma majaga kaasnev piisavalt ruumikas krunt. Kuid\u00a0alles\u00a02013. aastal, peale Aasta Kodu Kaunima Aiaruumi \u00a0preemia p\u00e4lvimist, s\u00f6andasin kaua k\u00fcpsenud unistuse teostamisega algust teha. 2015. aastal l\u00f5petasin Loe edasi...","og_url":"https:\/\/delaila.ee\/haljastus\/minust\/","og_site_name":"Delaila O&Uuml;","article_modified_time":"2023-03-05T10:38:19+00:00","og_image":[{"url":"https:\/\/delaila.ee\/haljastus\/wp-content\/uploads\/2014\/11\/minust-683x1024.jpg","type":"","width":"","height":""}],"twitter_card":"summary_large_image","twitter_misc":{"Est. reading time":"2 minutes"},"schema":{"@context":"https:\/\/schema.org","@graph":[{"@type":"WebPage","@id":"https:\/\/delaila.ee\/haljastus\/minust\/","url":"https:\/\/delaila.ee\/haljastus\/minust\/","name":"Minust - Delaila O&Uuml;","isPartOf":{"@id":"https:\/\/delaila.ee\/haljastus\/#website"},"primaryImageOfPage":{"@id":"https:\/\/delaila.ee\/haljastus\/minust\/#primaryimage"},"image":{"@id":"https:\/\/delaila.ee\/haljastus\/minust\/#primaryimage"},"thumbnailUrl":"https:\/\/delaila.ee\/haljastus\/wp-content\/uploads\/2014\/11\/minust-683x1024.jpg","datePublished":"2014-11-12T23:32:59+00:00","dateModified":"2023-03-05T10:38:19+00:00","breadcrumb":{"@id":"https:\/\/delaila.ee\/haljastus\/minust\/#breadcrumb"},"inLanguage":"en","potentialAction":[{"@type":"ReadAction","target":["https:\/\/delaila.ee\/haljastus\/minust\/"]}]},{"@type":"ImageObject","inLanguage":"en","@id":"https:\/\/delaila.ee\/haljastus\/minust\/#primaryimage","url":"https:\/\/delaila.ee\/haljastus\/wp-content\/uploads\/2014\/11\/minust.jpg","contentUrl":"https:\/\/delaila.ee\/haljastus\/wp-content\/uploads\/2014\/11\/minust.jpg","width":2520,"height":3780},{"@type":"BreadcrumbList","@id":"https:\/\/delaila.ee\/haljastus\/minust\/#breadcrumb","itemListElement":[{"@type":"ListItem","position":1,"name":"Home","item":"https:\/\/delaila.ee\/haljastus\/"},{"@type":"ListItem","position":2,"name":"Minust"}]},{"@type":"WebSite","@id":"https:\/\/delaila.ee\/haljastus\/#website","url":"https:\/\/delaila.ee\/haljastus\/","name":"Delaila O&Uuml;","description":"Dendroloogia ja aiakujundus","potentialAction":[{"@type":"SearchAction","target":{"@type":"EntryPoint","urlTemplate":"https:\/\/delaila.ee\/haljastus\/?s={search_term_string}"},"query-input":{"@type":"PropertyValueSpecification","valueRequired":true,"valueName":"search_term_string"}}],"inLanguage":"en"}]}},"_links":{"self":[{"href":"https:\/\/delaila.ee\/haljastus\/wp-json\/wp\/v2\/pages\/2","targetHints":{"allow":["GET"]}}],"collection":[{"href":"https:\/\/delaila.ee\/haljastus\/wp-json\/wp\/v2\/pages"}],"about":[{"href":"https:\/\/delaila.ee\/haljastus\/wp-json\/wp\/v2\/types\/page"}],"author":[{"embeddable":true,"href":"https:\/\/delaila.ee\/haljastus\/wp-json\/wp\/v2\/users\/1"}],"replies":[{"embeddable":true,"href":"https:\/\/delaila.ee\/haljastus\/wp-json\/wp\/v2\/comments?post=2"}],"version-history":[{"count":45,"href":"https:\/\/delaila.ee\/haljastus\/wp-json\/wp\/v2\/pages\/2\/revisions"}],"predecessor-version":[{"id":1272,"href":"https:\/\/delaila.ee\/haljastus\/wp-json\/wp\/v2\/pages\/2\/revisions\/1272"}],"wp:attachment":[{"href":"https:\/\/delaila.ee\/haljastus\/wp-json\/wp\/v2\/media?parent=2"}],"curies":[{"name":"wp","href":"https:\/\/api.w.org\/{rel}","templated":true}]}}