{"id":1238,"date":"2023-03-05T09:05:49","date_gmt":"2023-03-05T09:05:49","guid":{"rendered":"https:\/\/delaila.ee\/haljastus\/?page_id=1238"},"modified":"2024-03-04T11:58:02","modified_gmt":"2024-03-04T11:58:02","slug":"blogi","status":"publish","type":"page","link":"https:\/\/delaila.ee\/haljastus\/blogi\/","title":{"rendered":"BLOGI"},"content":{"rendered":"\n<h2><strong>Millal on viljapuude l\u00f5ikamiseks parim aeg?<\/strong><\/h2>\n<p><a href=\"https:\/\/delaila.ee\/haljastus\/wp-content\/uploads\/2024\/03\/2-enne-20190324_135852-scaled-e1709553062877.jpg\" rel=\"lightbox[1238]\"><img loading=\"lazy\" decoding=\"async\" class=\"wp-image-1370  alignleft\" src=\"https:\/\/delaila.ee\/haljastus\/wp-content\/uploads\/2024\/03\/2-enne-20190324_135852-scaled-e1709553062877-225x300.jpg\" alt=\"\" width=\"196\" height=\"261\" srcset=\"https:\/\/delaila.ee\/haljastus\/wp-content\/uploads\/2024\/03\/2-enne-20190324_135852-scaled-e1709553062877-225x300.jpg 225w, https:\/\/delaila.ee\/haljastus\/wp-content\/uploads\/2024\/03\/2-enne-20190324_135852-scaled-e1709553062877-768x1024.jpg 768w, https:\/\/delaila.ee\/haljastus\/wp-content\/uploads\/2024\/03\/2-enne-20190324_135852-scaled-e1709553062877-1152x1536.jpg 1152w, https:\/\/delaila.ee\/haljastus\/wp-content\/uploads\/2024\/03\/2-enne-20190324_135852-scaled-e1709553062877-1536x2048.jpg 1536w, https:\/\/delaila.ee\/haljastus\/wp-content\/uploads\/2024\/03\/2-enne-20190324_135852-scaled-e1709553062877.jpg 1920w\" sizes=\"auto, (max-width: 196px) 100vw, 196px\" \/><\/a>Viljapuid v\u00f5ib l\u00f5igata nii varakevadel, kergete miinuskraadide v\u00f5i juba plusskraadide saabumisest kuni pungade puhkemiseni kui ka suvel, peale lehtede t\u00e4iskasvamist. Nagu elus ikka kipub olema, siis kummalgi aastaajal on oma eelised ja miinused.<\/p>\n<p><span style=\"color: #008000;\"><strong>Viljapuude l\u00f5ikamine kevadel<\/strong> <\/span>sobib eelk\u00f5ige noorte puude korral okste sobivasse kohta ja suunda juhtimiseks ja seega nende v\u00f5ra kujundamiseks (kujundusl\u00f5ikus). Samuti pikka aega hooldamata puudele esimeseks p\u00f5hil\u00f5ikuseks eelk\u00f5ige seet\u00f5ttu, et v\u00f5ra struktuur on paremini vaadeldav (hooldusl\u00f5ikus) ning ka puu toitainete varude kaotus on k\u00f5ige v\u00e4iksem (kuna need on talveks juurtesse tallele pandud). Ka siis kui soovime vanemal puul ergutada v\u00f5rsete kasvu, on kevadine l\u00f5ikamine selleks sobivaim.<\/p>\n<p>Samas, luuviljaliste (kirsi- ja ploomipuud) korral tuleb olla hoolikas \u00f5ige l\u00f5ikusehetke tabamisega, sest nendel algab kevadine mahlajooks juba oluliselt varem.<\/p>\n<p>Kevadise l\u00f5ikamise miinuseks on (tugeva l\u00f5ikuse korral) puu reageerimine ohtrate vesiv\u00f5sude kasvatamisega, mida on usinal aiapidajal siiski lihtne juuli alguses ilma l\u00f5ikamata eemaldada. Samuti j\u00e4\u00e4vad kevadised suuremad l\u00f5ikehaavad pikemaks ajaks avatuna ootele.<\/p>\n<p><span style=\"color: #008000;\"><strong><img loading=\"lazy\" decoding=\"async\" class=\"alignright wp-image-1088 \" src=\"https:\/\/delaila.ee\/haljastus\/wp-content\/uploads\/2023\/03\/Kirsid-puul-scaled-e1677934140211.jpg\" alt=\"\" width=\"288\" height=\"216\" srcset=\"https:\/\/delaila.ee\/haljastus\/wp-content\/uploads\/2023\/03\/Kirsid-puul-scaled-e1677934140211.jpg 640w, https:\/\/delaila.ee\/haljastus\/wp-content\/uploads\/2023\/03\/Kirsid-puul-scaled-e1677934140211-300x225.jpg 300w\" sizes=\"auto, (max-width: 288px) 100vw, 288px\" \/>Suvisel viljapuude l\u00f5ikusel <\/strong><\/span>tekib vesiv\u00f5susid minimaalselt v\u00f5i oluliselt v\u00e4hem kuna puu on ametis viljade kasvatamisega ja v\u00f5ra taastamisele tal energiat enam nii palju ei j\u00e4tku. Kui viljapuud on varem j\u00e4rjepidevalt kujundatud, siis tasubki regulaarne hooldusl\u00f5ikus j\u00e4tta suvisesse perioodi. Niimoodi parandame v\u00f5ra valgustingimusi ja kasvav saak v\u00e4rvub paremini, soodustame j\u00e4rgmiseks aastaks tugevate \u00f5iepungade kasvu, ka l\u00f5ikehaavad kasvavad kasvuperioodil kiiremini kinni. Luuviljalised tulevad samuti suvisele l\u00f5ikusega paremini toime.<\/p>\n<p>Kui eelmisel suvel j\u00e4id vesiv\u00f5sud eemaldamata, siis neidki on parem j\u00e4rgneval suvel l\u00f5igata, et v\u00e4ltida tuleval kevadel uute v\u00f5rsete j\u00e4rjekordset vohamist.<\/p>\n<p>Suvise l\u00f5ikuse miinusena saab v\u00e4lja tuua selle, et l\u00f5ikuse k\u00e4igus eemaldame v\u00f5ras toimetades ka viljadega oksi ning saak v\u00f5ib tulla v\u00e4iksem (samas nt \u00f5unapuude puhul on viljahakatsite harvendamine enamasti pigm kasuks). Lisaks on suvel \u00f5ige l\u00f5ikusilma tabamisega palju tegemist &#8211; k\u00fcll on palav, siis j\u00e4lle vihmane \ud83d\ude42<\/p>\n<p>Kokkuv\u00f5ttes saab \u00f6elda, et igale puule on olemas sobivaim l\u00f5ikusaeg, mille aitab v\u00e4lja selgitada koolitatud ja kogenud spetsialist!<\/p>\n<h5><span style=\"color: #993366;\"><strong>Pakun kuni 3 meetri k\u00f5rguste viljapuude l\u00f5ikusteenust Harjumaal, Raplamaal ja L\u00e4\u00e4nemaal. <br \/>Hind on 50 eurot tund, min hind 100 eurot (km ei lisandu, v\u00e4ljaspool Tallinna linna ja Harku valda lisanduvad s\u00f5idukulud). Rohkem infot\u00a0 leiad<\/strong> <a style=\"color: #993366;\" href=\"https:\/\/delaila.ee\/haljastus\/viljapuude_loikamine\/\">SIIT<\/a>.<\/span><\/h5>\n<p>\u00a0<\/p>\n<p>\u00a0<\/p>\n<p>\u00a0<\/p>\n<h3>\u00a0<\/h3>\n","protected":false},"excerpt":{"rendered":"<p>Millal on viljapuude l\u00f5ikamiseks parim aeg? Viljapuid v\u00f5ib l\u00f5igata nii varakevadel, kergete miinuskraadide v\u00f5i juba plusskraadide saabumisest kuni pungade puhkemiseni kui ka suvel, peale lehtede t\u00e4iskasvamist. Nagu elus ikka kipub olema, siis kummalgi aastaajal on oma eelised ja miinused. Viljapuude l\u00f5ikamine kevadel sobib eelk\u00f5ige noorte puude korral okste sobivasse kohta ja suunda juhtimiseks ja seega <a class=\"read-more\" href=\"https:\/\/delaila.ee\/haljastus\/blogi\/\">Loe edasi&#8230;<\/a><\/p>\n","protected":false},"author":1,"featured_media":0,"parent":0,"menu_order":0,"comment_status":"closed","ping_status":"closed","template":"","meta":{"_exactmetrics_skip_tracking":false,"_exactmetrics_sitenote_active":false,"_exactmetrics_sitenote_note":"","_exactmetrics_sitenote_category":0,"footnotes":""},"class_list":["post-1238","page","type-page","status-publish","hentry"],"yoast_head":"<!-- This site is optimized with the Yoast SEO plugin v26.6 - https:\/\/yoast.com\/wordpress\/plugins\/seo\/ -->\n<title>BLOGI - Delaila O&Uuml;<\/title>\n<meta name=\"robots\" content=\"index, follow, max-snippet:-1, max-image-preview:large, max-video-preview:-1\" \/>\n<link rel=\"canonical\" href=\"https:\/\/delaila.ee\/haljastus\/blogi\/\" \/>\n<meta property=\"og:locale\" content=\"en_US\" \/>\n<meta property=\"og:type\" content=\"article\" \/>\n<meta property=\"og:title\" content=\"BLOGI - Delaila O&Uuml;\" \/>\n<meta property=\"og:description\" content=\"Millal on viljapuude l\u00f5ikamiseks parim aeg? Viljapuid v\u00f5ib l\u00f5igata nii varakevadel, kergete miinuskraadide v\u00f5i juba plusskraadide saabumisest kuni pungade puhkemiseni kui ka suvel, peale lehtede t\u00e4iskasvamist. Nagu elus ikka kipub olema, siis kummalgi aastaajal on oma eelised ja miinused. Viljapuude l\u00f5ikamine kevadel sobib eelk\u00f5ige noorte puude korral okste sobivasse kohta ja suunda juhtimiseks ja seega Loe edasi...\" \/>\n<meta property=\"og:url\" content=\"https:\/\/delaila.ee\/haljastus\/blogi\/\" \/>\n<meta property=\"og:site_name\" content=\"Delaila O&Uuml;\" \/>\n<meta property=\"article:modified_time\" content=\"2024-03-04T11:58:02+00:00\" \/>\n<meta property=\"og:image\" content=\"https:\/\/delaila.ee\/haljastus\/wp-content\/uploads\/2024\/03\/2-enne-20190324_135852-scaled-e1709553062877-225x300.jpg\" \/>\n<meta name=\"twitter:card\" content=\"summary_large_image\" \/>\n<meta name=\"twitter:label1\" content=\"Est. reading time\" \/>\n\t<meta name=\"twitter:data1\" content=\"2 minutes\" \/>\n<script type=\"application\/ld+json\" class=\"yoast-schema-graph\">{\"@context\":\"https:\/\/schema.org\",\"@graph\":[{\"@type\":\"WebPage\",\"@id\":\"https:\/\/delaila.ee\/haljastus\/blogi\/\",\"url\":\"https:\/\/delaila.ee\/haljastus\/blogi\/\",\"name\":\"BLOGI - Delaila O&Uuml;\",\"isPartOf\":{\"@id\":\"https:\/\/delaila.ee\/haljastus\/#website\"},\"primaryImageOfPage\":{\"@id\":\"https:\/\/delaila.ee\/haljastus\/blogi\/#primaryimage\"},\"image\":{\"@id\":\"https:\/\/delaila.ee\/haljastus\/blogi\/#primaryimage\"},\"thumbnailUrl\":\"https:\/\/delaila.ee\/haljastus\/wp-content\/uploads\/2024\/03\/2-enne-20190324_135852-scaled-e1709553062877-225x300.jpg\",\"datePublished\":\"2023-03-05T09:05:49+00:00\",\"dateModified\":\"2024-03-04T11:58:02+00:00\",\"breadcrumb\":{\"@id\":\"https:\/\/delaila.ee\/haljastus\/blogi\/#breadcrumb\"},\"inLanguage\":\"en\",\"potentialAction\":[{\"@type\":\"ReadAction\",\"target\":[\"https:\/\/delaila.ee\/haljastus\/blogi\/\"]}]},{\"@type\":\"ImageObject\",\"inLanguage\":\"en\",\"@id\":\"https:\/\/delaila.ee\/haljastus\/blogi\/#primaryimage\",\"url\":\"https:\/\/delaila.ee\/haljastus\/wp-content\/uploads\/2024\/03\/2-enne-20190324_135852-scaled-e1709553062877.jpg\",\"contentUrl\":\"https:\/\/delaila.ee\/haljastus\/wp-content\/uploads\/2024\/03\/2-enne-20190324_135852-scaled-e1709553062877.jpg\",\"width\":1920,\"height\":2560},{\"@type\":\"BreadcrumbList\",\"@id\":\"https:\/\/delaila.ee\/haljastus\/blogi\/#breadcrumb\",\"itemListElement\":[{\"@type\":\"ListItem\",\"position\":1,\"name\":\"Home\",\"item\":\"https:\/\/delaila.ee\/haljastus\/\"},{\"@type\":\"ListItem\",\"position\":2,\"name\":\"BLOGI\"}]},{\"@type\":\"WebSite\",\"@id\":\"https:\/\/delaila.ee\/haljastus\/#website\",\"url\":\"https:\/\/delaila.ee\/haljastus\/\",\"name\":\"Delaila O&Uuml;\",\"description\":\"Dendroloogia ja aiakujundus\",\"potentialAction\":[{\"@type\":\"SearchAction\",\"target\":{\"@type\":\"EntryPoint\",\"urlTemplate\":\"https:\/\/delaila.ee\/haljastus\/?s={search_term_string}\"},\"query-input\":{\"@type\":\"PropertyValueSpecification\",\"valueRequired\":true,\"valueName\":\"search_term_string\"}}],\"inLanguage\":\"en\"}]}<\/script>\n<!-- \/ Yoast SEO plugin. -->","yoast_head_json":{"title":"BLOGI - Delaila O&Uuml;","robots":{"index":"index","follow":"follow","max-snippet":"max-snippet:-1","max-image-preview":"max-image-preview:large","max-video-preview":"max-video-preview:-1"},"canonical":"https:\/\/delaila.ee\/haljastus\/blogi\/","og_locale":"en_US","og_type":"article","og_title":"BLOGI - Delaila O&Uuml;","og_description":"Millal on viljapuude l\u00f5ikamiseks parim aeg? Viljapuid v\u00f5ib l\u00f5igata nii varakevadel, kergete miinuskraadide v\u00f5i juba plusskraadide saabumisest kuni pungade puhkemiseni kui ka suvel, peale lehtede t\u00e4iskasvamist. Nagu elus ikka kipub olema, siis kummalgi aastaajal on oma eelised ja miinused. Viljapuude l\u00f5ikamine kevadel sobib eelk\u00f5ige noorte puude korral okste sobivasse kohta ja suunda juhtimiseks ja seega Loe edasi...","og_url":"https:\/\/delaila.ee\/haljastus\/blogi\/","og_site_name":"Delaila O&Uuml;","article_modified_time":"2024-03-04T11:58:02+00:00","og_image":[{"url":"https:\/\/delaila.ee\/haljastus\/wp-content\/uploads\/2024\/03\/2-enne-20190324_135852-scaled-e1709553062877-225x300.jpg","type":"","width":"","height":""}],"twitter_card":"summary_large_image","twitter_misc":{"Est. reading time":"2 minutes"},"schema":{"@context":"https:\/\/schema.org","@graph":[{"@type":"WebPage","@id":"https:\/\/delaila.ee\/haljastus\/blogi\/","url":"https:\/\/delaila.ee\/haljastus\/blogi\/","name":"BLOGI - Delaila O&Uuml;","isPartOf":{"@id":"https:\/\/delaila.ee\/haljastus\/#website"},"primaryImageOfPage":{"@id":"https:\/\/delaila.ee\/haljastus\/blogi\/#primaryimage"},"image":{"@id":"https:\/\/delaila.ee\/haljastus\/blogi\/#primaryimage"},"thumbnailUrl":"https:\/\/delaila.ee\/haljastus\/wp-content\/uploads\/2024\/03\/2-enne-20190324_135852-scaled-e1709553062877-225x300.jpg","datePublished":"2023-03-05T09:05:49+00:00","dateModified":"2024-03-04T11:58:02+00:00","breadcrumb":{"@id":"https:\/\/delaila.ee\/haljastus\/blogi\/#breadcrumb"},"inLanguage":"en","potentialAction":[{"@type":"ReadAction","target":["https:\/\/delaila.ee\/haljastus\/blogi\/"]}]},{"@type":"ImageObject","inLanguage":"en","@id":"https:\/\/delaila.ee\/haljastus\/blogi\/#primaryimage","url":"https:\/\/delaila.ee\/haljastus\/wp-content\/uploads\/2024\/03\/2-enne-20190324_135852-scaled-e1709553062877.jpg","contentUrl":"https:\/\/delaila.ee\/haljastus\/wp-content\/uploads\/2024\/03\/2-enne-20190324_135852-scaled-e1709553062877.jpg","width":1920,"height":2560},{"@type":"BreadcrumbList","@id":"https:\/\/delaila.ee\/haljastus\/blogi\/#breadcrumb","itemListElement":[{"@type":"ListItem","position":1,"name":"Home","item":"https:\/\/delaila.ee\/haljastus\/"},{"@type":"ListItem","position":2,"name":"BLOGI"}]},{"@type":"WebSite","@id":"https:\/\/delaila.ee\/haljastus\/#website","url":"https:\/\/delaila.ee\/haljastus\/","name":"Delaila O&Uuml;","description":"Dendroloogia ja aiakujundus","potentialAction":[{"@type":"SearchAction","target":{"@type":"EntryPoint","urlTemplate":"https:\/\/delaila.ee\/haljastus\/?s={search_term_string}"},"query-input":{"@type":"PropertyValueSpecification","valueRequired":true,"valueName":"search_term_string"}}],"inLanguage":"en"}]}},"_links":{"self":[{"href":"https:\/\/delaila.ee\/haljastus\/wp-json\/wp\/v2\/pages\/1238","targetHints":{"allow":["GET"]}}],"collection":[{"href":"https:\/\/delaila.ee\/haljastus\/wp-json\/wp\/v2\/pages"}],"about":[{"href":"https:\/\/delaila.ee\/haljastus\/wp-json\/wp\/v2\/types\/page"}],"author":[{"embeddable":true,"href":"https:\/\/delaila.ee\/haljastus\/wp-json\/wp\/v2\/users\/1"}],"replies":[{"embeddable":true,"href":"https:\/\/delaila.ee\/haljastus\/wp-json\/wp\/v2\/comments?post=1238"}],"version-history":[{"count":44,"href":"https:\/\/delaila.ee\/haljastus\/wp-json\/wp\/v2\/pages\/1238\/revisions"}],"predecessor-version":[{"id":1381,"href":"https:\/\/delaila.ee\/haljastus\/wp-json\/wp\/v2\/pages\/1238\/revisions\/1381"}],"wp:attachment":[{"href":"https:\/\/delaila.ee\/haljastus\/wp-json\/wp\/v2\/media?parent=1238"}],"curies":[{"name":"wp","href":"https:\/\/api.w.org\/{rel}","templated":true}]}}